{"id":525,"date":"2013-01-22T20:11:52","date_gmt":"2013-01-22T20:11:52","guid":{"rendered":"http:\/\/www.gyekenyes-szallasajanlo.hu\/?page_id=525"},"modified":"2018-06-27T14:46:04","modified_gmt":"2018-06-27T14:46:04","slug":"50-domov","status":"publish","type":"page","link":"https:\/\/www.gyekenyes-szallasajanlo.hu\/sk\/nasa-ponuka\/50-domov\/","title":{"rendered":"50-dom"},"content":{"rendered":"<p>Dvojpodla\u017en\u00fd, na pr\u00edzem\u00ed je k\u00fapel\u0148a, plne vybaven\u00e1 kuchi\u0148a (chladni\u010dka, mrazni\u010dka, mikrovln\u00e1 r\u00fara, plinov\u00fd spor\u00e1k, k\u00e1vovar).<\/p>\n<p>Predsieni je rozkladacia pohovka.<br \/>\nNa poschodi s\u00fa 3 izby. Velk\u00e1 izba z v\u00fdchladom na sazero s velk\u00fdm balk\u00f4nom. Franc\u00fazsk\u00e1 postel a jedno samostatn\u00e9 l\u00f4\u017eko. V druhej izbe je man\u017eelsk\u00e1 postel, atretej jedno samostatn\u00e9 l\u00f4\u017eko.<\/p>\n<p>Takte kapacita domu je maxim\u00e1lne 8 osob. Ka\u017edej izbe je tv. K Domu patria 2 leh\u00e1tka na opalovanie, z\u00e1hradn\u00e9 lavice, grill a \u010dln.<br \/>\nRyb\u00e1r: Hlbka vody 6-10m.<br \/>\nNa m\u00f4le sa nach\u00e1dza stojan na vdice a reflektor.<\/p>\n","protected":false},"excerpt":{"rendered":"<p>Dvojpodla\u017en\u00fd, na pr\u00edzem\u00ed je k\u00fapel\u0148a, plne vybaven\u00e1 kuchi\u0148a (chladni\u010dka, mrazni\u010dka, mikrovln\u00e1 r\u00fara, plinov\u00fd spor\u00e1k, k\u00e1vovar). Predsieni je rozkladacia pohovka. Na poschodi s\u00fa 3 izby. Velk\u00e1 izba z v\u00fdchladom na sazero s velk\u00fdm balk\u00f4nom. Franc\u00fazsk\u00e1 postel a jedno samostatn\u00e9 l\u00f4\u017eko. V &hellip; <a href=\"https:\/\/www.gyekenyes-szallasajanlo.hu\/sk\/nasa-ponuka\/50-domov\/\">Continue reading <span class=\"meta-nav\">&rarr;<\/span><\/a><\/p>\n","protected":false},"author":18,"featured_media":87,"parent":494,"menu_order":25,"comment_status":"open","ping_status":"closed","template":"","meta":{"footnotes":""},"class_list":["post-525","page","type-page","status-publish","has-post-thumbnail","hentry"],"yoast_head":"<!-- This site is optimized with the Yoast SEO plugin v26.7 - https:\/\/yoast.com\/wordpress\/plugins\/seo\/ -->\n<title>Gy\u00e9k\u00e9nyes sz\u00e1ll\u00e1saj\u00e1n\u00f3 - sz\u00e1ll\u00e1sok a gy\u00e9k\u00e9nyesi t\u00f3 partj\u00e1n<\/title>\n<meta name=\"description\" content=\"Ezen a honlapon t\u00e1j\u00e9koz\u00f3dhatnak a gy\u00e9k\u00e9nyesi t\u00f3r\u00f3l illetve a v\u00edzparti sz\u00e1ll\u00e1s lehet\u0151s\u00e9geinkr\u0151l. Itt seg\u00edts\u00e9get tal\u00e1lnak a horg\u00e1szh\u00e1zak, nyaral\u00f3k kiv\u00e1laszt\u00e1s\u00e1ban.\" \/>\n<meta name=\"robots\" content=\"index, follow, max-snippet:-1, max-image-preview:large, max-video-preview:-1\" \/>\n<link rel=\"canonical\" href=\"https:\/\/www.gyekenyes-szallasajanlo.hu\/sk\/nasa-ponuka\/50-domov\/\" \/>\n<meta name=\"twitter:label1\" content=\"Predpokladan\u00fd \u010das \u010d\u00edtania\" \/>\n\t<meta name=\"twitter:data1\" content=\"1 min\u00fata\" \/>\n<script type=\"application\/ld+json\" class=\"yoast-schema-graph\">{\"@context\":\"https:\/\/schema.org\",\"@graph\":[{\"@type\":\"WebPage\",\"@id\":\"https:\/\/www.gyekenyes-szallasajanlo.hu\/sk\/nasa-ponuka\/50-domov\/\",\"url\":\"https:\/\/www.gyekenyes-szallasajanlo.hu\/sk\/nasa-ponuka\/50-domov\/\",\"name\":\"Gy\u00e9k\u00e9nyes sz\u00e1ll\u00e1saj\u00e1n\u00f3 - sz\u00e1ll\u00e1sok a gy\u00e9k\u00e9nyesi t\u00f3 partj\u00e1n\",\"isPartOf\":{\"@id\":\"https:\/\/www.gyekenyes-szallasajanlo.hu\/#website\"},\"primaryImageOfPage\":{\"@id\":\"https:\/\/www.gyekenyes-szallasajanlo.hu\/sk\/nasa-ponuka\/50-domov\/#primaryimage\"},\"image\":{\"@id\":\"https:\/\/www.gyekenyes-szallasajanlo.hu\/sk\/nasa-ponuka\/50-domov\/#primaryimage\"},\"thumbnailUrl\":\"https:\/\/www.gyekenyes-szallasajanlo.hu\/files\/P1040291.jpg\",\"datePublished\":\"2013-01-22T20:11:52+00:00\",\"dateModified\":\"2018-06-27T14:46:04+00:00\",\"description\":\"Ezen a honlapon t\u00e1j\u00e9koz\u00f3dhatnak a gy\u00e9k\u00e9nyesi t\u00f3r\u00f3l illetve a v\u00edzparti sz\u00e1ll\u00e1s lehet\u0151s\u00e9geinkr\u0151l. Itt seg\u00edts\u00e9get tal\u00e1lnak a horg\u00e1szh\u00e1zak, nyaral\u00f3k kiv\u00e1laszt\u00e1s\u00e1ban.\",\"breadcrumb\":{\"@id\":\"https:\/\/www.gyekenyes-szallasajanlo.hu\/sk\/nasa-ponuka\/50-domov\/#breadcrumb\"},\"inLanguage\":\"sk-SK\",\"potentialAction\":[{\"@type\":\"ReadAction\",\"target\":[\"https:\/\/www.gyekenyes-szallasajanlo.hu\/sk\/nasa-ponuka\/50-domov\/\"]}]},{\"@type\":\"ImageObject\",\"inLanguage\":\"sk-SK\",\"@id\":\"https:\/\/www.gyekenyes-szallasajanlo.hu\/sk\/nasa-ponuka\/50-domov\/#primaryimage\",\"url\":\"https:\/\/www.gyekenyes-szallasajanlo.hu\/files\/P1040291.jpg\",\"contentUrl\":\"https:\/\/www.gyekenyes-szallasajanlo.hu\/files\/P1040291.jpg\",\"width\":1000,\"height\":750},{\"@type\":\"BreadcrumbList\",\"@id\":\"https:\/\/www.gyekenyes-szallasajanlo.hu\/sk\/nasa-ponuka\/50-domov\/#breadcrumb\",\"itemListElement\":[{\"@type\":\"ListItem\",\"position\":1,\"name\":\"Kezd\u0151lap\",\"item\":\"https:\/\/www.gyekenyes-szallasajanlo.hu\/\"},{\"@type\":\"ListItem\",\"position\":2,\"name\":\"Na\u0161a ponuka\",\"item\":\"https:\/\/www.gyekenyes-szallasajanlo.hu\/sk\/nasa-ponuka\/\"},{\"@type\":\"ListItem\",\"position\":3,\"name\":\"50-dom\"}]},{\"@type\":\"WebSite\",\"@id\":\"https:\/\/www.gyekenyes-szallasajanlo.hu\/#website\",\"url\":\"https:\/\/www.gyekenyes-szallasajanlo.hu\/\",\"name\":\"Gy\u00e9k\u00e9nyes sz\u00e1ll\u00e1saj\u00e1n\u00f3\",\"description\":\"Gy\u00e9k\u00e9nyes sz\u00e1ll\u00e1saj\u00e1n\u00f3\",\"potentialAction\":[{\"@type\":\"SearchAction\",\"target\":{\"@type\":\"EntryPoint\",\"urlTemplate\":\"https:\/\/www.gyekenyes-szallasajanlo.hu\/?s={search_term_string}\"},\"query-input\":{\"@type\":\"PropertyValueSpecification\",\"valueRequired\":true,\"valueName\":\"search_term_string\"}}],\"inLanguage\":\"sk-SK\"}]}<\/script>\n<!-- \/ Yoast SEO plugin. -->","yoast_head_json":{"title":"Gy\u00e9k\u00e9nyes sz\u00e1ll\u00e1saj\u00e1n\u00f3 - sz\u00e1ll\u00e1sok a gy\u00e9k\u00e9nyesi t\u00f3 partj\u00e1n","description":"Ezen a honlapon t\u00e1j\u00e9koz\u00f3dhatnak a gy\u00e9k\u00e9nyesi t\u00f3r\u00f3l illetve a v\u00edzparti sz\u00e1ll\u00e1s lehet\u0151s\u00e9geinkr\u0151l. Itt seg\u00edts\u00e9get tal\u00e1lnak a horg\u00e1szh\u00e1zak, nyaral\u00f3k kiv\u00e1laszt\u00e1s\u00e1ban.","robots":{"index":"index","follow":"follow","max-snippet":"max-snippet:-1","max-image-preview":"max-image-preview:large","max-video-preview":"max-video-preview:-1"},"canonical":"https:\/\/www.gyekenyes-szallasajanlo.hu\/sk\/nasa-ponuka\/50-domov\/","twitter_misc":{"Predpokladan\u00fd \u010das \u010d\u00edtania":"1 min\u00fata"},"schema":{"@context":"https:\/\/schema.org","@graph":[{"@type":"WebPage","@id":"https:\/\/www.gyekenyes-szallasajanlo.hu\/sk\/nasa-ponuka\/50-domov\/","url":"https:\/\/www.gyekenyes-szallasajanlo.hu\/sk\/nasa-ponuka\/50-domov\/","name":"Gy\u00e9k\u00e9nyes sz\u00e1ll\u00e1saj\u00e1n\u00f3 - sz\u00e1ll\u00e1sok a gy\u00e9k\u00e9nyesi t\u00f3 partj\u00e1n","isPartOf":{"@id":"https:\/\/www.gyekenyes-szallasajanlo.hu\/#website"},"primaryImageOfPage":{"@id":"https:\/\/www.gyekenyes-szallasajanlo.hu\/sk\/nasa-ponuka\/50-domov\/#primaryimage"},"image":{"@id":"https:\/\/www.gyekenyes-szallasajanlo.hu\/sk\/nasa-ponuka\/50-domov\/#primaryimage"},"thumbnailUrl":"https:\/\/www.gyekenyes-szallasajanlo.hu\/files\/P1040291.jpg","datePublished":"2013-01-22T20:11:52+00:00","dateModified":"2018-06-27T14:46:04+00:00","description":"Ezen a honlapon t\u00e1j\u00e9koz\u00f3dhatnak a gy\u00e9k\u00e9nyesi t\u00f3r\u00f3l illetve a v\u00edzparti sz\u00e1ll\u00e1s lehet\u0151s\u00e9geinkr\u0151l. Itt seg\u00edts\u00e9get tal\u00e1lnak a horg\u00e1szh\u00e1zak, nyaral\u00f3k kiv\u00e1laszt\u00e1s\u00e1ban.","breadcrumb":{"@id":"https:\/\/www.gyekenyes-szallasajanlo.hu\/sk\/nasa-ponuka\/50-domov\/#breadcrumb"},"inLanguage":"sk-SK","potentialAction":[{"@type":"ReadAction","target":["https:\/\/www.gyekenyes-szallasajanlo.hu\/sk\/nasa-ponuka\/50-domov\/"]}]},{"@type":"ImageObject","inLanguage":"sk-SK","@id":"https:\/\/www.gyekenyes-szallasajanlo.hu\/sk\/nasa-ponuka\/50-domov\/#primaryimage","url":"https:\/\/www.gyekenyes-szallasajanlo.hu\/files\/P1040291.jpg","contentUrl":"https:\/\/www.gyekenyes-szallasajanlo.hu\/files\/P1040291.jpg","width":1000,"height":750},{"@type":"BreadcrumbList","@id":"https:\/\/www.gyekenyes-szallasajanlo.hu\/sk\/nasa-ponuka\/50-domov\/#breadcrumb","itemListElement":[{"@type":"ListItem","position":1,"name":"Kezd\u0151lap","item":"https:\/\/www.gyekenyes-szallasajanlo.hu\/"},{"@type":"ListItem","position":2,"name":"Na\u0161a ponuka","item":"https:\/\/www.gyekenyes-szallasajanlo.hu\/sk\/nasa-ponuka\/"},{"@type":"ListItem","position":3,"name":"50-dom"}]},{"@type":"WebSite","@id":"https:\/\/www.gyekenyes-szallasajanlo.hu\/#website","url":"https:\/\/www.gyekenyes-szallasajanlo.hu\/","name":"Gy\u00e9k\u00e9nyes sz\u00e1ll\u00e1saj\u00e1n\u00f3","description":"Gy\u00e9k\u00e9nyes sz\u00e1ll\u00e1saj\u00e1n\u00f3","potentialAction":[{"@type":"SearchAction","target":{"@type":"EntryPoint","urlTemplate":"https:\/\/www.gyekenyes-szallasajanlo.hu\/?s={search_term_string}"},"query-input":{"@type":"PropertyValueSpecification","valueRequired":true,"valueName":"search_term_string"}}],"inLanguage":"sk-SK"}]}},"_links":{"self":[{"href":"https:\/\/www.gyekenyes-szallasajanlo.hu\/sk\/wp-json\/wp\/v2\/pages\/525","targetHints":{"allow":["GET"]}}],"collection":[{"href":"https:\/\/www.gyekenyes-szallasajanlo.hu\/sk\/wp-json\/wp\/v2\/pages"}],"about":[{"href":"https:\/\/www.gyekenyes-szallasajanlo.hu\/sk\/wp-json\/wp\/v2\/types\/page"}],"author":[{"embeddable":true,"href":"https:\/\/www.gyekenyes-szallasajanlo.hu\/sk\/wp-json\/wp\/v2\/users\/18"}],"replies":[{"embeddable":true,"href":"https:\/\/www.gyekenyes-szallasajanlo.hu\/sk\/wp-json\/wp\/v2\/comments?post=525"}],"version-history":[{"count":0,"href":"https:\/\/www.gyekenyes-szallasajanlo.hu\/sk\/wp-json\/wp\/v2\/pages\/525\/revisions"}],"up":[{"embeddable":true,"href":"https:\/\/www.gyekenyes-szallasajanlo.hu\/sk\/wp-json\/wp\/v2\/pages\/494"}],"wp:featuredmedia":[{"embeddable":true,"href":"https:\/\/www.gyekenyes-szallasajanlo.hu\/sk\/wp-json\/wp\/v2\/media\/87"}],"wp:attachment":[{"href":"https:\/\/www.gyekenyes-szallasajanlo.hu\/sk\/wp-json\/wp\/v2\/media?parent=525"}],"curies":[{"name":"wp","href":"https:\/\/api.w.org\/{rel}","templated":true}]}}