{"id":517,"date":"2013-01-22T12:00:47","date_gmt":"2013-01-22T12:00:47","guid":{"rendered":"http:\/\/www.gyekenyes-szallasajanlo.hu\/?page_id=517"},"modified":"2018-06-27T14:43:51","modified_gmt":"2018-06-27T14:43:51","slug":"35-domov","status":"publish","type":"page","link":"https:\/\/www.gyekenyes-szallasajanlo.hu\/sk\/nasa-ponuka\/35-domov\/","title":{"rendered":"35-dom"},"content":{"rendered":"<p>Dvojpodla\u017en\u00fd, na pr\u00edzem\u00ed je k\u00fapel\u0148a, plne vybaven\u00e1 kuchi\u0148a (chladni\u010dka, mpazni\u010dka, mikrovln\u00e1 r\u00fara, plinov\u00fd spor\u00e1k, k\u00e1vovar)<\/p>\n<p>V predsieni sa nach\u00e1dza rozkladacia pohovka na poschodi s\u00fa 2 sp\u00e1lne, jedna zv\u00fdchl adom na jazero z balk\u00f4nom.\u00a0 Tej izbe je franc\u00fazka postel. Druhej izbe je man\u017eelsk\u00e1 postel a jedno samostatn\u00e9 l\u00f4\u017eko. Kapacite chaty max. 7 lvdi.<\/p>\n<p>Ka\u017edej izbe je tv a wifi.<\/p>\n<p>Dom je oddelen\u00ed barierov tak\u017ee dom\u00e1le zvierat\u00e1 samod\u017eu lahko zat\u00falat.<\/p>\n<p>Chate patria dve leh\u00e1tka na opalovanie, z\u00e1hradn\u00e9 lavice, grill, drevo a \u010dln.<\/p>\n","protected":false},"excerpt":{"rendered":"<p>Dvojpodla\u017en\u00fd, na pr\u00edzem\u00ed je k\u00fapel\u0148a, plne vybaven\u00e1 kuchi\u0148a (chladni\u010dka, mpazni\u010dka, mikrovln\u00e1 r\u00fara, plinov\u00fd spor\u00e1k, k\u00e1vovar) V predsieni sa nach\u00e1dza rozkladacia pohovka na poschodi s\u00fa 2 sp\u00e1lne, jedna zv\u00fdchl adom na jazero z balk\u00f4nom.\u00a0 Tej izbe je franc\u00fazka postel. Druhej izbe &hellip; <a href=\"https:\/\/www.gyekenyes-szallasajanlo.hu\/sk\/nasa-ponuka\/35-domov\/\">Continue reading <span class=\"meta-nav\">&rarr;<\/span><\/a><\/p>\n","protected":false},"author":18,"featured_media":648,"parent":494,"menu_order":24,"comment_status":"open","ping_status":"closed","template":"","meta":{"footnotes":""},"class_list":["post-517","page","type-page","status-publish","has-post-thumbnail","hentry"],"yoast_head":"<!-- This site is optimized with the Yoast SEO plugin v27.5 - https:\/\/yoast.com\/product\/yoast-seo-wordpress\/ -->\n<title>Gy\u00e9k\u00e9nyes sz\u00e1ll\u00e1saj\u00e1n\u00f3 - sz\u00e1ll\u00e1sok a gy\u00e9k\u00e9nyesi t\u00f3 partj\u00e1n<\/title>\n<meta name=\"description\" content=\"Ezen a honlapon t\u00e1j\u00e9koz\u00f3dhatnak a gy\u00e9k\u00e9nyesi t\u00f3r\u00f3l illetve a v\u00edzparti sz\u00e1ll\u00e1s lehet\u0151s\u00e9geinkr\u0151l. Itt seg\u00edts\u00e9get tal\u00e1lnak a horg\u00e1szh\u00e1zak, nyaral\u00f3k kiv\u00e1laszt\u00e1s\u00e1ban.\" \/>\n<meta name=\"robots\" content=\"index, follow, max-snippet:-1, max-image-preview:large, max-video-preview:-1\" \/>\n<link rel=\"canonical\" href=\"https:\/\/www.gyekenyes-szallasajanlo.hu\/ajanlatunk\/35-os-haz\/\" \/>\n<meta name=\"twitter:label1\" content=\"Predpokladan\u00fd \u010das \u010d\u00edtania\" \/>\n\t<meta name=\"twitter:data1\" content=\"1 min\u00fata\" \/>\n<script type=\"application\/ld+json\" class=\"yoast-schema-graph\">{\"@context\":\"https:\\\/\\\/schema.org\",\"@graph\":[{\"@type\":\"WebPage\",\"@id\":\"https:\\\/\\\/www.gyekenyes-szallasajanlo.hu\\\/ajanlatunk\\\/35-os-haz\\\/\",\"url\":\"https:\\\/\\\/www.gyekenyes-szallasajanlo.hu\\\/ajanlatunk\\\/35-os-haz\\\/\",\"name\":\"Gy\u00e9k\u00e9nyes sz\u00e1ll\u00e1saj\u00e1n\u00f3 - sz\u00e1ll\u00e1sok a gy\u00e9k\u00e9nyesi t\u00f3 partj\u00e1n\",\"isPartOf\":{\"@id\":\"https:\\\/\\\/www.gyekenyes-szallasajanlo.hu\\\/#website\"},\"primaryImageOfPage\":{\"@id\":\"https:\\\/\\\/www.gyekenyes-szallasajanlo.hu\\\/ajanlatunk\\\/35-os-haz\\\/#primaryimage\"},\"image\":{\"@id\":\"https:\\\/\\\/www.gyekenyes-szallasajanlo.hu\\\/ajanlatunk\\\/35-os-haz\\\/#primaryimage\"},\"thumbnailUrl\":\"https:\\\/\\\/www.gyekenyes-szallasajanlo.hu\\\/files\\\/P1020679.jpg\",\"datePublished\":\"2013-01-22T12:00:47+00:00\",\"dateModified\":\"2018-06-27T14:43:51+00:00\",\"description\":\"Ezen a honlapon t\u00e1j\u00e9koz\u00f3dhatnak a gy\u00e9k\u00e9nyesi t\u00f3r\u00f3l illetve a v\u00edzparti sz\u00e1ll\u00e1s lehet\u0151s\u00e9geinkr\u0151l. Itt seg\u00edts\u00e9get tal\u00e1lnak a horg\u00e1szh\u00e1zak, nyaral\u00f3k kiv\u00e1laszt\u00e1s\u00e1ban.\",\"breadcrumb\":{\"@id\":\"https:\\\/\\\/www.gyekenyes-szallasajanlo.hu\\\/ajanlatunk\\\/35-os-haz\\\/#breadcrumb\"},\"inLanguage\":\"sk-SK\",\"potentialAction\":[{\"@type\":\"ReadAction\",\"target\":[\"https:\\\/\\\/www.gyekenyes-szallasajanlo.hu\\\/ajanlatunk\\\/35-os-haz\\\/\"]}]},{\"@type\":\"ImageObject\",\"inLanguage\":\"sk-SK\",\"@id\":\"https:\\\/\\\/www.gyekenyes-szallasajanlo.hu\\\/ajanlatunk\\\/35-os-haz\\\/#primaryimage\",\"url\":\"https:\\\/\\\/www.gyekenyes-szallasajanlo.hu\\\/files\\\/P1020679.jpg\",\"contentUrl\":\"https:\\\/\\\/www.gyekenyes-szallasajanlo.hu\\\/files\\\/P1020679.jpg\",\"width\":1000,\"height\":1333},{\"@type\":\"BreadcrumbList\",\"@id\":\"https:\\\/\\\/www.gyekenyes-szallasajanlo.hu\\\/ajanlatunk\\\/35-os-haz\\\/#breadcrumb\",\"itemListElement\":[{\"@type\":\"ListItem\",\"position\":1,\"name\":\"Kezd\u0151lap\",\"item\":\"https:\\\/\\\/www.gyekenyes-szallasajanlo.hu\\\/\"},{\"@type\":\"ListItem\",\"position\":2,\"name\":\"Na\u0161a ponuka\",\"item\":\"https:\\\/\\\/www.gyekenyes-szallasajanlo.hu\\\/sk\\\/nasa-ponuka\\\/\"},{\"@type\":\"ListItem\",\"position\":3,\"name\":\"35-dom\"}]},{\"@type\":\"WebSite\",\"@id\":\"https:\\\/\\\/www.gyekenyes-szallasajanlo.hu\\\/#website\",\"url\":\"https:\\\/\\\/www.gyekenyes-szallasajanlo.hu\\\/\",\"name\":\"Gy\u00e9k\u00e9nyes sz\u00e1ll\u00e1saj\u00e1n\u00f3\",\"description\":\"Gy\u00e9k\u00e9nyes sz\u00e1ll\u00e1saj\u00e1n\u00f3\",\"potentialAction\":[{\"@type\":\"SearchAction\",\"target\":{\"@type\":\"EntryPoint\",\"urlTemplate\":\"https:\\\/\\\/www.gyekenyes-szallasajanlo.hu\\\/?s={search_term_string}\"},\"query-input\":{\"@type\":\"PropertyValueSpecification\",\"valueRequired\":true,\"valueName\":\"search_term_string\"}}],\"inLanguage\":\"sk-SK\"}]}<\/script>\n<!-- \/ Yoast SEO plugin. -->","yoast_head_json":{"title":"Gy\u00e9k\u00e9nyes sz\u00e1ll\u00e1saj\u00e1n\u00f3 - sz\u00e1ll\u00e1sok a gy\u00e9k\u00e9nyesi t\u00f3 partj\u00e1n","description":"Ezen a honlapon t\u00e1j\u00e9koz\u00f3dhatnak a gy\u00e9k\u00e9nyesi t\u00f3r\u00f3l illetve a v\u00edzparti sz\u00e1ll\u00e1s lehet\u0151s\u00e9geinkr\u0151l. Itt seg\u00edts\u00e9get tal\u00e1lnak a horg\u00e1szh\u00e1zak, nyaral\u00f3k kiv\u00e1laszt\u00e1s\u00e1ban.","robots":{"index":"index","follow":"follow","max-snippet":"max-snippet:-1","max-image-preview":"max-image-preview:large","max-video-preview":"max-video-preview:-1"},"canonical":"https:\/\/www.gyekenyes-szallasajanlo.hu\/ajanlatunk\/35-os-haz\/","twitter_misc":{"Predpokladan\u00fd \u010das \u010d\u00edtania":"1 min\u00fata"},"schema":{"@context":"https:\/\/schema.org","@graph":[{"@type":"WebPage","@id":"https:\/\/www.gyekenyes-szallasajanlo.hu\/ajanlatunk\/35-os-haz\/","url":"https:\/\/www.gyekenyes-szallasajanlo.hu\/ajanlatunk\/35-os-haz\/","name":"Gy\u00e9k\u00e9nyes sz\u00e1ll\u00e1saj\u00e1n\u00f3 - sz\u00e1ll\u00e1sok a gy\u00e9k\u00e9nyesi t\u00f3 partj\u00e1n","isPartOf":{"@id":"https:\/\/www.gyekenyes-szallasajanlo.hu\/#website"},"primaryImageOfPage":{"@id":"https:\/\/www.gyekenyes-szallasajanlo.hu\/ajanlatunk\/35-os-haz\/#primaryimage"},"image":{"@id":"https:\/\/www.gyekenyes-szallasajanlo.hu\/ajanlatunk\/35-os-haz\/#primaryimage"},"thumbnailUrl":"https:\/\/www.gyekenyes-szallasajanlo.hu\/files\/P1020679.jpg","datePublished":"2013-01-22T12:00:47+00:00","dateModified":"2018-06-27T14:43:51+00:00","description":"Ezen a honlapon t\u00e1j\u00e9koz\u00f3dhatnak a gy\u00e9k\u00e9nyesi t\u00f3r\u00f3l illetve a v\u00edzparti sz\u00e1ll\u00e1s lehet\u0151s\u00e9geinkr\u0151l. Itt seg\u00edts\u00e9get tal\u00e1lnak a horg\u00e1szh\u00e1zak, nyaral\u00f3k kiv\u00e1laszt\u00e1s\u00e1ban.","breadcrumb":{"@id":"https:\/\/www.gyekenyes-szallasajanlo.hu\/ajanlatunk\/35-os-haz\/#breadcrumb"},"inLanguage":"sk-SK","potentialAction":[{"@type":"ReadAction","target":["https:\/\/www.gyekenyes-szallasajanlo.hu\/ajanlatunk\/35-os-haz\/"]}]},{"@type":"ImageObject","inLanguage":"sk-SK","@id":"https:\/\/www.gyekenyes-szallasajanlo.hu\/ajanlatunk\/35-os-haz\/#primaryimage","url":"https:\/\/www.gyekenyes-szallasajanlo.hu\/files\/P1020679.jpg","contentUrl":"https:\/\/www.gyekenyes-szallasajanlo.hu\/files\/P1020679.jpg","width":1000,"height":1333},{"@type":"BreadcrumbList","@id":"https:\/\/www.gyekenyes-szallasajanlo.hu\/ajanlatunk\/35-os-haz\/#breadcrumb","itemListElement":[{"@type":"ListItem","position":1,"name":"Kezd\u0151lap","item":"https:\/\/www.gyekenyes-szallasajanlo.hu\/"},{"@type":"ListItem","position":2,"name":"Na\u0161a ponuka","item":"https:\/\/www.gyekenyes-szallasajanlo.hu\/sk\/nasa-ponuka\/"},{"@type":"ListItem","position":3,"name":"35-dom"}]},{"@type":"WebSite","@id":"https:\/\/www.gyekenyes-szallasajanlo.hu\/#website","url":"https:\/\/www.gyekenyes-szallasajanlo.hu\/","name":"Gy\u00e9k\u00e9nyes sz\u00e1ll\u00e1saj\u00e1n\u00f3","description":"Gy\u00e9k\u00e9nyes sz\u00e1ll\u00e1saj\u00e1n\u00f3","potentialAction":[{"@type":"SearchAction","target":{"@type":"EntryPoint","urlTemplate":"https:\/\/www.gyekenyes-szallasajanlo.hu\/?s={search_term_string}"},"query-input":{"@type":"PropertyValueSpecification","valueRequired":true,"valueName":"search_term_string"}}],"inLanguage":"sk-SK"}]}},"_links":{"self":[{"href":"https:\/\/www.gyekenyes-szallasajanlo.hu\/sk\/wp-json\/wp\/v2\/pages\/517","targetHints":{"allow":["GET"]}}],"collection":[{"href":"https:\/\/www.gyekenyes-szallasajanlo.hu\/sk\/wp-json\/wp\/v2\/pages"}],"about":[{"href":"https:\/\/www.gyekenyes-szallasajanlo.hu\/sk\/wp-json\/wp\/v2\/types\/page"}],"author":[{"embeddable":true,"href":"https:\/\/www.gyekenyes-szallasajanlo.hu\/sk\/wp-json\/wp\/v2\/users\/18"}],"replies":[{"embeddable":true,"href":"https:\/\/www.gyekenyes-szallasajanlo.hu\/sk\/wp-json\/wp\/v2\/comments?post=517"}],"version-history":[{"count":0,"href":"https:\/\/www.gyekenyes-szallasajanlo.hu\/sk\/wp-json\/wp\/v2\/pages\/517\/revisions"}],"up":[{"embeddable":true,"href":"https:\/\/www.gyekenyes-szallasajanlo.hu\/sk\/wp-json\/wp\/v2\/pages\/494"}],"wp:featuredmedia":[{"embeddable":true,"href":"https:\/\/www.gyekenyes-szallasajanlo.hu\/sk\/wp-json\/wp\/v2\/media\/648"}],"wp:attachment":[{"href":"https:\/\/www.gyekenyes-szallasajanlo.hu\/sk\/wp-json\/wp\/v2\/media?parent=517"}],"curies":[{"name":"wp","href":"https:\/\/api.w.org\/{rel}","templated":true}]}}