{"id":486,"date":"2013-01-19T13:32:08","date_gmt":"2013-01-19T13:32:08","guid":{"rendered":"http:\/\/www.gyekenyes-szallasajanlo.hu\/?page_id=486"},"modified":"2013-01-19T14:11:13","modified_gmt":"2013-01-19T14:11:13","slug":"gyekenyes-4","status":"publish","type":"page","link":"https:\/\/www.gyekenyes-szallasajanlo.hu\/sk\/gyekenyes-4\/","title":{"rendered":"Gy\u00e9k\u00e9nyes"},"content":{"rendered":"<p>&nbsp;<\/p>\n<p>Gy\u00e9k\u00e9nyes , je mal\u00e1 dedina v Somogyi tisic , obyvatelov, Ktory ma po z\u00e1slvhe sl\u00e1vnej banickej jazere.<\/p>\n<p>&nbsp;<\/p>\n<p>Uspech nie je zn\u00e1my k 340 \u00e1rov, kri\u0161t\u00e1lovo \u010distov vodov, legendr\u00e1rn\u00fdmi \u00falovkami, ale aj nedotknut\u00fdm kl\u00fadn\u00fdm provtredim, ktor\u00fd na prv\u00fd pohl\u00e1d ohromi cestovatelov.<\/p>\n<p>&nbsp;<\/p>\n<p>Gy\u00e9k\u00e9nyes je raj pre odpo\u010dinok a rekrea\u010dn\u00fd are\u00e1l pre celu rodinv.<\/p>\n<p>&nbsp;<\/p>\n<p>Mo\u017enosti rybolovu a pl\u00e1vania. Vr\u00e1tan\u00e9: potapania, v\u00fdlety k objavonaniu krajiny. Okrem toho sa kazdorocne konaju tradicn\u00e9 triathlon swimming v pl\u00e1vani.<\/p>\n<p>&nbsp;<\/p>\n<p>&nbsp;<\/p>\n<p>Gy\u00e9k\u00e9nyesi je tie\u017e v\u00fdznamn\u00e1 medzin\u00e1rodn\u00e1 \u017eelezni\u010dna stanica, ktor\u00e1 sp\u00e1ja hrani\u010dn\u00fd priechod v Transdanvibian\u00a0 Budapest \u2013 Zagreb \u2013 Rijeka trans.<\/p>\n<p>&nbsp;<\/p>\n<p>&nbsp;<\/p>\n<p><strong><span style=\"text-decoration: underline\">Gy\u00e9k\u00e9nyes historia<\/span><\/strong><\/p>\n<p>&nbsp;<\/p>\n<p>&nbsp;<\/p>\n<p>Gy\u00e9k\u00e9nyes bol prv\u00fd kr\u00e1t spomenut\u00fd v roku 1380. od . r. 1446 mal tento pozemok vizcer\u00fdch majitelov. Medzi nimi napriklad : L\u00e1szl\u00f3 Z\u00e1k\u00e1nyi, Szerdahelyi Istv\u00e1n , rodina Bathorie, Sz\u00e9ch\u00e9nyi Ferenc. Od Roku 1835 je tie\u017e majitelom rodina Zichy.<\/p>\n<p>&nbsp;<\/p>\n<p>Vroku 1859 zna\u010dn\u00e1 \u010dast obec vyhorela. Vroku 1872 z dielali not\u00e1rsk\u00e9 prile\u017eitosti spolu- Als\u00f3gy\u00e9k\u00e9nyes\u00a0 Fels\u0151gy\u00e9k\u00e9nyes, od desa\u0165 rokuv neskor sa tieto dva obce spojili a dostsli nazov Gy\u00e9k\u00e9nyes. \u017eelezni\u010dn\u00e1 trasa za\u010dzla prem\u00e1va\u0165 5. janu\u00e1ra 1870 a viedla a\u017e do Chorvatsk\u00e9ho hlavneho mestz.<\/p>\n<p>&nbsp;<\/p>\n<p>V roku 1907 dostala hodnos\u0165 ve\u013ekej dediny.<\/p>\n<p>&nbsp;<\/p>\n<p>V roku 1932 za\u010dali \u0165a\u017ei\u0165 \u0161trk, ktor\u00fd e\u0161te dodnes poskytvje \u017eivobytie pre mnob\u00fdch \u013eudi.<\/p>\n<p>&nbsp;<\/p>\n<p>V roku 1996 Gy\u00e9k\u00e9nyes a okolie boli vyhlasene za \u010dad\u0165 narodn\u00e9ho parku.<\/p>\n<p>&nbsp;<\/p>\n","protected":false},"excerpt":{"rendered":"<p>&nbsp; Gy\u00e9k\u00e9nyes , je mal\u00e1 dedina v Somogyi tisic , obyvatelov, Ktory ma po z\u00e1slvhe sl\u00e1vnej banickej jazere. &nbsp; Uspech nie je zn\u00e1my k 340 \u00e1rov, kri\u0161t\u00e1lovo \u010distov vodov, legendr\u00e1rn\u00fdmi \u00falovkami, ale aj nedotknut\u00fdm kl\u00fadn\u00fdm provtredim, ktor\u00fd na prv\u00fd pohl\u00e1d &hellip; <a href=\"https:\/\/www.gyekenyes-szallasajanlo.hu\/sk\/gyekenyes-4\/\">Continue reading <span class=\"meta-nav\">&rarr;<\/span><\/a><\/p>\n","protected":false},"author":18,"featured_media":0,"parent":0,"menu_order":29,"comment_status":"open","ping_status":"closed","template":"","meta":{"footnotes":""},"class_list":["post-486","page","type-page","status-publish","hentry"],"yoast_head":"<!-- This site is optimized with the Yoast SEO plugin v27.5 - https:\/\/yoast.com\/product\/yoast-seo-wordpress\/ -->\n<title>Gy\u00e9k\u00e9nyes sz\u00e1ll\u00e1saj\u00e1n\u00f3 - sz\u00e1ll\u00e1sok a gy\u00e9k\u00e9nyesi t\u00f3 partj\u00e1n<\/title>\n<meta name=\"description\" content=\"Ezen a honlapon t\u00e1j\u00e9koz\u00f3dhatnak a gy\u00e9k\u00e9nyesi t\u00f3r\u00f3l illetve a v\u00edzparti sz\u00e1ll\u00e1s lehet\u0151s\u00e9geinkr\u0151l. Itt seg\u00edts\u00e9get tal\u00e1lnak a horg\u00e1szh\u00e1zak, nyaral\u00f3k kiv\u00e1laszt\u00e1s\u00e1ban.\" \/>\n<meta name=\"robots\" content=\"index, follow, max-snippet:-1, max-image-preview:large, max-video-preview:-1\" \/>\n<link rel=\"canonical\" href=\"https:\/\/www.gyekenyes-szallasajanlo.hu\/gyekenyes\/\" \/>\n<meta name=\"twitter:label1\" content=\"Predpokladan\u00fd \u010das \u010d\u00edtania\" \/>\n\t<meta name=\"twitter:data1\" content=\"1 min\u00fata\" \/>\n<script type=\"application\/ld+json\" class=\"yoast-schema-graph\">{\"@context\":\"https:\\\/\\\/schema.org\",\"@graph\":[{\"@type\":\"WebPage\",\"@id\":\"https:\\\/\\\/www.gyekenyes-szallasajanlo.hu\\\/gyekenyes\\\/\",\"url\":\"https:\\\/\\\/www.gyekenyes-szallasajanlo.hu\\\/gyekenyes\\\/\",\"name\":\"Gy\u00e9k\u00e9nyes sz\u00e1ll\u00e1saj\u00e1n\u00f3 - sz\u00e1ll\u00e1sok a gy\u00e9k\u00e9nyesi t\u00f3 partj\u00e1n\",\"isPartOf\":{\"@id\":\"https:\\\/\\\/www.gyekenyes-szallasajanlo.hu\\\/#website\"},\"datePublished\":\"2013-01-19T13:32:08+00:00\",\"dateModified\":\"2013-01-19T14:11:13+00:00\",\"description\":\"Ezen a honlapon t\u00e1j\u00e9koz\u00f3dhatnak a gy\u00e9k\u00e9nyesi t\u00f3r\u00f3l illetve a v\u00edzparti sz\u00e1ll\u00e1s lehet\u0151s\u00e9geinkr\u0151l. Itt seg\u00edts\u00e9get tal\u00e1lnak a horg\u00e1szh\u00e1zak, nyaral\u00f3k kiv\u00e1laszt\u00e1s\u00e1ban.\",\"breadcrumb\":{\"@id\":\"https:\\\/\\\/www.gyekenyes-szallasajanlo.hu\\\/gyekenyes\\\/#breadcrumb\"},\"inLanguage\":\"sk-SK\",\"potentialAction\":[{\"@type\":\"ReadAction\",\"target\":[\"https:\\\/\\\/www.gyekenyes-szallasajanlo.hu\\\/gyekenyes\\\/\"]}]},{\"@type\":\"BreadcrumbList\",\"@id\":\"https:\\\/\\\/www.gyekenyes-szallasajanlo.hu\\\/gyekenyes\\\/#breadcrumb\",\"itemListElement\":[{\"@type\":\"ListItem\",\"position\":1,\"name\":\"Kezd\u0151lap\",\"item\":\"https:\\\/\\\/www.gyekenyes-szallasajanlo.hu\\\/\"},{\"@type\":\"ListItem\",\"position\":2,\"name\":\"Gy\u00e9k\u00e9nyes\"}]},{\"@type\":\"WebSite\",\"@id\":\"https:\\\/\\\/www.gyekenyes-szallasajanlo.hu\\\/#website\",\"url\":\"https:\\\/\\\/www.gyekenyes-szallasajanlo.hu\\\/\",\"name\":\"Gy\u00e9k\u00e9nyes sz\u00e1ll\u00e1saj\u00e1n\u00f3\",\"description\":\"Gy\u00e9k\u00e9nyes sz\u00e1ll\u00e1saj\u00e1n\u00f3\",\"potentialAction\":[{\"@type\":\"SearchAction\",\"target\":{\"@type\":\"EntryPoint\",\"urlTemplate\":\"https:\\\/\\\/www.gyekenyes-szallasajanlo.hu\\\/?s={search_term_string}\"},\"query-input\":{\"@type\":\"PropertyValueSpecification\",\"valueRequired\":true,\"valueName\":\"search_term_string\"}}],\"inLanguage\":\"sk-SK\"}]}<\/script>\n<!-- \/ Yoast SEO plugin. -->","yoast_head_json":{"title":"Gy\u00e9k\u00e9nyes sz\u00e1ll\u00e1saj\u00e1n\u00f3 - sz\u00e1ll\u00e1sok a gy\u00e9k\u00e9nyesi t\u00f3 partj\u00e1n","description":"Ezen a honlapon t\u00e1j\u00e9koz\u00f3dhatnak a gy\u00e9k\u00e9nyesi t\u00f3r\u00f3l illetve a v\u00edzparti sz\u00e1ll\u00e1s lehet\u0151s\u00e9geinkr\u0151l. Itt seg\u00edts\u00e9get tal\u00e1lnak a horg\u00e1szh\u00e1zak, nyaral\u00f3k kiv\u00e1laszt\u00e1s\u00e1ban.","robots":{"index":"index","follow":"follow","max-snippet":"max-snippet:-1","max-image-preview":"max-image-preview:large","max-video-preview":"max-video-preview:-1"},"canonical":"https:\/\/www.gyekenyes-szallasajanlo.hu\/gyekenyes\/","twitter_misc":{"Predpokladan\u00fd \u010das \u010d\u00edtania":"1 min\u00fata"},"schema":{"@context":"https:\/\/schema.org","@graph":[{"@type":"WebPage","@id":"https:\/\/www.gyekenyes-szallasajanlo.hu\/gyekenyes\/","url":"https:\/\/www.gyekenyes-szallasajanlo.hu\/gyekenyes\/","name":"Gy\u00e9k\u00e9nyes sz\u00e1ll\u00e1saj\u00e1n\u00f3 - sz\u00e1ll\u00e1sok a gy\u00e9k\u00e9nyesi t\u00f3 partj\u00e1n","isPartOf":{"@id":"https:\/\/www.gyekenyes-szallasajanlo.hu\/#website"},"datePublished":"2013-01-19T13:32:08+00:00","dateModified":"2013-01-19T14:11:13+00:00","description":"Ezen a honlapon t\u00e1j\u00e9koz\u00f3dhatnak a gy\u00e9k\u00e9nyesi t\u00f3r\u00f3l illetve a v\u00edzparti sz\u00e1ll\u00e1s lehet\u0151s\u00e9geinkr\u0151l. Itt seg\u00edts\u00e9get tal\u00e1lnak a horg\u00e1szh\u00e1zak, nyaral\u00f3k kiv\u00e1laszt\u00e1s\u00e1ban.","breadcrumb":{"@id":"https:\/\/www.gyekenyes-szallasajanlo.hu\/gyekenyes\/#breadcrumb"},"inLanguage":"sk-SK","potentialAction":[{"@type":"ReadAction","target":["https:\/\/www.gyekenyes-szallasajanlo.hu\/gyekenyes\/"]}]},{"@type":"BreadcrumbList","@id":"https:\/\/www.gyekenyes-szallasajanlo.hu\/gyekenyes\/#breadcrumb","itemListElement":[{"@type":"ListItem","position":1,"name":"Kezd\u0151lap","item":"https:\/\/www.gyekenyes-szallasajanlo.hu\/"},{"@type":"ListItem","position":2,"name":"Gy\u00e9k\u00e9nyes"}]},{"@type":"WebSite","@id":"https:\/\/www.gyekenyes-szallasajanlo.hu\/#website","url":"https:\/\/www.gyekenyes-szallasajanlo.hu\/","name":"Gy\u00e9k\u00e9nyes sz\u00e1ll\u00e1saj\u00e1n\u00f3","description":"Gy\u00e9k\u00e9nyes sz\u00e1ll\u00e1saj\u00e1n\u00f3","potentialAction":[{"@type":"SearchAction","target":{"@type":"EntryPoint","urlTemplate":"https:\/\/www.gyekenyes-szallasajanlo.hu\/?s={search_term_string}"},"query-input":{"@type":"PropertyValueSpecification","valueRequired":true,"valueName":"search_term_string"}}],"inLanguage":"sk-SK"}]}},"_links":{"self":[{"href":"https:\/\/www.gyekenyes-szallasajanlo.hu\/sk\/wp-json\/wp\/v2\/pages\/486","targetHints":{"allow":["GET"]}}],"collection":[{"href":"https:\/\/www.gyekenyes-szallasajanlo.hu\/sk\/wp-json\/wp\/v2\/pages"}],"about":[{"href":"https:\/\/www.gyekenyes-szallasajanlo.hu\/sk\/wp-json\/wp\/v2\/types\/page"}],"author":[{"embeddable":true,"href":"https:\/\/www.gyekenyes-szallasajanlo.hu\/sk\/wp-json\/wp\/v2\/users\/18"}],"replies":[{"embeddable":true,"href":"https:\/\/www.gyekenyes-szallasajanlo.hu\/sk\/wp-json\/wp\/v2\/comments?post=486"}],"version-history":[{"count":0,"href":"https:\/\/www.gyekenyes-szallasajanlo.hu\/sk\/wp-json\/wp\/v2\/pages\/486\/revisions"}],"wp:attachment":[{"href":"https:\/\/www.gyekenyes-szallasajanlo.hu\/sk\/wp-json\/wp\/v2\/media?parent=486"}],"curies":[{"name":"wp","href":"https:\/\/api.w.org\/{rel}","templated":true}]}}