{"id":679,"date":"2015-03-22T09:42:19","date_gmt":"2015-03-22T09:42:19","guid":{"rendered":"http:\/\/www.gyekenyes-szallasajanlo.hu\/?page_id=679"},"modified":"2018-09-20T10:46:32","modified_gmt":"2018-09-20T10:46:32","slug":"4-orange","status":"publish","type":"page","link":"https:\/\/www.gyekenyes-szallasajanlo.hu\/en\/our-offer\/4-orange\/","title":{"rendered":"4- Orange"},"content":{"rendered":"","protected":false},"excerpt":{"rendered":"","protected":false},"author":18,"featured_media":652,"parent":331,"menu_order":0,"comment_status":"open","ping_status":"closed","template":"","meta":{"footnotes":""},"class_list":["post-679","page","type-page","status-publish","has-post-thumbnail","hentry"],"yoast_head":"<!-- This site is optimized with the Yoast SEO plugin v26.7 - https:\/\/yoast.com\/wordpress\/plugins\/seo\/ -->\n<title>Gy\u00e9k\u00e9nyes sz\u00e1ll\u00e1saj\u00e1n\u00f3 - sz\u00e1ll\u00e1sok a gy\u00e9k\u00e9nyesi t\u00f3 partj\u00e1n<\/title>\n<meta name=\"description\" content=\"Ezen a honlapon t\u00e1j\u00e9koz\u00f3dhatnak a gy\u00e9k\u00e9nyesi t\u00f3r\u00f3l illetve a v\u00edzparti sz\u00e1ll\u00e1s lehet\u0151s\u00e9geinkr\u0151l. Itt seg\u00edts\u00e9get tal\u00e1lnak a horg\u00e1szh\u00e1zak, nyaral\u00f3k kiv\u00e1laszt\u00e1s\u00e1ban.\" \/>\n<meta name=\"robots\" content=\"index, follow, max-snippet:-1, max-image-preview:large, max-video-preview:-1\" \/>\n<link rel=\"canonical\" href=\"https:\/\/www.gyekenyes-szallasajanlo.hu\/ajanlatunk\/narancssarga-100-4\/\" \/>\n<script type=\"application\/ld+json\" class=\"yoast-schema-graph\">{\"@context\":\"https:\/\/schema.org\",\"@graph\":[{\"@type\":\"WebPage\",\"@id\":\"https:\/\/www.gyekenyes-szallasajanlo.hu\/ajanlatunk\/narancssarga-100-4\/\",\"url\":\"https:\/\/www.gyekenyes-szallasajanlo.hu\/ajanlatunk\/narancssarga-100-4\/\",\"name\":\"Gy\u00e9k\u00e9nyes sz\u00e1ll\u00e1saj\u00e1n\u00f3 - sz\u00e1ll\u00e1sok a gy\u00e9k\u00e9nyesi t\u00f3 partj\u00e1n\",\"isPartOf\":{\"@id\":\"https:\/\/www.gyekenyes-szallasajanlo.hu\/#website\"},\"primaryImageOfPage\":{\"@id\":\"https:\/\/www.gyekenyes-szallasajanlo.hu\/ajanlatunk\/narancssarga-100-4\/#primaryimage\"},\"image\":{\"@id\":\"https:\/\/www.gyekenyes-szallasajanlo.hu\/ajanlatunk\/narancssarga-100-4\/#primaryimage\"},\"thumbnailUrl\":\"https:\/\/www.gyekenyes-szallasajanlo.hu\/files\/P1080279.jpg\",\"datePublished\":\"2015-03-22T09:42:19+00:00\",\"dateModified\":\"2018-09-20T10:46:32+00:00\",\"description\":\"Ezen a honlapon t\u00e1j\u00e9koz\u00f3dhatnak a gy\u00e9k\u00e9nyesi t\u00f3r\u00f3l illetve a v\u00edzparti sz\u00e1ll\u00e1s lehet\u0151s\u00e9geinkr\u0151l. Itt seg\u00edts\u00e9get tal\u00e1lnak a horg\u00e1szh\u00e1zak, nyaral\u00f3k kiv\u00e1laszt\u00e1s\u00e1ban.\",\"breadcrumb\":{\"@id\":\"https:\/\/www.gyekenyes-szallasajanlo.hu\/ajanlatunk\/narancssarga-100-4\/#breadcrumb\"},\"inLanguage\":\"en-US\",\"potentialAction\":[{\"@type\":\"ReadAction\",\"target\":[\"https:\/\/www.gyekenyes-szallasajanlo.hu\/ajanlatunk\/narancssarga-100-4\/\"]}]},{\"@type\":\"ImageObject\",\"inLanguage\":\"en-US\",\"@id\":\"https:\/\/www.gyekenyes-szallasajanlo.hu\/ajanlatunk\/narancssarga-100-4\/#primaryimage\",\"url\":\"https:\/\/www.gyekenyes-szallasajanlo.hu\/files\/P1080279.jpg\",\"contentUrl\":\"https:\/\/www.gyekenyes-szallasajanlo.hu\/files\/P1080279.jpg\",\"width\":1000,\"height\":1333},{\"@type\":\"BreadcrumbList\",\"@id\":\"https:\/\/www.gyekenyes-szallasajanlo.hu\/ajanlatunk\/narancssarga-100-4\/#breadcrumb\",\"itemListElement\":[{\"@type\":\"ListItem\",\"position\":1,\"name\":\"Kezd\u0151lap\",\"item\":\"https:\/\/www.gyekenyes-szallasajanlo.hu\/\"},{\"@type\":\"ListItem\",\"position\":2,\"name\":\"Our Offer\",\"item\":\"https:\/\/www.gyekenyes-szallasajanlo.hu\/ajanlatunk\/\"},{\"@type\":\"ListItem\",\"position\":3,\"name\":\"4- Orange\"}]},{\"@type\":\"WebSite\",\"@id\":\"https:\/\/www.gyekenyes-szallasajanlo.hu\/#website\",\"url\":\"https:\/\/www.gyekenyes-szallasajanlo.hu\/\",\"name\":\"Gy\u00e9k\u00e9nyes sz\u00e1ll\u00e1saj\u00e1n\u00f3\",\"description\":\"Gy\u00e9k\u00e9nyes sz\u00e1ll\u00e1saj\u00e1n\u00f3\",\"potentialAction\":[{\"@type\":\"SearchAction\",\"target\":{\"@type\":\"EntryPoint\",\"urlTemplate\":\"https:\/\/www.gyekenyes-szallasajanlo.hu\/?s={search_term_string}\"},\"query-input\":{\"@type\":\"PropertyValueSpecification\",\"valueRequired\":true,\"valueName\":\"search_term_string\"}}],\"inLanguage\":\"en-US\"}]}<\/script>\n<!-- \/ Yoast SEO plugin. -->","yoast_head_json":{"title":"Gy\u00e9k\u00e9nyes sz\u00e1ll\u00e1saj\u00e1n\u00f3 - sz\u00e1ll\u00e1sok a gy\u00e9k\u00e9nyesi t\u00f3 partj\u00e1n","description":"Ezen a honlapon t\u00e1j\u00e9koz\u00f3dhatnak a gy\u00e9k\u00e9nyesi t\u00f3r\u00f3l illetve a v\u00edzparti sz\u00e1ll\u00e1s lehet\u0151s\u00e9geinkr\u0151l. Itt seg\u00edts\u00e9get tal\u00e1lnak a horg\u00e1szh\u00e1zak, nyaral\u00f3k kiv\u00e1laszt\u00e1s\u00e1ban.","robots":{"index":"index","follow":"follow","max-snippet":"max-snippet:-1","max-image-preview":"max-image-preview:large","max-video-preview":"max-video-preview:-1"},"canonical":"https:\/\/www.gyekenyes-szallasajanlo.hu\/ajanlatunk\/narancssarga-100-4\/","schema":{"@context":"https:\/\/schema.org","@graph":[{"@type":"WebPage","@id":"https:\/\/www.gyekenyes-szallasajanlo.hu\/ajanlatunk\/narancssarga-100-4\/","url":"https:\/\/www.gyekenyes-szallasajanlo.hu\/ajanlatunk\/narancssarga-100-4\/","name":"Gy\u00e9k\u00e9nyes sz\u00e1ll\u00e1saj\u00e1n\u00f3 - sz\u00e1ll\u00e1sok a gy\u00e9k\u00e9nyesi t\u00f3 partj\u00e1n","isPartOf":{"@id":"https:\/\/www.gyekenyes-szallasajanlo.hu\/#website"},"primaryImageOfPage":{"@id":"https:\/\/www.gyekenyes-szallasajanlo.hu\/ajanlatunk\/narancssarga-100-4\/#primaryimage"},"image":{"@id":"https:\/\/www.gyekenyes-szallasajanlo.hu\/ajanlatunk\/narancssarga-100-4\/#primaryimage"},"thumbnailUrl":"https:\/\/www.gyekenyes-szallasajanlo.hu\/files\/P1080279.jpg","datePublished":"2015-03-22T09:42:19+00:00","dateModified":"2018-09-20T10:46:32+00:00","description":"Ezen a honlapon t\u00e1j\u00e9koz\u00f3dhatnak a gy\u00e9k\u00e9nyesi t\u00f3r\u00f3l illetve a v\u00edzparti sz\u00e1ll\u00e1s lehet\u0151s\u00e9geinkr\u0151l. Itt seg\u00edts\u00e9get tal\u00e1lnak a horg\u00e1szh\u00e1zak, nyaral\u00f3k kiv\u00e1laszt\u00e1s\u00e1ban.","breadcrumb":{"@id":"https:\/\/www.gyekenyes-szallasajanlo.hu\/ajanlatunk\/narancssarga-100-4\/#breadcrumb"},"inLanguage":"en-US","potentialAction":[{"@type":"ReadAction","target":["https:\/\/www.gyekenyes-szallasajanlo.hu\/ajanlatunk\/narancssarga-100-4\/"]}]},{"@type":"ImageObject","inLanguage":"en-US","@id":"https:\/\/www.gyekenyes-szallasajanlo.hu\/ajanlatunk\/narancssarga-100-4\/#primaryimage","url":"https:\/\/www.gyekenyes-szallasajanlo.hu\/files\/P1080279.jpg","contentUrl":"https:\/\/www.gyekenyes-szallasajanlo.hu\/files\/P1080279.jpg","width":1000,"height":1333},{"@type":"BreadcrumbList","@id":"https:\/\/www.gyekenyes-szallasajanlo.hu\/ajanlatunk\/narancssarga-100-4\/#breadcrumb","itemListElement":[{"@type":"ListItem","position":1,"name":"Kezd\u0151lap","item":"https:\/\/www.gyekenyes-szallasajanlo.hu\/"},{"@type":"ListItem","position":2,"name":"Our Offer","item":"https:\/\/www.gyekenyes-szallasajanlo.hu\/ajanlatunk\/"},{"@type":"ListItem","position":3,"name":"4- Orange"}]},{"@type":"WebSite","@id":"https:\/\/www.gyekenyes-szallasajanlo.hu\/#website","url":"https:\/\/www.gyekenyes-szallasajanlo.hu\/","name":"Gy\u00e9k\u00e9nyes sz\u00e1ll\u00e1saj\u00e1n\u00f3","description":"Gy\u00e9k\u00e9nyes sz\u00e1ll\u00e1saj\u00e1n\u00f3","potentialAction":[{"@type":"SearchAction","target":{"@type":"EntryPoint","urlTemplate":"https:\/\/www.gyekenyes-szallasajanlo.hu\/?s={search_term_string}"},"query-input":{"@type":"PropertyValueSpecification","valueRequired":true,"valueName":"search_term_string"}}],"inLanguage":"en-US"}]}},"_links":{"self":[{"href":"https:\/\/www.gyekenyes-szallasajanlo.hu\/en\/wp-json\/wp\/v2\/pages\/679","targetHints":{"allow":["GET"]}}],"collection":[{"href":"https:\/\/www.gyekenyes-szallasajanlo.hu\/en\/wp-json\/wp\/v2\/pages"}],"about":[{"href":"https:\/\/www.gyekenyes-szallasajanlo.hu\/en\/wp-json\/wp\/v2\/types\/page"}],"author":[{"embeddable":true,"href":"https:\/\/www.gyekenyes-szallasajanlo.hu\/en\/wp-json\/wp\/v2\/users\/18"}],"replies":[{"embeddable":true,"href":"https:\/\/www.gyekenyes-szallasajanlo.hu\/en\/wp-json\/wp\/v2\/comments?post=679"}],"version-history":[{"count":0,"href":"https:\/\/www.gyekenyes-szallasajanlo.hu\/en\/wp-json\/wp\/v2\/pages\/679\/revisions"}],"up":[{"embeddable":true,"href":"https:\/\/www.gyekenyes-szallasajanlo.hu\/en\/wp-json\/wp\/v2\/pages\/331"}],"wp:featuredmedia":[{"embeddable":true,"href":"https:\/\/www.gyekenyes-szallasajanlo.hu\/en\/wp-json\/wp\/v2\/media\/652"}],"wp:attachment":[{"href":"https:\/\/www.gyekenyes-szallasajanlo.hu\/en\/wp-json\/wp\/v2\/media?parent=679"}],"curies":[{"name":"wp","href":"https:\/\/api.w.org\/{rel}","templated":true}]}}