{"id":392,"date":"2012-02-22T22:12:31","date_gmt":"2012-02-22T22:12:31","guid":{"rendered":"http:\/\/www.gyekenyes-szallasajanlo.hu\/?page_id=392"},"modified":"2019-09-13T09:12:42","modified_gmt":"2019-09-13T09:12:42","slug":"house-nr-2","status":"publish","type":"page","link":"https:\/\/www.gyekenyes-szallasajanlo.hu\/en\/our-offer\/house-nr-2\/","title":{"rendered":"Orange and green house"},"content":{"rendered":"<p>The basic area of the house is 14&#215;5 m, it has a downstairs and an upstairs. It has an upstairs and a downstairs, downstairs is the bathroom, a completely equipped American kitchen ( fridge, deep-freeze, microwave oven, gas cooker, cutlery, coffee machine), and the small hall, where there are two single beds. This is mainly used by fishing men. and an open terrace.<\/p>\n<p>Upstairs there are two rooms, there is a balcony belonging to both of them. In each room three people have place, there is a double bed and a single bed in each of them. So altogether 8 people can stay here. If necessary, 1-2 spare beds can be put in as well. If a larger team would come together, the blue and orange, the green and red houses can be opened in each other downstairs.<\/p>\n<p>Every house has a security system, and a camera. From this year ont here is a cabel Tv in every room and downstairs and there is wifi, which can be used even in the yard.<\/p>\n<p>A large yard belongs to the house, so you can park in a closed yard, next to the house. This makes it easy to pack in and out, and it is advantegous from security aspects as well.<\/p>\n<p>The house has an outside insulation and gas convectors, so we can provide a comfortable holiday even if the weather is cooler.<\/p>\n<p>Int he yard there are a garden bench with a roof, 2 deckchairs, pot, grill plate, small grill.<\/p>\n<p>To the house belongs a 8 m long pier, here two fishers can have secure place. Altogether 2+1 fishers.<\/p>\n<p>To every house beongs a boat, too.<\/p>\n<p>Water depth is between 5-13 m. The length of the fishing area can be even 3-400 m, so it is good to use a fish radar. We try to provide you some help even if you do not have a fish radar. We put one or two feeding buoys at the breaklines to help more successful fishing.<\/p>\n","protected":false},"excerpt":{"rendered":"<p>The basic area of the house is 14&#215;5 m, it has a downstairs and an upstairs. It has an upstairs and a downstairs, downstairs is the bathroom, a completely equipped American kitchen ( fridge, deep-freeze, microwave oven, gas cooker, cutlery, &hellip; <a href=\"https:\/\/www.gyekenyes-szallasajanlo.hu\/en\/our-offer\/house-nr-2\/\">Continue reading <span class=\"meta-nav\">&rarr;<\/span><\/a><\/p>\n","protected":false},"author":18,"featured_media":59,"parent":331,"menu_order":20,"comment_status":"open","ping_status":"closed","template":"","meta":{"footnotes":""},"class_list":["post-392","page","type-page","status-publish","has-post-thumbnail","hentry"],"yoast_head":"<!-- This site is optimized with the Yoast SEO plugin v26.7 - https:\/\/yoast.com\/wordpress\/plugins\/seo\/ -->\n<title>Gy\u00e9k\u00e9nyes sz\u00e1ll\u00e1saj\u00e1n\u00f3 - sz\u00e1ll\u00e1sok a gy\u00e9k\u00e9nyesi t\u00f3 partj\u00e1n<\/title>\n<meta name=\"description\" content=\"Ezen a honlapon t\u00e1j\u00e9koz\u00f3dhatnak a gy\u00e9k\u00e9nyesi t\u00f3r\u00f3l illetve a v\u00edzparti sz\u00e1ll\u00e1s lehet\u0151s\u00e9geinkr\u0151l. Itt seg\u00edts\u00e9get tal\u00e1lnak a horg\u00e1szh\u00e1zak, nyaral\u00f3k kiv\u00e1laszt\u00e1s\u00e1ban.\" \/>\n<meta name=\"robots\" content=\"index, follow, max-snippet:-1, max-image-preview:large, max-video-preview:-1\" \/>\n<link rel=\"canonical\" href=\"https:\/\/www.gyekenyes-szallasajanlo.hu\/ajanlatunk\/haz-2\/\" \/>\n<meta name=\"twitter:label1\" content=\"Est. reading time\" \/>\n\t<meta name=\"twitter:data1\" content=\"2 minutes\" \/>\n<script type=\"application\/ld+json\" class=\"yoast-schema-graph\">{\"@context\":\"https:\/\/schema.org\",\"@graph\":[{\"@type\":\"WebPage\",\"@id\":\"https:\/\/www.gyekenyes-szallasajanlo.hu\/ajanlatunk\/haz-2\/\",\"url\":\"https:\/\/www.gyekenyes-szallasajanlo.hu\/ajanlatunk\/haz-2\/\",\"name\":\"Gy\u00e9k\u00e9nyes sz\u00e1ll\u00e1saj\u00e1n\u00f3 - sz\u00e1ll\u00e1sok a gy\u00e9k\u00e9nyesi t\u00f3 partj\u00e1n\",\"isPartOf\":{\"@id\":\"https:\/\/www.gyekenyes-szallasajanlo.hu\/#website\"},\"primaryImageOfPage\":{\"@id\":\"https:\/\/www.gyekenyes-szallasajanlo.hu\/ajanlatunk\/haz-2\/#primaryimage\"},\"image\":{\"@id\":\"https:\/\/www.gyekenyes-szallasajanlo.hu\/ajanlatunk\/haz-2\/#primaryimage\"},\"thumbnailUrl\":\"https:\/\/www.gyekenyes-szallasajanlo.hu\/files\/a02.jpg\",\"datePublished\":\"2012-02-22T22:12:31+00:00\",\"dateModified\":\"2019-09-13T09:12:42+00:00\",\"description\":\"Ezen a honlapon t\u00e1j\u00e9koz\u00f3dhatnak a gy\u00e9k\u00e9nyesi t\u00f3r\u00f3l illetve a v\u00edzparti sz\u00e1ll\u00e1s lehet\u0151s\u00e9geinkr\u0151l. Itt seg\u00edts\u00e9get tal\u00e1lnak a horg\u00e1szh\u00e1zak, nyaral\u00f3k kiv\u00e1laszt\u00e1s\u00e1ban.\",\"breadcrumb\":{\"@id\":\"https:\/\/www.gyekenyes-szallasajanlo.hu\/ajanlatunk\/haz-2\/#breadcrumb\"},\"inLanguage\":\"en-US\",\"potentialAction\":[{\"@type\":\"ReadAction\",\"target\":[\"https:\/\/www.gyekenyes-szallasajanlo.hu\/ajanlatunk\/haz-2\/\"]}]},{\"@type\":\"ImageObject\",\"inLanguage\":\"en-US\",\"@id\":\"https:\/\/www.gyekenyes-szallasajanlo.hu\/ajanlatunk\/haz-2\/#primaryimage\",\"url\":\"https:\/\/www.gyekenyes-szallasajanlo.hu\/files\/a02.jpg\",\"contentUrl\":\"https:\/\/www.gyekenyes-szallasajanlo.hu\/files\/a02.jpg\",\"width\":412,\"height\":412},{\"@type\":\"BreadcrumbList\",\"@id\":\"https:\/\/www.gyekenyes-szallasajanlo.hu\/ajanlatunk\/haz-2\/#breadcrumb\",\"itemListElement\":[{\"@type\":\"ListItem\",\"position\":1,\"name\":\"Kezd\u0151lap\",\"item\":\"https:\/\/www.gyekenyes-szallasajanlo.hu\/\"},{\"@type\":\"ListItem\",\"position\":2,\"name\":\"Our Offer\",\"item\":\"https:\/\/www.gyekenyes-szallasajanlo.hu\/ajanlatunk\/\"},{\"@type\":\"ListItem\",\"position\":3,\"name\":\"Orange and green house\"}]},{\"@type\":\"WebSite\",\"@id\":\"https:\/\/www.gyekenyes-szallasajanlo.hu\/#website\",\"url\":\"https:\/\/www.gyekenyes-szallasajanlo.hu\/\",\"name\":\"Gy\u00e9k\u00e9nyes sz\u00e1ll\u00e1saj\u00e1n\u00f3\",\"description\":\"Gy\u00e9k\u00e9nyes sz\u00e1ll\u00e1saj\u00e1n\u00f3\",\"potentialAction\":[{\"@type\":\"SearchAction\",\"target\":{\"@type\":\"EntryPoint\",\"urlTemplate\":\"https:\/\/www.gyekenyes-szallasajanlo.hu\/?s={search_term_string}\"},\"query-input\":{\"@type\":\"PropertyValueSpecification\",\"valueRequired\":true,\"valueName\":\"search_term_string\"}}],\"inLanguage\":\"en-US\"}]}<\/script>\n<!-- \/ Yoast SEO plugin. -->","yoast_head_json":{"title":"Gy\u00e9k\u00e9nyes sz\u00e1ll\u00e1saj\u00e1n\u00f3 - sz\u00e1ll\u00e1sok a gy\u00e9k\u00e9nyesi t\u00f3 partj\u00e1n","description":"Ezen a honlapon t\u00e1j\u00e9koz\u00f3dhatnak a gy\u00e9k\u00e9nyesi t\u00f3r\u00f3l illetve a v\u00edzparti sz\u00e1ll\u00e1s lehet\u0151s\u00e9geinkr\u0151l. Itt seg\u00edts\u00e9get tal\u00e1lnak a horg\u00e1szh\u00e1zak, nyaral\u00f3k kiv\u00e1laszt\u00e1s\u00e1ban.","robots":{"index":"index","follow":"follow","max-snippet":"max-snippet:-1","max-image-preview":"max-image-preview:large","max-video-preview":"max-video-preview:-1"},"canonical":"https:\/\/www.gyekenyes-szallasajanlo.hu\/ajanlatunk\/haz-2\/","twitter_misc":{"Est. reading time":"2 minutes"},"schema":{"@context":"https:\/\/schema.org","@graph":[{"@type":"WebPage","@id":"https:\/\/www.gyekenyes-szallasajanlo.hu\/ajanlatunk\/haz-2\/","url":"https:\/\/www.gyekenyes-szallasajanlo.hu\/ajanlatunk\/haz-2\/","name":"Gy\u00e9k\u00e9nyes sz\u00e1ll\u00e1saj\u00e1n\u00f3 - sz\u00e1ll\u00e1sok a gy\u00e9k\u00e9nyesi t\u00f3 partj\u00e1n","isPartOf":{"@id":"https:\/\/www.gyekenyes-szallasajanlo.hu\/#website"},"primaryImageOfPage":{"@id":"https:\/\/www.gyekenyes-szallasajanlo.hu\/ajanlatunk\/haz-2\/#primaryimage"},"image":{"@id":"https:\/\/www.gyekenyes-szallasajanlo.hu\/ajanlatunk\/haz-2\/#primaryimage"},"thumbnailUrl":"https:\/\/www.gyekenyes-szallasajanlo.hu\/files\/a02.jpg","datePublished":"2012-02-22T22:12:31+00:00","dateModified":"2019-09-13T09:12:42+00:00","description":"Ezen a honlapon t\u00e1j\u00e9koz\u00f3dhatnak a gy\u00e9k\u00e9nyesi t\u00f3r\u00f3l illetve a v\u00edzparti sz\u00e1ll\u00e1s lehet\u0151s\u00e9geinkr\u0151l. Itt seg\u00edts\u00e9get tal\u00e1lnak a horg\u00e1szh\u00e1zak, nyaral\u00f3k kiv\u00e1laszt\u00e1s\u00e1ban.","breadcrumb":{"@id":"https:\/\/www.gyekenyes-szallasajanlo.hu\/ajanlatunk\/haz-2\/#breadcrumb"},"inLanguage":"en-US","potentialAction":[{"@type":"ReadAction","target":["https:\/\/www.gyekenyes-szallasajanlo.hu\/ajanlatunk\/haz-2\/"]}]},{"@type":"ImageObject","inLanguage":"en-US","@id":"https:\/\/www.gyekenyes-szallasajanlo.hu\/ajanlatunk\/haz-2\/#primaryimage","url":"https:\/\/www.gyekenyes-szallasajanlo.hu\/files\/a02.jpg","contentUrl":"https:\/\/www.gyekenyes-szallasajanlo.hu\/files\/a02.jpg","width":412,"height":412},{"@type":"BreadcrumbList","@id":"https:\/\/www.gyekenyes-szallasajanlo.hu\/ajanlatunk\/haz-2\/#breadcrumb","itemListElement":[{"@type":"ListItem","position":1,"name":"Kezd\u0151lap","item":"https:\/\/www.gyekenyes-szallasajanlo.hu\/"},{"@type":"ListItem","position":2,"name":"Our Offer","item":"https:\/\/www.gyekenyes-szallasajanlo.hu\/ajanlatunk\/"},{"@type":"ListItem","position":3,"name":"Orange and green house"}]},{"@type":"WebSite","@id":"https:\/\/www.gyekenyes-szallasajanlo.hu\/#website","url":"https:\/\/www.gyekenyes-szallasajanlo.hu\/","name":"Gy\u00e9k\u00e9nyes sz\u00e1ll\u00e1saj\u00e1n\u00f3","description":"Gy\u00e9k\u00e9nyes sz\u00e1ll\u00e1saj\u00e1n\u00f3","potentialAction":[{"@type":"SearchAction","target":{"@type":"EntryPoint","urlTemplate":"https:\/\/www.gyekenyes-szallasajanlo.hu\/?s={search_term_string}"},"query-input":{"@type":"PropertyValueSpecification","valueRequired":true,"valueName":"search_term_string"}}],"inLanguage":"en-US"}]}},"_links":{"self":[{"href":"https:\/\/www.gyekenyes-szallasajanlo.hu\/en\/wp-json\/wp\/v2\/pages\/392","targetHints":{"allow":["GET"]}}],"collection":[{"href":"https:\/\/www.gyekenyes-szallasajanlo.hu\/en\/wp-json\/wp\/v2\/pages"}],"about":[{"href":"https:\/\/www.gyekenyes-szallasajanlo.hu\/en\/wp-json\/wp\/v2\/types\/page"}],"author":[{"embeddable":true,"href":"https:\/\/www.gyekenyes-szallasajanlo.hu\/en\/wp-json\/wp\/v2\/users\/18"}],"replies":[{"embeddable":true,"href":"https:\/\/www.gyekenyes-szallasajanlo.hu\/en\/wp-json\/wp\/v2\/comments?post=392"}],"version-history":[{"count":0,"href":"https:\/\/www.gyekenyes-szallasajanlo.hu\/en\/wp-json\/wp\/v2\/pages\/392\/revisions"}],"up":[{"embeddable":true,"href":"https:\/\/www.gyekenyes-szallasajanlo.hu\/en\/wp-json\/wp\/v2\/pages\/331"}],"wp:featuredmedia":[{"embeddable":true,"href":"https:\/\/www.gyekenyes-szallasajanlo.hu\/en\/wp-json\/wp\/v2\/media\/59"}],"wp:attachment":[{"href":"https:\/\/www.gyekenyes-szallasajanlo.hu\/en\/wp-json\/wp\/v2\/media?parent=392"}],"curies":[{"name":"wp","href":"https:\/\/api.w.org\/{rel}","templated":true}]}}