{"id":370,"date":"2012-02-22T10:46:42","date_gmt":"2012-02-22T10:46:42","guid":{"rendered":"http:\/\/www.gyekenyes-szallasajanlo.hu\/?page_id=370"},"modified":"2019-09-13T09:05:41","modified_gmt":"2019-09-13T09:05:41","slug":"house-nr-58-59","status":"publish","type":"page","link":"https:\/\/www.gyekenyes-szallasajanlo.hu\/en\/our-offer\/house-nr-58-59\/","title":{"rendered":"House Nr. 58-59."},"content":{"rendered":"<p><span style=\"color: #ff0000;\"><br \/>\n<\/span>It has an upstairs and a downstairs, downstairs is the bathroom,<a href=\"http:\/\/www.gyekenyes-szallasajanlo.hu\/files\/h3.jpg\"><img loading=\"lazy\" decoding=\"async\" class=\"size-thumbnail wp-image-54 alignright\" src=\"http:\/\/www.gyekenyes-szallasajanlo.hu\/files\/h3-150x150.jpg\" alt=\"\" width=\"150\" height=\"150\" srcset=\"https:\/\/www.gyekenyes-szallasajanlo.hu\/files\/h3-150x150.jpg 150w, https:\/\/www.gyekenyes-szallasajanlo.hu\/files\/h3-202x202.jpg 202w, https:\/\/www.gyekenyes-szallasajanlo.hu\/files\/h3-240x240.jpg 240w\" sizes=\"auto, (max-width: 150px) 100vw, 150px\" \/><\/a> a completely equipped American kitchen ( fridge, deep-freeze, microwave oven, gas cooker, cutlery, coffee machine), and the small hall, where there is a sofa. his is mainly used by fishing men.<br \/>\nUpstairs there are three rooms, the large room looks to the lake, with a large balcony going to the south. here is a double bed and a single bed. Int he other room there is a double bed and int he little room there is a single bed. So there can stay max. 8 people altogether.<\/p>\n<p>There is a Tv int he living room and int he room looking to the lake.<\/p>\n<p>We recommend it for people with a pet. It is completely closed from both sides.<\/p>\n<p>Please take it into cnsideration when choosing a house.<\/p>\n<p>The yard is not windy. It is going to the south, so we recommend it for guests, who would like to sunbathe and relax. We provide two deckchairs, a garden banch, grill possibility (grill, pot and grill plate) to their holiday.<\/p>\n<p><span style=\"color: #000000;\"><strong><span style=\"text-decoration: underline;\">For fishers:<\/span><\/strong><\/span><\/p>\n<p>The water depth is between 5-10 m. At the buoys 5 m. There are two piers, the one near the water helps in keeping the fish. A boat also belongs to the house.<\/p>\n<p>It is worth bringing fish food, you can take this by boat or feeding boat as well.<\/p>\n<p>On the pier there are a fishing stick holder, lights, and a dazzle lamp. We would like to make fishing at night more secure and more comfortable this way.<\/p>\n<p><a href=\"http:\/\/www.gyekenyes-szallasajanlo.hu\/files\/ballag\u00e1s2008.07.13.-004.jpg\"><br \/>\n<img loading=\"lazy\" decoding=\"async\" class=\"alignnone size-thumbnail wp-image-119\" src=\"http:\/\/www.gyekenyes-szallasajanlo.hu\/files\/ballag\u00e1s2008.07.13.-004-150x150.jpg\" alt=\"\" width=\"150\" height=\"150\" srcset=\"https:\/\/www.gyekenyes-szallasajanlo.hu\/files\/ballag\u00e1s2008.07.13.-004-150x150.jpg 150w, https:\/\/www.gyekenyes-szallasajanlo.hu\/files\/ballag\u00e1s2008.07.13.-004-202x202.jpg 202w, https:\/\/www.gyekenyes-szallasajanlo.hu\/files\/ballag\u00e1s2008.07.13.-004-240x240.jpg 240w\" sizes=\"auto, (max-width: 150px) 100vw, 150px\" \/><\/a>\u00a0<a href=\"http:\/\/www.gyekenyes-szallasajanlo.hu\/files\/P1020686.jpg\"><img loading=\"lazy\" decoding=\"async\" class=\"alignnone size-thumbnail wp-image-117\" src=\"http:\/\/www.gyekenyes-szallasajanlo.hu\/files\/P1020686-150x150.jpg\" alt=\"\" width=\"150\" height=\"150\" srcset=\"https:\/\/www.gyekenyes-szallasajanlo.hu\/files\/P1020686-150x150.jpg 150w, https:\/\/www.gyekenyes-szallasajanlo.hu\/files\/P1020686-202x202.jpg 202w, https:\/\/www.gyekenyes-szallasajanlo.hu\/files\/P1020686-240x240.jpg 240w\" sizes=\"auto, (max-width: 150px) 100vw, 150px\" \/><\/a>\u00a0<a href=\"http:\/\/www.gyekenyes-szallasajanlo.hu\/files\/P1020687.jpg\"><img loading=\"lazy\" decoding=\"async\" class=\"alignnone size-thumbnail wp-image-118\" src=\"http:\/\/www.gyekenyes-szallasajanlo.hu\/files\/P1020687-150x150.jpg\" alt=\"\" width=\"150\" height=\"150\" srcset=\"https:\/\/www.gyekenyes-szallasajanlo.hu\/files\/P1020687-150x150.jpg 150w, https:\/\/www.gyekenyes-szallasajanlo.hu\/files\/P1020687-202x202.jpg 202w, https:\/\/www.gyekenyes-szallasajanlo.hu\/files\/P1020687-240x240.jpg 240w\" sizes=\"auto, (max-width: 150px) 100vw, 150px\" \/><\/a>\u00a0<a href=\"http:\/\/www.gyekenyes-szallasajanlo.hu\/files\/P1040301.jpg\"><img loading=\"lazy\" decoding=\"async\" class=\"alignnone size-thumbnail wp-image-120\" src=\"http:\/\/www.gyekenyes-szallasajanlo.hu\/files\/P1040301-150x150.jpg\" alt=\"\" width=\"150\" height=\"150\" srcset=\"https:\/\/www.gyekenyes-szallasajanlo.hu\/files\/P1040301-150x150.jpg 150w, https:\/\/www.gyekenyes-szallasajanlo.hu\/files\/P1040301-202x202.jpg 202w, https:\/\/www.gyekenyes-szallasajanlo.hu\/files\/P1040301-240x240.jpg 240w\" sizes=\"auto, (max-width: 150px) 100vw, 150px\" \/><\/a>\u00a0<a href=\"http:\/\/www.gyekenyes-szallasajanlo.hu\/files\/P1040353.jpg\"><img loading=\"lazy\" decoding=\"async\" class=\"alignnone size-thumbnail wp-image-122\" src=\"http:\/\/www.gyekenyes-szallasajanlo.hu\/files\/P1040353-150x150.jpg\" alt=\"\" width=\"150\" height=\"150\" srcset=\"https:\/\/www.gyekenyes-szallasajanlo.hu\/files\/P1040353-150x150.jpg 150w, https:\/\/www.gyekenyes-szallasajanlo.hu\/files\/P1040353-202x202.jpg 202w, https:\/\/www.gyekenyes-szallasajanlo.hu\/files\/P1040353-240x240.jpg 240w\" sizes=\"auto, (max-width: 150px) 100vw, 150px\" \/><\/a>\u00a0<a href=\"http:\/\/www.gyekenyes-szallasajanlo.hu\/files\/P1040314.jpg\"><img loading=\"lazy\" decoding=\"async\" class=\"alignnone size-thumbnail wp-image-121\" src=\"http:\/\/www.gyekenyes-szallasajanlo.hu\/files\/P1040314-150x150.jpg\" alt=\"\" width=\"150\" height=\"150\" srcset=\"https:\/\/www.gyekenyes-szallasajanlo.hu\/files\/P1040314-150x150.jpg 150w, https:\/\/www.gyekenyes-szallasajanlo.hu\/files\/P1040314-202x202.jpg 202w, https:\/\/www.gyekenyes-szallasajanlo.hu\/files\/P1040314-240x240.jpg 240w\" sizes=\"auto, (max-width: 150px) 100vw, 150px\" \/><\/a>\u00a0<a href=\"http:\/\/www.gyekenyes-szallasajanlo.hu\/files\/P1040338.jpg\"><img loading=\"lazy\" decoding=\"async\" class=\"alignnone size-thumbnail wp-image-123\" src=\"http:\/\/www.gyekenyes-szallasajanlo.hu\/files\/P1040338-150x150.jpg\" alt=\"\" width=\"150\" height=\"150\" srcset=\"https:\/\/www.gyekenyes-szallasajanlo.hu\/files\/P1040338-150x150.jpg 150w, https:\/\/www.gyekenyes-szallasajanlo.hu\/files\/P1040338-202x202.jpg 202w, https:\/\/www.gyekenyes-szallasajanlo.hu\/files\/P1040338-240x240.jpg 240w\" sizes=\"auto, (max-width: 150px) 100vw, 150px\" \/><\/a><\/p>\n","protected":false},"excerpt":{"rendered":"<p>It has an upstairs and a downstairs, downstairs is the bathroom, a completely equipped American kitchen ( fridge, deep-freeze, microwave oven, gas cooker, cutlery, coffee machine), and the small hall, where there is a sofa. his is mainly used by &hellip; <a href=\"https:\/\/www.gyekenyes-szallasajanlo.hu\/en\/our-offer\/house-nr-58-59\/\">Continue reading <span class=\"meta-nav\">&rarr;<\/span><\/a><\/p>\n","protected":false},"author":18,"featured_media":54,"parent":331,"menu_order":26,"comment_status":"open","ping_status":"closed","template":"","meta":{"footnotes":""},"class_list":["post-370","page","type-page","status-publish","has-post-thumbnail","hentry"],"yoast_head":"<!-- This site is optimized with the Yoast SEO plugin v27.5 - https:\/\/yoast.com\/product\/yoast-seo-wordpress\/ -->\n<title>Gy\u00e9k\u00e9nyes sz\u00e1ll\u00e1saj\u00e1n\u00f3 - sz\u00e1ll\u00e1sok a gy\u00e9k\u00e9nyesi t\u00f3 partj\u00e1n<\/title>\n<meta name=\"description\" content=\"Ezen a honlapon t\u00e1j\u00e9koz\u00f3dhatnak a gy\u00e9k\u00e9nyesi t\u00f3r\u00f3l illetve a v\u00edzparti sz\u00e1ll\u00e1s lehet\u0151s\u00e9geinkr\u0151l. Itt seg\u00edts\u00e9get tal\u00e1lnak a horg\u00e1szh\u00e1zak, nyaral\u00f3k kiv\u00e1laszt\u00e1s\u00e1ban.\" \/>\n<meta name=\"robots\" content=\"index, follow, max-snippet:-1, max-image-preview:large, max-video-preview:-1\" \/>\n<link rel=\"canonical\" href=\"https:\/\/www.gyekenyes-szallasajanlo.hu\/ajanlatunk\/58-59-es-haz\/\" \/>\n<meta name=\"twitter:label1\" content=\"Est. reading time\" \/>\n\t<meta name=\"twitter:data1\" content=\"1 minute\" \/>\n<script type=\"application\/ld+json\" class=\"yoast-schema-graph\">{\"@context\":\"https:\\\/\\\/schema.org\",\"@graph\":[{\"@type\":\"WebPage\",\"@id\":\"https:\\\/\\\/www.gyekenyes-szallasajanlo.hu\\\/ajanlatunk\\\/58-59-es-haz\\\/\",\"url\":\"https:\\\/\\\/www.gyekenyes-szallasajanlo.hu\\\/ajanlatunk\\\/58-59-es-haz\\\/\",\"name\":\"Gy\u00e9k\u00e9nyes sz\u00e1ll\u00e1saj\u00e1n\u00f3 - sz\u00e1ll\u00e1sok a gy\u00e9k\u00e9nyesi t\u00f3 partj\u00e1n\",\"isPartOf\":{\"@id\":\"https:\\\/\\\/www.gyekenyes-szallasajanlo.hu\\\/#website\"},\"primaryImageOfPage\":{\"@id\":\"https:\\\/\\\/www.gyekenyes-szallasajanlo.hu\\\/ajanlatunk\\\/58-59-es-haz\\\/#primaryimage\"},\"image\":{\"@id\":\"https:\\\/\\\/www.gyekenyes-szallasajanlo.hu\\\/ajanlatunk\\\/58-59-es-haz\\\/#primaryimage\"},\"thumbnailUrl\":\"https:\\\/\\\/www.gyekenyes-szallasajanlo.hu\\\/files\\\/h3.jpg\",\"datePublished\":\"2012-02-22T10:46:42+00:00\",\"dateModified\":\"2019-09-13T09:05:41+00:00\",\"description\":\"Ezen a honlapon t\u00e1j\u00e9koz\u00f3dhatnak a gy\u00e9k\u00e9nyesi t\u00f3r\u00f3l illetve a v\u00edzparti sz\u00e1ll\u00e1s lehet\u0151s\u00e9geinkr\u0151l. Itt seg\u00edts\u00e9get tal\u00e1lnak a horg\u00e1szh\u00e1zak, nyaral\u00f3k kiv\u00e1laszt\u00e1s\u00e1ban.\",\"breadcrumb\":{\"@id\":\"https:\\\/\\\/www.gyekenyes-szallasajanlo.hu\\\/ajanlatunk\\\/58-59-es-haz\\\/#breadcrumb\"},\"inLanguage\":\"en-US\",\"potentialAction\":[{\"@type\":\"ReadAction\",\"target\":[\"https:\\\/\\\/www.gyekenyes-szallasajanlo.hu\\\/ajanlatunk\\\/58-59-es-haz\\\/\"]}]},{\"@type\":\"ImageObject\",\"inLanguage\":\"en-US\",\"@id\":\"https:\\\/\\\/www.gyekenyes-szallasajanlo.hu\\\/ajanlatunk\\\/58-59-es-haz\\\/#primaryimage\",\"url\":\"https:\\\/\\\/www.gyekenyes-szallasajanlo.hu\\\/files\\\/h3.jpg\",\"contentUrl\":\"https:\\\/\\\/www.gyekenyes-szallasajanlo.hu\\\/files\\\/h3.jpg\",\"width\":295,\"height\":241},{\"@type\":\"BreadcrumbList\",\"@id\":\"https:\\\/\\\/www.gyekenyes-szallasajanlo.hu\\\/ajanlatunk\\\/58-59-es-haz\\\/#breadcrumb\",\"itemListElement\":[{\"@type\":\"ListItem\",\"position\":1,\"name\":\"Kezd\u0151lap\",\"item\":\"https:\\\/\\\/www.gyekenyes-szallasajanlo.hu\\\/\"},{\"@type\":\"ListItem\",\"position\":2,\"name\":\"Our Offer\",\"item\":\"https:\\\/\\\/www.gyekenyes-szallasajanlo.hu\\\/ajanlatunk\\\/\"},{\"@type\":\"ListItem\",\"position\":3,\"name\":\"House Nr. 58-59.\"}]},{\"@type\":\"WebSite\",\"@id\":\"https:\\\/\\\/www.gyekenyes-szallasajanlo.hu\\\/#website\",\"url\":\"https:\\\/\\\/www.gyekenyes-szallasajanlo.hu\\\/\",\"name\":\"Gy\u00e9k\u00e9nyes sz\u00e1ll\u00e1saj\u00e1n\u00f3\",\"description\":\"Gy\u00e9k\u00e9nyes sz\u00e1ll\u00e1saj\u00e1n\u00f3\",\"potentialAction\":[{\"@type\":\"SearchAction\",\"target\":{\"@type\":\"EntryPoint\",\"urlTemplate\":\"https:\\\/\\\/www.gyekenyes-szallasajanlo.hu\\\/?s={search_term_string}\"},\"query-input\":{\"@type\":\"PropertyValueSpecification\",\"valueRequired\":true,\"valueName\":\"search_term_string\"}}],\"inLanguage\":\"en-US\"}]}<\/script>\n<!-- \/ Yoast SEO plugin. -->","yoast_head_json":{"title":"Gy\u00e9k\u00e9nyes sz\u00e1ll\u00e1saj\u00e1n\u00f3 - sz\u00e1ll\u00e1sok a gy\u00e9k\u00e9nyesi t\u00f3 partj\u00e1n","description":"Ezen a honlapon t\u00e1j\u00e9koz\u00f3dhatnak a gy\u00e9k\u00e9nyesi t\u00f3r\u00f3l illetve a v\u00edzparti sz\u00e1ll\u00e1s lehet\u0151s\u00e9geinkr\u0151l. Itt seg\u00edts\u00e9get tal\u00e1lnak a horg\u00e1szh\u00e1zak, nyaral\u00f3k kiv\u00e1laszt\u00e1s\u00e1ban.","robots":{"index":"index","follow":"follow","max-snippet":"max-snippet:-1","max-image-preview":"max-image-preview:large","max-video-preview":"max-video-preview:-1"},"canonical":"https:\/\/www.gyekenyes-szallasajanlo.hu\/ajanlatunk\/58-59-es-haz\/","twitter_misc":{"Est. reading time":"1 minute"},"schema":{"@context":"https:\/\/schema.org","@graph":[{"@type":"WebPage","@id":"https:\/\/www.gyekenyes-szallasajanlo.hu\/ajanlatunk\/58-59-es-haz\/","url":"https:\/\/www.gyekenyes-szallasajanlo.hu\/ajanlatunk\/58-59-es-haz\/","name":"Gy\u00e9k\u00e9nyes sz\u00e1ll\u00e1saj\u00e1n\u00f3 - sz\u00e1ll\u00e1sok a gy\u00e9k\u00e9nyesi t\u00f3 partj\u00e1n","isPartOf":{"@id":"https:\/\/www.gyekenyes-szallasajanlo.hu\/#website"},"primaryImageOfPage":{"@id":"https:\/\/www.gyekenyes-szallasajanlo.hu\/ajanlatunk\/58-59-es-haz\/#primaryimage"},"image":{"@id":"https:\/\/www.gyekenyes-szallasajanlo.hu\/ajanlatunk\/58-59-es-haz\/#primaryimage"},"thumbnailUrl":"https:\/\/www.gyekenyes-szallasajanlo.hu\/files\/h3.jpg","datePublished":"2012-02-22T10:46:42+00:00","dateModified":"2019-09-13T09:05:41+00:00","description":"Ezen a honlapon t\u00e1j\u00e9koz\u00f3dhatnak a gy\u00e9k\u00e9nyesi t\u00f3r\u00f3l illetve a v\u00edzparti sz\u00e1ll\u00e1s lehet\u0151s\u00e9geinkr\u0151l. Itt seg\u00edts\u00e9get tal\u00e1lnak a horg\u00e1szh\u00e1zak, nyaral\u00f3k kiv\u00e1laszt\u00e1s\u00e1ban.","breadcrumb":{"@id":"https:\/\/www.gyekenyes-szallasajanlo.hu\/ajanlatunk\/58-59-es-haz\/#breadcrumb"},"inLanguage":"en-US","potentialAction":[{"@type":"ReadAction","target":["https:\/\/www.gyekenyes-szallasajanlo.hu\/ajanlatunk\/58-59-es-haz\/"]}]},{"@type":"ImageObject","inLanguage":"en-US","@id":"https:\/\/www.gyekenyes-szallasajanlo.hu\/ajanlatunk\/58-59-es-haz\/#primaryimage","url":"https:\/\/www.gyekenyes-szallasajanlo.hu\/files\/h3.jpg","contentUrl":"https:\/\/www.gyekenyes-szallasajanlo.hu\/files\/h3.jpg","width":295,"height":241},{"@type":"BreadcrumbList","@id":"https:\/\/www.gyekenyes-szallasajanlo.hu\/ajanlatunk\/58-59-es-haz\/#breadcrumb","itemListElement":[{"@type":"ListItem","position":1,"name":"Kezd\u0151lap","item":"https:\/\/www.gyekenyes-szallasajanlo.hu\/"},{"@type":"ListItem","position":2,"name":"Our Offer","item":"https:\/\/www.gyekenyes-szallasajanlo.hu\/ajanlatunk\/"},{"@type":"ListItem","position":3,"name":"House Nr. 58-59."}]},{"@type":"WebSite","@id":"https:\/\/www.gyekenyes-szallasajanlo.hu\/#website","url":"https:\/\/www.gyekenyes-szallasajanlo.hu\/","name":"Gy\u00e9k\u00e9nyes sz\u00e1ll\u00e1saj\u00e1n\u00f3","description":"Gy\u00e9k\u00e9nyes sz\u00e1ll\u00e1saj\u00e1n\u00f3","potentialAction":[{"@type":"SearchAction","target":{"@type":"EntryPoint","urlTemplate":"https:\/\/www.gyekenyes-szallasajanlo.hu\/?s={search_term_string}"},"query-input":{"@type":"PropertyValueSpecification","valueRequired":true,"valueName":"search_term_string"}}],"inLanguage":"en-US"}]}},"_links":{"self":[{"href":"https:\/\/www.gyekenyes-szallasajanlo.hu\/en\/wp-json\/wp\/v2\/pages\/370","targetHints":{"allow":["GET"]}}],"collection":[{"href":"https:\/\/www.gyekenyes-szallasajanlo.hu\/en\/wp-json\/wp\/v2\/pages"}],"about":[{"href":"https:\/\/www.gyekenyes-szallasajanlo.hu\/en\/wp-json\/wp\/v2\/types\/page"}],"author":[{"embeddable":true,"href":"https:\/\/www.gyekenyes-szallasajanlo.hu\/en\/wp-json\/wp\/v2\/users\/18"}],"replies":[{"embeddable":true,"href":"https:\/\/www.gyekenyes-szallasajanlo.hu\/en\/wp-json\/wp\/v2\/comments?post=370"}],"version-history":[{"count":0,"href":"https:\/\/www.gyekenyes-szallasajanlo.hu\/en\/wp-json\/wp\/v2\/pages\/370\/revisions"}],"up":[{"embeddable":true,"href":"https:\/\/www.gyekenyes-szallasajanlo.hu\/en\/wp-json\/wp\/v2\/pages\/331"}],"wp:featuredmedia":[{"embeddable":true,"href":"https:\/\/www.gyekenyes-szallasajanlo.hu\/en\/wp-json\/wp\/v2\/media\/54"}],"wp:attachment":[{"href":"https:\/\/www.gyekenyes-szallasajanlo.hu\/en\/wp-json\/wp\/v2\/media?parent=370"}],"curies":[{"name":"wp","href":"https:\/\/api.w.org\/{rel}","templated":true}]}}