{"id":361,"date":"2012-02-22T10:29:37","date_gmt":"2012-02-22T10:29:37","guid":{"rendered":"http:\/\/www.gyekenyes-szallasajanlo.hu\/?page_id=361"},"modified":"2019-09-13T09:07:53","modified_gmt":"2019-09-13T09:07:53","slug":"house-nr-50","status":"publish","type":"page","link":"https:\/\/www.gyekenyes-szallasajanlo.hu\/en\/our-offer\/house-nr-50\/","title":{"rendered":"House Nr. 50."},"content":{"rendered":"<p>It has an upstairs and a downstairs, downstairs is the bathroom, a <a href=\"http:\/\/www.gyekenyes-szallasajanlo.hu\/files\/h2.jpg\"><img loading=\"lazy\" decoding=\"async\" class=\"alignright size-thumbnail wp-image-53\" src=\"http:\/\/www.gyekenyes-szallasajanlo.hu\/files\/h2-150x150.jpg\" alt=\"\" width=\"150\" height=\"150\" srcset=\"https:\/\/www.gyekenyes-szallasajanlo.hu\/files\/h2-150x150.jpg 150w, https:\/\/www.gyekenyes-szallasajanlo.hu\/files\/h2-202x202.jpg 202w, https:\/\/www.gyekenyes-szallasajanlo.hu\/files\/h2-240x240.jpg 240w\" sizes=\"auto, (max-width: 150px) 100vw, 150px\" \/><\/a>completely equipped American kitchen ( fridge, deep-freeze, microwave oven, gas cooker, cutlery, coffee machine), and the small hall, where there is a sofa. his is mainly used by fishing men.<br \/>\nUpstairs there are three rooms, the large room looks to the lake, with a large balcony going to the south. here is a double bed and a single bed. Int he other room there is a double bed and int he little room there is a single bed. So there can stay max. 8 people altogether.<\/p>\n<p>There is a Tv int he living room and int he room looking to the lake.<\/p>\n<p>The yard os separated from the neighbour with a hedge, so you should take care of your pet.<\/p>\n<p>Please consider it when choosing a house.<\/p>\n<p>The yard is not windy. It is going to the south, so we recommend it for guests, who would like to sunbathe and relax. We provide two deckchairs, a garden banch, grill possibility (grill, pot and grill plate) to their holiday.<\/p>\n<p><span style=\"color: #000000;\"><strong><span style=\"text-decoration: underline;\">For fishers:<\/span><\/strong><\/span><\/p>\n<p>This house is situated on two properties, so 3-4 fishers have secure place.<\/p>\n<p>Waterdepth is between 6-10m.\u00a0 Two large piers and a boat belong to the house, one of them is near waterlevel. There are two buoys in front of the house, one of them is in shallow water,the other in deep water.<\/p>\n<p>It is worth bringing fish food, you can take this by boat or feeding boat as well.<\/p>\n<p>On the pier there are a fishing stick holder, lights, and a dazzle lamp. We would like to make fishing at night more secure and more comfortable this way.<\/p>\n<p><a href=\"http:\/\/www.gyekenyes-szallasajanlo.hu\/files\/P1040291.jpg\"> <img loading=\"lazy\" decoding=\"async\" class=\"alignnone size-thumbnail wp-image-87\" src=\"http:\/\/www.gyekenyes-szallasajanlo.hu\/files\/P1040291-150x150.jpg\" alt=\"\" width=\"150\" height=\"150\" srcset=\"https:\/\/www.gyekenyes-szallasajanlo.hu\/files\/P1040291-150x150.jpg 150w, https:\/\/www.gyekenyes-szallasajanlo.hu\/files\/P1040291-202x202.jpg 202w, https:\/\/www.gyekenyes-szallasajanlo.hu\/files\/P1040291-240x240.jpg 240w\" sizes=\"auto, (max-width: 150px) 100vw, 150px\" \/><\/a>\u00a0<a href=\"http:\/\/www.gyekenyes-szallasajanlo.hu\/files\/P1040395.jpg\"><img loading=\"lazy\" decoding=\"async\" class=\"alignnone size-thumbnail wp-image-88\" src=\"http:\/\/www.gyekenyes-szallasajanlo.hu\/files\/P1040395-150x150.jpg\" alt=\"\" width=\"150\" height=\"150\" srcset=\"https:\/\/www.gyekenyes-szallasajanlo.hu\/files\/P1040395-150x150.jpg 150w, https:\/\/www.gyekenyes-szallasajanlo.hu\/files\/P1040395-202x202.jpg 202w, https:\/\/www.gyekenyes-szallasajanlo.hu\/files\/P1040395-240x240.jpg 240w\" sizes=\"auto, (max-width: 150px) 100vw, 150px\" \/><\/a>\u00a0<a href=\"http:\/\/www.gyekenyes-szallasajanlo.hu\/files\/P1040165.jpg\"><img loading=\"lazy\" decoding=\"async\" class=\"alignnone size-thumbnail wp-image-89\" src=\"http:\/\/www.gyekenyes-szallasajanlo.hu\/files\/P1040165-150x150.jpg\" alt=\"\" width=\"150\" height=\"150\" srcset=\"https:\/\/www.gyekenyes-szallasajanlo.hu\/files\/P1040165-150x150.jpg 150w, https:\/\/www.gyekenyes-szallasajanlo.hu\/files\/P1040165-202x202.jpg 202w, https:\/\/www.gyekenyes-szallasajanlo.hu\/files\/P1040165-240x240.jpg 240w\" sizes=\"auto, (max-width: 150px) 100vw, 150px\" \/><\/a>\u00a0<a href=\"http:\/\/www.gyekenyes-szallasajanlo.hu\/files\/P1040385.jpg\"><img loading=\"lazy\" decoding=\"async\" class=\"alignnone size-thumbnail wp-image-90\" src=\"http:\/\/www.gyekenyes-szallasajanlo.hu\/files\/P1040385-150x150.jpg\" alt=\"\" width=\"150\" height=\"150\" srcset=\"https:\/\/www.gyekenyes-szallasajanlo.hu\/files\/P1040385-150x150.jpg 150w, https:\/\/www.gyekenyes-szallasajanlo.hu\/files\/P1040385-202x202.jpg 202w, https:\/\/www.gyekenyes-szallasajanlo.hu\/files\/P1040385-240x240.jpg 240w\" sizes=\"auto, (max-width: 150px) 100vw, 150px\" \/><\/a>\u00a0<a href=\"http:\/\/www.gyekenyes-szallasajanlo.hu\/files\/r\u00f3zsasz\u00edn.jpg\"><img loading=\"lazy\" decoding=\"async\" class=\"alignnone size-thumbnail wp-image-91\" src=\"http:\/\/www.gyekenyes-szallasajanlo.hu\/files\/r\u00f3zsasz\u00edn-150x150.jpg\" alt=\"\" width=\"150\" height=\"150\" srcset=\"https:\/\/www.gyekenyes-szallasajanlo.hu\/files\/r\u00f3zsasz\u00edn-150x150.jpg 150w, https:\/\/www.gyekenyes-szallasajanlo.hu\/files\/r\u00f3zsasz\u00edn-202x202.jpg 202w, https:\/\/www.gyekenyes-szallasajanlo.hu\/files\/r\u00f3zsasz\u00edn-240x240.jpg 240w\" sizes=\"auto, (max-width: 150px) 100vw, 150px\" \/><\/a>\u00a0<a href=\"http:\/\/www.gyekenyes-szallasajanlo.hu\/files\/P1020786.jpg\"><img loading=\"lazy\" decoding=\"async\" class=\"alignnone size-thumbnail wp-image-92\" src=\"http:\/\/www.gyekenyes-szallasajanlo.hu\/files\/P1020786-150x150.jpg\" alt=\"\" width=\"150\" height=\"150\" srcset=\"https:\/\/www.gyekenyes-szallasajanlo.hu\/files\/P1020786-150x150.jpg 150w, https:\/\/www.gyekenyes-szallasajanlo.hu\/files\/P1020786-202x202.jpg 202w, https:\/\/www.gyekenyes-szallasajanlo.hu\/files\/P1020786-240x240.jpg 240w\" sizes=\"auto, (max-width: 150px) 100vw, 150px\" \/><\/a>\u00a0<a href=\"http:\/\/www.gyekenyes-szallasajanlo.hu\/files\/P1040358.jpg\"><img loading=\"lazy\" decoding=\"async\" class=\"alignnone size-thumbnail wp-image-93\" src=\"http:\/\/www.gyekenyes-szallasajanlo.hu\/files\/P1040358-150x150.jpg\" alt=\"\" width=\"150\" height=\"150\" srcset=\"https:\/\/www.gyekenyes-szallasajanlo.hu\/files\/P1040358-150x150.jpg 150w, https:\/\/www.gyekenyes-szallasajanlo.hu\/files\/P1040358-202x202.jpg 202w, https:\/\/www.gyekenyes-szallasajanlo.hu\/files\/P1040358-240x240.jpg 240w\" sizes=\"auto, (max-width: 150px) 100vw, 150px\" \/><\/a>\u00a0<a href=\"http:\/\/www.gyekenyes-szallasajanlo.hu\/files\/P1040371.jpg\"><img loading=\"lazy\" decoding=\"async\" class=\"alignnone size-thumbnail wp-image-94\" src=\"http:\/\/www.gyekenyes-szallasajanlo.hu\/files\/P1040371-150x150.jpg\" alt=\"\" width=\"150\" height=\"150\" srcset=\"https:\/\/www.gyekenyes-szallasajanlo.hu\/files\/P1040371-150x150.jpg 150w, https:\/\/www.gyekenyes-szallasajanlo.hu\/files\/P1040371-202x202.jpg 202w, https:\/\/www.gyekenyes-szallasajanlo.hu\/files\/P1040371-240x240.jpg 240w\" sizes=\"auto, (max-width: 150px) 100vw, 150px\" \/><\/a><\/p>\n","protected":false},"excerpt":{"rendered":"<p>It has an upstairs and a downstairs, downstairs is the bathroom, a completely equipped American kitchen ( fridge, deep-freeze, microwave oven, gas cooker, cutlery, coffee machine), and the small hall, where there is a sofa. his is mainly used by &hellip; <a href=\"https:\/\/www.gyekenyes-szallasajanlo.hu\/en\/our-offer\/house-nr-50\/\">Continue reading <span class=\"meta-nav\">&rarr;<\/span><\/a><\/p>\n","protected":false},"author":18,"featured_media":53,"parent":331,"menu_order":25,"comment_status":"open","ping_status":"closed","template":"","meta":{"footnotes":""},"class_list":["post-361","page","type-page","status-publish","has-post-thumbnail","hentry"],"yoast_head":"<!-- This site is optimized with the Yoast SEO plugin v27.5 - https:\/\/yoast.com\/product\/yoast-seo-wordpress\/ -->\n<title>Gy\u00e9k\u00e9nyes sz\u00e1ll\u00e1saj\u00e1n\u00f3 - sz\u00e1ll\u00e1sok a gy\u00e9k\u00e9nyesi t\u00f3 partj\u00e1n<\/title>\n<meta name=\"description\" content=\"Ezen a honlapon t\u00e1j\u00e9koz\u00f3dhatnak a gy\u00e9k\u00e9nyesi t\u00f3r\u00f3l illetve a v\u00edzparti sz\u00e1ll\u00e1s lehet\u0151s\u00e9geinkr\u0151l. Itt seg\u00edts\u00e9get tal\u00e1lnak a horg\u00e1szh\u00e1zak, nyaral\u00f3k kiv\u00e1laszt\u00e1s\u00e1ban.\" \/>\n<meta name=\"robots\" content=\"index, follow, max-snippet:-1, max-image-preview:large, max-video-preview:-1\" \/>\n<link rel=\"canonical\" href=\"https:\/\/www.gyekenyes-szallasajanlo.hu\/ajanlatunk\/50-es-haz\/\" \/>\n<meta name=\"twitter:label1\" content=\"Est. reading time\" \/>\n\t<meta name=\"twitter:data1\" content=\"1 minute\" \/>\n<script type=\"application\/ld+json\" class=\"yoast-schema-graph\">{\"@context\":\"https:\\\/\\\/schema.org\",\"@graph\":[{\"@type\":\"WebPage\",\"@id\":\"https:\\\/\\\/www.gyekenyes-szallasajanlo.hu\\\/ajanlatunk\\\/50-es-haz\\\/\",\"url\":\"https:\\\/\\\/www.gyekenyes-szallasajanlo.hu\\\/ajanlatunk\\\/50-es-haz\\\/\",\"name\":\"Gy\u00e9k\u00e9nyes sz\u00e1ll\u00e1saj\u00e1n\u00f3 - sz\u00e1ll\u00e1sok a gy\u00e9k\u00e9nyesi t\u00f3 partj\u00e1n\",\"isPartOf\":{\"@id\":\"https:\\\/\\\/www.gyekenyes-szallasajanlo.hu\\\/#website\"},\"primaryImageOfPage\":{\"@id\":\"https:\\\/\\\/www.gyekenyes-szallasajanlo.hu\\\/ajanlatunk\\\/50-es-haz\\\/#primaryimage\"},\"image\":{\"@id\":\"https:\\\/\\\/www.gyekenyes-szallasajanlo.hu\\\/ajanlatunk\\\/50-es-haz\\\/#primaryimage\"},\"thumbnailUrl\":\"https:\\\/\\\/www.gyekenyes-szallasajanlo.hu\\\/files\\\/h2.jpg\",\"datePublished\":\"2012-02-22T10:29:37+00:00\",\"dateModified\":\"2019-09-13T09:07:53+00:00\",\"description\":\"Ezen a honlapon t\u00e1j\u00e9koz\u00f3dhatnak a gy\u00e9k\u00e9nyesi t\u00f3r\u00f3l illetve a v\u00edzparti sz\u00e1ll\u00e1s lehet\u0151s\u00e9geinkr\u0151l. Itt seg\u00edts\u00e9get tal\u00e1lnak a horg\u00e1szh\u00e1zak, nyaral\u00f3k kiv\u00e1laszt\u00e1s\u00e1ban.\",\"breadcrumb\":{\"@id\":\"https:\\\/\\\/www.gyekenyes-szallasajanlo.hu\\\/ajanlatunk\\\/50-es-haz\\\/#breadcrumb\"},\"inLanguage\":\"en-US\",\"potentialAction\":[{\"@type\":\"ReadAction\",\"target\":[\"https:\\\/\\\/www.gyekenyes-szallasajanlo.hu\\\/ajanlatunk\\\/50-es-haz\\\/\"]}]},{\"@type\":\"ImageObject\",\"inLanguage\":\"en-US\",\"@id\":\"https:\\\/\\\/www.gyekenyes-szallasajanlo.hu\\\/ajanlatunk\\\/50-es-haz\\\/#primaryimage\",\"url\":\"https:\\\/\\\/www.gyekenyes-szallasajanlo.hu\\\/files\\\/h2.jpg\",\"contentUrl\":\"https:\\\/\\\/www.gyekenyes-szallasajanlo.hu\\\/files\\\/h2.jpg\",\"width\":295,\"height\":241},{\"@type\":\"BreadcrumbList\",\"@id\":\"https:\\\/\\\/www.gyekenyes-szallasajanlo.hu\\\/ajanlatunk\\\/50-es-haz\\\/#breadcrumb\",\"itemListElement\":[{\"@type\":\"ListItem\",\"position\":1,\"name\":\"Kezd\u0151lap\",\"item\":\"https:\\\/\\\/www.gyekenyes-szallasajanlo.hu\\\/\"},{\"@type\":\"ListItem\",\"position\":2,\"name\":\"Our Offer\",\"item\":\"https:\\\/\\\/www.gyekenyes-szallasajanlo.hu\\\/ajanlatunk\\\/\"},{\"@type\":\"ListItem\",\"position\":3,\"name\":\"House Nr. 50.\"}]},{\"@type\":\"WebSite\",\"@id\":\"https:\\\/\\\/www.gyekenyes-szallasajanlo.hu\\\/#website\",\"url\":\"https:\\\/\\\/www.gyekenyes-szallasajanlo.hu\\\/\",\"name\":\"Gy\u00e9k\u00e9nyes sz\u00e1ll\u00e1saj\u00e1n\u00f3\",\"description\":\"Gy\u00e9k\u00e9nyes sz\u00e1ll\u00e1saj\u00e1n\u00f3\",\"potentialAction\":[{\"@type\":\"SearchAction\",\"target\":{\"@type\":\"EntryPoint\",\"urlTemplate\":\"https:\\\/\\\/www.gyekenyes-szallasajanlo.hu\\\/?s={search_term_string}\"},\"query-input\":{\"@type\":\"PropertyValueSpecification\",\"valueRequired\":true,\"valueName\":\"search_term_string\"}}],\"inLanguage\":\"en-US\"}]}<\/script>\n<!-- \/ Yoast SEO plugin. -->","yoast_head_json":{"title":"Gy\u00e9k\u00e9nyes sz\u00e1ll\u00e1saj\u00e1n\u00f3 - sz\u00e1ll\u00e1sok a gy\u00e9k\u00e9nyesi t\u00f3 partj\u00e1n","description":"Ezen a honlapon t\u00e1j\u00e9koz\u00f3dhatnak a gy\u00e9k\u00e9nyesi t\u00f3r\u00f3l illetve a v\u00edzparti sz\u00e1ll\u00e1s lehet\u0151s\u00e9geinkr\u0151l. Itt seg\u00edts\u00e9get tal\u00e1lnak a horg\u00e1szh\u00e1zak, nyaral\u00f3k kiv\u00e1laszt\u00e1s\u00e1ban.","robots":{"index":"index","follow":"follow","max-snippet":"max-snippet:-1","max-image-preview":"max-image-preview:large","max-video-preview":"max-video-preview:-1"},"canonical":"https:\/\/www.gyekenyes-szallasajanlo.hu\/ajanlatunk\/50-es-haz\/","twitter_misc":{"Est. reading time":"1 minute"},"schema":{"@context":"https:\/\/schema.org","@graph":[{"@type":"WebPage","@id":"https:\/\/www.gyekenyes-szallasajanlo.hu\/ajanlatunk\/50-es-haz\/","url":"https:\/\/www.gyekenyes-szallasajanlo.hu\/ajanlatunk\/50-es-haz\/","name":"Gy\u00e9k\u00e9nyes sz\u00e1ll\u00e1saj\u00e1n\u00f3 - sz\u00e1ll\u00e1sok a gy\u00e9k\u00e9nyesi t\u00f3 partj\u00e1n","isPartOf":{"@id":"https:\/\/www.gyekenyes-szallasajanlo.hu\/#website"},"primaryImageOfPage":{"@id":"https:\/\/www.gyekenyes-szallasajanlo.hu\/ajanlatunk\/50-es-haz\/#primaryimage"},"image":{"@id":"https:\/\/www.gyekenyes-szallasajanlo.hu\/ajanlatunk\/50-es-haz\/#primaryimage"},"thumbnailUrl":"https:\/\/www.gyekenyes-szallasajanlo.hu\/files\/h2.jpg","datePublished":"2012-02-22T10:29:37+00:00","dateModified":"2019-09-13T09:07:53+00:00","description":"Ezen a honlapon t\u00e1j\u00e9koz\u00f3dhatnak a gy\u00e9k\u00e9nyesi t\u00f3r\u00f3l illetve a v\u00edzparti sz\u00e1ll\u00e1s lehet\u0151s\u00e9geinkr\u0151l. Itt seg\u00edts\u00e9get tal\u00e1lnak a horg\u00e1szh\u00e1zak, nyaral\u00f3k kiv\u00e1laszt\u00e1s\u00e1ban.","breadcrumb":{"@id":"https:\/\/www.gyekenyes-szallasajanlo.hu\/ajanlatunk\/50-es-haz\/#breadcrumb"},"inLanguage":"en-US","potentialAction":[{"@type":"ReadAction","target":["https:\/\/www.gyekenyes-szallasajanlo.hu\/ajanlatunk\/50-es-haz\/"]}]},{"@type":"ImageObject","inLanguage":"en-US","@id":"https:\/\/www.gyekenyes-szallasajanlo.hu\/ajanlatunk\/50-es-haz\/#primaryimage","url":"https:\/\/www.gyekenyes-szallasajanlo.hu\/files\/h2.jpg","contentUrl":"https:\/\/www.gyekenyes-szallasajanlo.hu\/files\/h2.jpg","width":295,"height":241},{"@type":"BreadcrumbList","@id":"https:\/\/www.gyekenyes-szallasajanlo.hu\/ajanlatunk\/50-es-haz\/#breadcrumb","itemListElement":[{"@type":"ListItem","position":1,"name":"Kezd\u0151lap","item":"https:\/\/www.gyekenyes-szallasajanlo.hu\/"},{"@type":"ListItem","position":2,"name":"Our Offer","item":"https:\/\/www.gyekenyes-szallasajanlo.hu\/ajanlatunk\/"},{"@type":"ListItem","position":3,"name":"House Nr. 50."}]},{"@type":"WebSite","@id":"https:\/\/www.gyekenyes-szallasajanlo.hu\/#website","url":"https:\/\/www.gyekenyes-szallasajanlo.hu\/","name":"Gy\u00e9k\u00e9nyes sz\u00e1ll\u00e1saj\u00e1n\u00f3","description":"Gy\u00e9k\u00e9nyes sz\u00e1ll\u00e1saj\u00e1n\u00f3","potentialAction":[{"@type":"SearchAction","target":{"@type":"EntryPoint","urlTemplate":"https:\/\/www.gyekenyes-szallasajanlo.hu\/?s={search_term_string}"},"query-input":{"@type":"PropertyValueSpecification","valueRequired":true,"valueName":"search_term_string"}}],"inLanguage":"en-US"}]}},"_links":{"self":[{"href":"https:\/\/www.gyekenyes-szallasajanlo.hu\/en\/wp-json\/wp\/v2\/pages\/361","targetHints":{"allow":["GET"]}}],"collection":[{"href":"https:\/\/www.gyekenyes-szallasajanlo.hu\/en\/wp-json\/wp\/v2\/pages"}],"about":[{"href":"https:\/\/www.gyekenyes-szallasajanlo.hu\/en\/wp-json\/wp\/v2\/types\/page"}],"author":[{"embeddable":true,"href":"https:\/\/www.gyekenyes-szallasajanlo.hu\/en\/wp-json\/wp\/v2\/users\/18"}],"replies":[{"embeddable":true,"href":"https:\/\/www.gyekenyes-szallasajanlo.hu\/en\/wp-json\/wp\/v2\/comments?post=361"}],"version-history":[{"count":0,"href":"https:\/\/www.gyekenyes-szallasajanlo.hu\/en\/wp-json\/wp\/v2\/pages\/361\/revisions"}],"up":[{"embeddable":true,"href":"https:\/\/www.gyekenyes-szallasajanlo.hu\/en\/wp-json\/wp\/v2\/pages\/331"}],"wp:featuredmedia":[{"embeddable":true,"href":"https:\/\/www.gyekenyes-szallasajanlo.hu\/en\/wp-json\/wp\/v2\/media\/53"}],"wp:attachment":[{"href":"https:\/\/www.gyekenyes-szallasajanlo.hu\/en\/wp-json\/wp\/v2\/media?parent=361"}],"curies":[{"name":"wp","href":"https:\/\/api.w.org\/{rel}","templated":true}]}}