{"id":347,"date":"2012-02-22T09:55:10","date_gmt":"2012-02-22T09:55:10","guid":{"rendered":"http:\/\/www.gyekenyes-szallasajanlo.hu\/?page_id=347"},"modified":"2019-09-13T09:06:56","modified_gmt":"2019-09-13T09:06:56","slug":"house-nr-35","status":"publish","type":"page","link":"https:\/\/www.gyekenyes-szallasajanlo.hu\/en\/our-offer\/house-nr-35\/","title":{"rendered":"House Nr. 35."},"content":{"rendered":"<p><span style=\"color: #ff0000;\"><a href=\"http:\/\/www.gyekenyes-szallasajanlo.hu\/files\/h1.jpg\"><img loading=\"lazy\" decoding=\"async\" class=\"alignright size-thumbnail wp-image-52\" src=\"http:\/\/www.gyekenyes-szallasajanlo.hu\/files\/h1-150x150.jpg\" alt=\"\" width=\"150\" height=\"150\" \/><\/a><\/span><br \/>\nIt has an upstairs and a downstairs, downstairs is the bathroom, a completely equipped American kitchen ( fridge, deep-freeze, microwave oven, gas cooker, cutlery, coffee machine), and the small hall, where there is a sofa. his is mainly used by fishing men.<br \/>\nUpstairs there are two rooms, one looks to the lake, with a large balcony going to the south. Here is a double bed and int he other room a French bed and a single bed. So there can be altogether 7 people. There is a Tv int he living room and one int he room looking to the lake.<\/p>\n<p>The area in front of the house is separated just with a rail, so a pet can easily get away. Please consider this when choosing your house.<\/p>\n<p>The yard is not windy. It goes to the south so we recommend it mainly for guests, who would like to sunbathe and relax here. We provide two deckchairs, a garden banch, grill possibility (grill, pot and grill plate) to their holiday.<\/p>\n<p><span style=\"color: #000000;\"><strong><span style=\"text-decoration: underline;\">For fishers:<\/span><\/strong><\/span><\/p>\n<p>A large pier and an 8 m long pier belong to the house to make fish keeping easier.<\/p>\n<p>I call your attention that both neighbours are fishers here,so this house is recommended for only one fisher.<\/p>\n<p>It is allowed to throw to the reeds so here is the best chance to catch fish from my 4 houses. Water depth at the buoy is about 4-5 m.<\/p>\n<p>If more fishers would come at the same time, please choose from my other houses because there even more than 2 fishers have comfortable place.<\/p>\n<p>If more than on fisher should come, I recommend for other fishers to use a boat.<\/p>\n<p>It is worth bringing fish food, you can take this by boat or feeding boat as well.<\/p>\n<p>On the pier there are a fishing stick holder, lights, and a dazzle lamp. We would like to make fishing at night more secure and more comfortable this way.<\/p>\n<p><a href=\"http:\/\/www.gyekenyes-szallasajanlo.hu\/files\/h1.jpg\"><img loading=\"lazy\" decoding=\"async\" class=\"alignnone size-thumbnail wp-image-52\" src=\"http:\/\/www.gyekenyes-szallasajanlo.hu\/files\/h1-150x150.jpg\" alt=\"\" width=\"150\" height=\"150\" \/><\/a>\u00a0<a href=\"http:\/\/www.gyekenyes-szallasajanlo.hu\/files\/P1040300.jpg\"><img loading=\"lazy\" decoding=\"async\" class=\"alignnone size-thumbnail wp-image-107\" src=\"http:\/\/www.gyekenyes-szallasajanlo.hu\/files\/P1040300-150x150.jpg\" alt=\"\" width=\"150\" height=\"150\" srcset=\"https:\/\/www.gyekenyes-szallasajanlo.hu\/files\/P1040300-150x150.jpg 150w, https:\/\/www.gyekenyes-szallasajanlo.hu\/files\/P1040300-202x202.jpg 202w, https:\/\/www.gyekenyes-szallasajanlo.hu\/files\/P1040300-240x240.jpg 240w\" sizes=\"auto, (max-width: 150px) 100vw, 150px\" \/><\/a>\u00a0<a href=\"http:\/\/www.gyekenyes-szallasajanlo.hu\/files\/P1040201.jpg\"><img loading=\"lazy\" decoding=\"async\" class=\"alignnone size-thumbnail wp-image-108\" src=\"http:\/\/www.gyekenyes-szallasajanlo.hu\/files\/P1040201-150x150.jpg\" alt=\"\" width=\"150\" height=\"150\" srcset=\"https:\/\/www.gyekenyes-szallasajanlo.hu\/files\/P1040201-150x150.jpg 150w, https:\/\/www.gyekenyes-szallasajanlo.hu\/files\/P1040201-202x202.jpg 202w, https:\/\/www.gyekenyes-szallasajanlo.hu\/files\/P1040201-240x240.jpg 240w\" sizes=\"auto, (max-width: 150px) 100vw, 150px\" \/><\/a>\u00a0<a href=\"http:\/\/www.gyekenyes-szallasajanlo.hu\/files\/s\u00e1rga.jpg\"><img loading=\"lazy\" decoding=\"async\" class=\"alignnone size-thumbnail wp-image-113\" src=\"http:\/\/www.gyekenyes-szallasajanlo.hu\/files\/s\u00e1rga-150x150.jpg\" alt=\"\" width=\"150\" height=\"150\" srcset=\"https:\/\/www.gyekenyes-szallasajanlo.hu\/files\/s\u00e1rga-150x150.jpg 150w, https:\/\/www.gyekenyes-szallasajanlo.hu\/files\/s\u00e1rga-202x202.jpg 202w, https:\/\/www.gyekenyes-szallasajanlo.hu\/files\/s\u00e1rga-240x240.jpg 240w\" sizes=\"auto, (max-width: 150px) 100vw, 150px\" \/><\/a>\u00a0<a href=\"http:\/\/www.gyekenyes-szallasajanlo.hu\/files\/P1040415.jpg\"><img loading=\"lazy\" decoding=\"async\" class=\"alignnone size-thumbnail wp-image-110\" src=\"http:\/\/www.gyekenyes-szallasajanlo.hu\/files\/P1040415-150x150.jpg\" alt=\"\" width=\"150\" height=\"150\" srcset=\"https:\/\/www.gyekenyes-szallasajanlo.hu\/files\/P1040415-150x150.jpg 150w, https:\/\/www.gyekenyes-szallasajanlo.hu\/files\/P1040415-202x202.jpg 202w, https:\/\/www.gyekenyes-szallasajanlo.hu\/files\/P1040415-240x240.jpg 240w\" sizes=\"auto, (max-width: 150px) 100vw, 150px\" \/><\/a>\u00a0<a href=\"http:\/\/www.gyekenyes-szallasajanlo.hu\/files\/P1040192.jpg\"><img loading=\"lazy\" decoding=\"async\" class=\"alignnone size-thumbnail wp-image-111\" src=\"http:\/\/www.gyekenyes-szallasajanlo.hu\/files\/P1040192-150x150.jpg\" alt=\"\" width=\"150\" height=\"150\" srcset=\"https:\/\/www.gyekenyes-szallasajanlo.hu\/files\/P1040192-150x150.jpg 150w, https:\/\/www.gyekenyes-szallasajanlo.hu\/files\/P1040192-202x202.jpg 202w, https:\/\/www.gyekenyes-szallasajanlo.hu\/files\/P1040192-240x240.jpg 240w\" sizes=\"auto, (max-width: 150px) 100vw, 150px\" \/><\/a><\/p>\n","protected":false},"excerpt":{"rendered":"<p>It has an upstairs and a downstairs, downstairs is the bathroom, a completely equipped American kitchen ( fridge, deep-freeze, microwave oven, gas cooker, cutlery, coffee machine), and the small hall, where there is a sofa. his is mainly used by &hellip; <a href=\"https:\/\/www.gyekenyes-szallasajanlo.hu\/en\/our-offer\/house-nr-35\/\">Continue reading <span class=\"meta-nav\">&rarr;<\/span><\/a><\/p>\n","protected":false},"author":18,"featured_media":0,"parent":331,"menu_order":24,"comment_status":"open","ping_status":"closed","template":"","meta":{"footnotes":""},"class_list":["post-347","page","type-page","status-publish","hentry"],"yoast_head":"<!-- This site is optimized with the Yoast SEO plugin v27.5 - https:\/\/yoast.com\/product\/yoast-seo-wordpress\/ -->\n<title>Gy\u00e9k\u00e9nyes sz\u00e1ll\u00e1saj\u00e1n\u00f3 - sz\u00e1ll\u00e1sok a gy\u00e9k\u00e9nyesi t\u00f3 partj\u00e1n<\/title>\n<meta name=\"description\" content=\"Ezen a honlapon t\u00e1j\u00e9koz\u00f3dhatnak a gy\u00e9k\u00e9nyesi t\u00f3r\u00f3l illetve a v\u00edzparti sz\u00e1ll\u00e1s lehet\u0151s\u00e9geinkr\u0151l. Itt seg\u00edts\u00e9get tal\u00e1lnak a horg\u00e1szh\u00e1zak, nyaral\u00f3k kiv\u00e1laszt\u00e1s\u00e1ban.\" \/>\n<meta name=\"robots\" content=\"index, follow, max-snippet:-1, max-image-preview:large, max-video-preview:-1\" \/>\n<link rel=\"canonical\" href=\"https:\/\/www.gyekenyes-szallasajanlo.hu\/ajanlatunk\/35-os-haz\/\" \/>\n<meta name=\"twitter:label1\" content=\"Est. reading time\" \/>\n\t<meta name=\"twitter:data1\" content=\"2 minutes\" \/>\n<script type=\"application\/ld+json\" class=\"yoast-schema-graph\">{\"@context\":\"https:\\\/\\\/schema.org\",\"@graph\":[{\"@type\":\"WebPage\",\"@id\":\"https:\\\/\\\/www.gyekenyes-szallasajanlo.hu\\\/ajanlatunk\\\/35-os-haz\\\/\",\"url\":\"https:\\\/\\\/www.gyekenyes-szallasajanlo.hu\\\/ajanlatunk\\\/35-os-haz\\\/\",\"name\":\"Gy\u00e9k\u00e9nyes sz\u00e1ll\u00e1saj\u00e1n\u00f3 - sz\u00e1ll\u00e1sok a gy\u00e9k\u00e9nyesi t\u00f3 partj\u00e1n\",\"isPartOf\":{\"@id\":\"https:\\\/\\\/www.gyekenyes-szallasajanlo.hu\\\/#website\"},\"primaryImageOfPage\":{\"@id\":\"https:\\\/\\\/www.gyekenyes-szallasajanlo.hu\\\/ajanlatunk\\\/35-os-haz\\\/#primaryimage\"},\"image\":{\"@id\":\"https:\\\/\\\/www.gyekenyes-szallasajanlo.hu\\\/ajanlatunk\\\/35-os-haz\\\/#primaryimage\"},\"thumbnailUrl\":\"http:\\\/\\\/www.gyekenyes-szallasajanlo.hu\\\/files\\\/h1-150x150.jpg\",\"datePublished\":\"2012-02-22T09:55:10+00:00\",\"dateModified\":\"2019-09-13T09:06:56+00:00\",\"description\":\"Ezen a honlapon t\u00e1j\u00e9koz\u00f3dhatnak a gy\u00e9k\u00e9nyesi t\u00f3r\u00f3l illetve a v\u00edzparti sz\u00e1ll\u00e1s lehet\u0151s\u00e9geinkr\u0151l. Itt seg\u00edts\u00e9get tal\u00e1lnak a horg\u00e1szh\u00e1zak, nyaral\u00f3k kiv\u00e1laszt\u00e1s\u00e1ban.\",\"breadcrumb\":{\"@id\":\"https:\\\/\\\/www.gyekenyes-szallasajanlo.hu\\\/ajanlatunk\\\/35-os-haz\\\/#breadcrumb\"},\"inLanguage\":\"en-US\",\"potentialAction\":[{\"@type\":\"ReadAction\",\"target\":[\"https:\\\/\\\/www.gyekenyes-szallasajanlo.hu\\\/ajanlatunk\\\/35-os-haz\\\/\"]}]},{\"@type\":\"ImageObject\",\"inLanguage\":\"en-US\",\"@id\":\"https:\\\/\\\/www.gyekenyes-szallasajanlo.hu\\\/ajanlatunk\\\/35-os-haz\\\/#primaryimage\",\"url\":\"http:\\\/\\\/www.gyekenyes-szallasajanlo.hu\\\/files\\\/h1-150x150.jpg\",\"contentUrl\":\"http:\\\/\\\/www.gyekenyes-szallasajanlo.hu\\\/files\\\/h1-150x150.jpg\"},{\"@type\":\"BreadcrumbList\",\"@id\":\"https:\\\/\\\/www.gyekenyes-szallasajanlo.hu\\\/ajanlatunk\\\/35-os-haz\\\/#breadcrumb\",\"itemListElement\":[{\"@type\":\"ListItem\",\"position\":1,\"name\":\"Kezd\u0151lap\",\"item\":\"https:\\\/\\\/www.gyekenyes-szallasajanlo.hu\\\/\"},{\"@type\":\"ListItem\",\"position\":2,\"name\":\"Our Offer\",\"item\":\"https:\\\/\\\/www.gyekenyes-szallasajanlo.hu\\\/ajanlatunk\\\/\"},{\"@type\":\"ListItem\",\"position\":3,\"name\":\"House Nr. 35.\"}]},{\"@type\":\"WebSite\",\"@id\":\"https:\\\/\\\/www.gyekenyes-szallasajanlo.hu\\\/#website\",\"url\":\"https:\\\/\\\/www.gyekenyes-szallasajanlo.hu\\\/\",\"name\":\"Gy\u00e9k\u00e9nyes sz\u00e1ll\u00e1saj\u00e1n\u00f3\",\"description\":\"Gy\u00e9k\u00e9nyes sz\u00e1ll\u00e1saj\u00e1n\u00f3\",\"potentialAction\":[{\"@type\":\"SearchAction\",\"target\":{\"@type\":\"EntryPoint\",\"urlTemplate\":\"https:\\\/\\\/www.gyekenyes-szallasajanlo.hu\\\/?s={search_term_string}\"},\"query-input\":{\"@type\":\"PropertyValueSpecification\",\"valueRequired\":true,\"valueName\":\"search_term_string\"}}],\"inLanguage\":\"en-US\"}]}<\/script>\n<!-- \/ Yoast SEO plugin. -->","yoast_head_json":{"title":"Gy\u00e9k\u00e9nyes sz\u00e1ll\u00e1saj\u00e1n\u00f3 - sz\u00e1ll\u00e1sok a gy\u00e9k\u00e9nyesi t\u00f3 partj\u00e1n","description":"Ezen a honlapon t\u00e1j\u00e9koz\u00f3dhatnak a gy\u00e9k\u00e9nyesi t\u00f3r\u00f3l illetve a v\u00edzparti sz\u00e1ll\u00e1s lehet\u0151s\u00e9geinkr\u0151l. Itt seg\u00edts\u00e9get tal\u00e1lnak a horg\u00e1szh\u00e1zak, nyaral\u00f3k kiv\u00e1laszt\u00e1s\u00e1ban.","robots":{"index":"index","follow":"follow","max-snippet":"max-snippet:-1","max-image-preview":"max-image-preview:large","max-video-preview":"max-video-preview:-1"},"canonical":"https:\/\/www.gyekenyes-szallasajanlo.hu\/ajanlatunk\/35-os-haz\/","twitter_misc":{"Est. reading time":"2 minutes"},"schema":{"@context":"https:\/\/schema.org","@graph":[{"@type":"WebPage","@id":"https:\/\/www.gyekenyes-szallasajanlo.hu\/ajanlatunk\/35-os-haz\/","url":"https:\/\/www.gyekenyes-szallasajanlo.hu\/ajanlatunk\/35-os-haz\/","name":"Gy\u00e9k\u00e9nyes sz\u00e1ll\u00e1saj\u00e1n\u00f3 - sz\u00e1ll\u00e1sok a gy\u00e9k\u00e9nyesi t\u00f3 partj\u00e1n","isPartOf":{"@id":"https:\/\/www.gyekenyes-szallasajanlo.hu\/#website"},"primaryImageOfPage":{"@id":"https:\/\/www.gyekenyes-szallasajanlo.hu\/ajanlatunk\/35-os-haz\/#primaryimage"},"image":{"@id":"https:\/\/www.gyekenyes-szallasajanlo.hu\/ajanlatunk\/35-os-haz\/#primaryimage"},"thumbnailUrl":"http:\/\/www.gyekenyes-szallasajanlo.hu\/files\/h1-150x150.jpg","datePublished":"2012-02-22T09:55:10+00:00","dateModified":"2019-09-13T09:06:56+00:00","description":"Ezen a honlapon t\u00e1j\u00e9koz\u00f3dhatnak a gy\u00e9k\u00e9nyesi t\u00f3r\u00f3l illetve a v\u00edzparti sz\u00e1ll\u00e1s lehet\u0151s\u00e9geinkr\u0151l. Itt seg\u00edts\u00e9get tal\u00e1lnak a horg\u00e1szh\u00e1zak, nyaral\u00f3k kiv\u00e1laszt\u00e1s\u00e1ban.","breadcrumb":{"@id":"https:\/\/www.gyekenyes-szallasajanlo.hu\/ajanlatunk\/35-os-haz\/#breadcrumb"},"inLanguage":"en-US","potentialAction":[{"@type":"ReadAction","target":["https:\/\/www.gyekenyes-szallasajanlo.hu\/ajanlatunk\/35-os-haz\/"]}]},{"@type":"ImageObject","inLanguage":"en-US","@id":"https:\/\/www.gyekenyes-szallasajanlo.hu\/ajanlatunk\/35-os-haz\/#primaryimage","url":"http:\/\/www.gyekenyes-szallasajanlo.hu\/files\/h1-150x150.jpg","contentUrl":"http:\/\/www.gyekenyes-szallasajanlo.hu\/files\/h1-150x150.jpg"},{"@type":"BreadcrumbList","@id":"https:\/\/www.gyekenyes-szallasajanlo.hu\/ajanlatunk\/35-os-haz\/#breadcrumb","itemListElement":[{"@type":"ListItem","position":1,"name":"Kezd\u0151lap","item":"https:\/\/www.gyekenyes-szallasajanlo.hu\/"},{"@type":"ListItem","position":2,"name":"Our Offer","item":"https:\/\/www.gyekenyes-szallasajanlo.hu\/ajanlatunk\/"},{"@type":"ListItem","position":3,"name":"House Nr. 35."}]},{"@type":"WebSite","@id":"https:\/\/www.gyekenyes-szallasajanlo.hu\/#website","url":"https:\/\/www.gyekenyes-szallasajanlo.hu\/","name":"Gy\u00e9k\u00e9nyes sz\u00e1ll\u00e1saj\u00e1n\u00f3","description":"Gy\u00e9k\u00e9nyes sz\u00e1ll\u00e1saj\u00e1n\u00f3","potentialAction":[{"@type":"SearchAction","target":{"@type":"EntryPoint","urlTemplate":"https:\/\/www.gyekenyes-szallasajanlo.hu\/?s={search_term_string}"},"query-input":{"@type":"PropertyValueSpecification","valueRequired":true,"valueName":"search_term_string"}}],"inLanguage":"en-US"}]}},"_links":{"self":[{"href":"https:\/\/www.gyekenyes-szallasajanlo.hu\/en\/wp-json\/wp\/v2\/pages\/347","targetHints":{"allow":["GET"]}}],"collection":[{"href":"https:\/\/www.gyekenyes-szallasajanlo.hu\/en\/wp-json\/wp\/v2\/pages"}],"about":[{"href":"https:\/\/www.gyekenyes-szallasajanlo.hu\/en\/wp-json\/wp\/v2\/types\/page"}],"author":[{"embeddable":true,"href":"https:\/\/www.gyekenyes-szallasajanlo.hu\/en\/wp-json\/wp\/v2\/users\/18"}],"replies":[{"embeddable":true,"href":"https:\/\/www.gyekenyes-szallasajanlo.hu\/en\/wp-json\/wp\/v2\/comments?post=347"}],"version-history":[{"count":0,"href":"https:\/\/www.gyekenyes-szallasajanlo.hu\/en\/wp-json\/wp\/v2\/pages\/347\/revisions"}],"up":[{"embeddable":true,"href":"https:\/\/www.gyekenyes-szallasajanlo.hu\/en\/wp-json\/wp\/v2\/pages\/331"}],"wp:attachment":[{"href":"https:\/\/www.gyekenyes-szallasajanlo.hu\/en\/wp-json\/wp\/v2\/media?parent=347"}],"curies":[{"name":"wp","href":"https:\/\/api.w.org\/{rel}","templated":true}]}}