{"id":333,"date":"2012-02-21T16:15:53","date_gmt":"2012-02-21T16:15:53","guid":{"rendered":"http:\/\/www.gyekenyes-szallasajanlo.hu\/?page_id=333"},"modified":"2012-02-22T09:51:26","modified_gmt":"2012-02-22T09:51:26","slug":"gyekenyes-2","status":"publish","type":"page","link":"https:\/\/www.gyekenyes-szallasajanlo.hu\/en\/gyekenyes-2\/","title":{"rendered":"Gy\u00e9k\u00e9nyes"},"content":{"rendered":"<p>&nbsp;<\/p>\n<p>Gy\u00e9k\u00e9nyes is a village in Somogy county, which is famous for its mine lake.<\/p>\n<p>&nbsp;<\/p>\n<p>The secret of its success lies not just int he crystal clear water spreading 340 acres, and in its legendary springs, but also int he untouched and peaceful environment, that fascinates the traveller at the first moment.<\/p>\n<p>&nbsp;<\/p>\n<p>Gy\u00e9k\u00e9nyes and its surroundings provide a relaxing possibility for all the family.<\/p>\n<p>&nbsp;<\/p>\n<p>Apart from fishing and sunbathing there is a possibility for scuba-diving, or making excursions to discover the nature park around.<\/p>\n<p>&nbsp;<\/p>\n<p>The traditional Triatlon competition of Nagyat\u00e1d keeps the swimming part as well ont he Kotr\u00f3 Lake of Gy\u00e9k\u00e9nyes.<\/p>\n<p>&nbsp;<\/p>\n<p>Gy\u00e9k\u00e9nyes is an international railway station, it is the most important border point of southern Transdanubia ont he route of Budapest-Zagreb-Rijeka.<\/p>\n<p>&nbsp;<\/p>\n<p><span style=\"color: #000000;text-decoration: underline\"><strong>The history of Gy\u00e9k\u00e9nyes<\/strong><\/span><\/p>\n<p><strong><\/strong>\u00a0<\/p>\n<p>Gy\u00e9k\u00e9nyes was first mentioned in documents int he 1380s. In 1446 descendants of the family Marczali, later L\u00e1szl\u00f3 Z\u00e1k\u00e1nyi\u2019s daughters were the owners. In 1489 it is the area of Istv\u00e1n Szerdahelyi, then the family B\u00e1thory received the areas here. In 1598-99 Ferenc N\u00e1dasdy was the owner. After Kanizsa was lost, in 1600 the Turks invaded the village. In 1677 Lipot I. granted the area to Gy\u00f6rgy Sz\u00e9chenyi, the archbishop of Kalocsa. The area had hardly any inhabitants. Even int he 1720s the population was only 200-300 people. The owners are in 1733 Krist\u00f3f Festetics, J\u00e1nos Inkey, in 1776 P\u00e1l Festetics and earl Ferenc Sz\u00e9chenyi, frim 1835 the family Zichy.<\/p>\n<p>&nbsp;<\/p>\n<p>In 1859 a large part of the village burnt down. In 1872- Als\u00f3gy\u00e9k\u00e9nyes and Fels\u0151gy\u00e9k\u00e9nyes established a notary together, ten years later the independent villages joined under the name Gy\u00e9k\u00e9nyes. The development after the Conciliation had a good effect on this region. Ont he railway bridge over the river Dr\u00e1va the first train started to the Croatian capital on 5 January 1870.<\/p>\n<p>&nbsp;<\/p>\n<p>The village received the rank of a big village in 1907. After the Trianon Peace Agreement the role of Gy\u00e9k\u00e9nyes: it is a border village.<\/p>\n<p>&nbsp;<\/p>\n<p>In 1932 they were already minin gin the pebbel mine of the village, which provides work for a lot of people even today.<\/p>\n<p>&nbsp;<\/p>\n<p>The old school of the Szabads\u00e1g Square was renovated and this way the Old People\u2019s Caring Home was opened in 1996, which provides day-care or boarding for elderly people in need.<\/p>\n<p>&nbsp;<\/p>\n<p>From 1996 Gy\u00e9k\u00e9nyes is part of the Danube-Dr\u00e1va National Park.<\/p>\n<p>&nbsp;<\/p>\n<p>Useful links.:<br \/>\n\u00a0\u00a0\u00a0\u00a0\u00a0\u00a0\u00a0\u00a0\u00a0\u00a0\u00a0\u00a0\u00a0\u00a0\u00a0\u00a0\u00a0\u00a0\u00a0\u00a0\u00a0\u00a0\u00a0\u00a0<a href=\"http:\/\/www.gyekenyes.hu\/\">http:\/\/www.gyekenyes.hu\/<\/a><br \/>\n\u00a0\u00a0\u00a0\u00a0\u00a0\u00a0\u00a0\u00a0\u00a0\u00a0\u00a0\u00a0\u00a0\u00a0\u00a0\u00a0\u00a0\u00a0\u00a0\u00a0\u00a0\u00a0\u00a0 <a href=\"http:\/\/www.gyekenyesihorgaszat.hu\/\">http:\/\/www.gyekenyesihorgaszat.hu\/<\/a><strong><\/strong>\u00a0<br \/>\n\u00a0\u00a0\u00a0\u00a0\u00a0\u00a0\u00a0\u00a0\u00a0\u00a0\u00a0\u00a0\u00a0\u00a0\u00a0\u00a0\u00a0\u00a0\u00a0\u00a0\u00a0\u00a0\u00a0\u00a0<a href=\"http:\/\/www.dravamedence.hu\/\">http:\/\/www.dravamedence.hu<\/a><br \/>\n\u00a0\u00a0\u00a0\u00a0\u00a0\u00a0\u00a0\u00a0\u00a0\u00a0\u00a0\u00a0\u00a0\u00a0\u00a0\u00a0\u00a0\u00a0\u00a0\u00a0\u00a0\u00a0\u00a0 <a href=\"http:\/\/www.ddnp.hu\/\">http:\/\/www.ddnp.hu\/<\/a><\/p>\n","protected":false},"excerpt":{"rendered":"<p>&nbsp; Gy\u00e9k\u00e9nyes is a village in Somogy county, which is famous for its mine lake. &nbsp; The secret of its success lies not just int he crystal clear water spreading 340 acres, and in its legendary springs, but also int &hellip; <a href=\"https:\/\/www.gyekenyes-szallasajanlo.hu\/en\/gyekenyes-2\/\">Continue reading <span class=\"meta-nav\">&rarr;<\/span><\/a><\/p>\n","protected":false},"author":18,"featured_media":0,"parent":0,"menu_order":29,"comment_status":"open","ping_status":"closed","template":"","meta":{"footnotes":""},"class_list":["post-333","page","type-page","status-publish","hentry"],"yoast_head":"<!-- This site is optimized with the Yoast SEO plugin v26.7 - https:\/\/yoast.com\/wordpress\/plugins\/seo\/ -->\n<title>Gy\u00e9k\u00e9nyes sz\u00e1ll\u00e1saj\u00e1n\u00f3 - sz\u00e1ll\u00e1sok a gy\u00e9k\u00e9nyesi t\u00f3 partj\u00e1n<\/title>\n<meta name=\"description\" content=\"Ezen a honlapon t\u00e1j\u00e9koz\u00f3dhatnak a gy\u00e9k\u00e9nyesi t\u00f3r\u00f3l illetve a v\u00edzparti sz\u00e1ll\u00e1s lehet\u0151s\u00e9geinkr\u0151l. Itt seg\u00edts\u00e9get tal\u00e1lnak a horg\u00e1szh\u00e1zak, nyaral\u00f3k kiv\u00e1laszt\u00e1s\u00e1ban.\" \/>\n<meta name=\"robots\" content=\"index, follow, max-snippet:-1, max-image-preview:large, max-video-preview:-1\" \/>\n<link rel=\"canonical\" href=\"https:\/\/www.gyekenyes-szallasajanlo.hu\/gyekenyes\/\" \/>\n<meta name=\"twitter:label1\" content=\"Est. reading time\" \/>\n\t<meta name=\"twitter:data1\" content=\"2 minutes\" \/>\n<script type=\"application\/ld+json\" class=\"yoast-schema-graph\">{\"@context\":\"https:\/\/schema.org\",\"@graph\":[{\"@type\":\"WebPage\",\"@id\":\"https:\/\/www.gyekenyes-szallasajanlo.hu\/gyekenyes\/\",\"url\":\"https:\/\/www.gyekenyes-szallasajanlo.hu\/gyekenyes\/\",\"name\":\"Gy\u00e9k\u00e9nyes sz\u00e1ll\u00e1saj\u00e1n\u00f3 - sz\u00e1ll\u00e1sok a gy\u00e9k\u00e9nyesi t\u00f3 partj\u00e1n\",\"isPartOf\":{\"@id\":\"https:\/\/www.gyekenyes-szallasajanlo.hu\/#website\"},\"datePublished\":\"2012-02-21T16:15:53+00:00\",\"dateModified\":\"2012-02-22T09:51:26+00:00\",\"description\":\"Ezen a honlapon t\u00e1j\u00e9koz\u00f3dhatnak a gy\u00e9k\u00e9nyesi t\u00f3r\u00f3l illetve a v\u00edzparti sz\u00e1ll\u00e1s lehet\u0151s\u00e9geinkr\u0151l. Itt seg\u00edts\u00e9get tal\u00e1lnak a horg\u00e1szh\u00e1zak, nyaral\u00f3k kiv\u00e1laszt\u00e1s\u00e1ban.\",\"breadcrumb\":{\"@id\":\"https:\/\/www.gyekenyes-szallasajanlo.hu\/gyekenyes\/#breadcrumb\"},\"inLanguage\":\"en-US\",\"potentialAction\":[{\"@type\":\"ReadAction\",\"target\":[\"https:\/\/www.gyekenyes-szallasajanlo.hu\/gyekenyes\/\"]}]},{\"@type\":\"BreadcrumbList\",\"@id\":\"https:\/\/www.gyekenyes-szallasajanlo.hu\/gyekenyes\/#breadcrumb\",\"itemListElement\":[{\"@type\":\"ListItem\",\"position\":1,\"name\":\"Kezd\u0151lap\",\"item\":\"https:\/\/www.gyekenyes-szallasajanlo.hu\/\"},{\"@type\":\"ListItem\",\"position\":2,\"name\":\"Gy\u00e9k\u00e9nyes\"}]},{\"@type\":\"WebSite\",\"@id\":\"https:\/\/www.gyekenyes-szallasajanlo.hu\/#website\",\"url\":\"https:\/\/www.gyekenyes-szallasajanlo.hu\/\",\"name\":\"Gy\u00e9k\u00e9nyes sz\u00e1ll\u00e1saj\u00e1n\u00f3\",\"description\":\"Gy\u00e9k\u00e9nyes sz\u00e1ll\u00e1saj\u00e1n\u00f3\",\"potentialAction\":[{\"@type\":\"SearchAction\",\"target\":{\"@type\":\"EntryPoint\",\"urlTemplate\":\"https:\/\/www.gyekenyes-szallasajanlo.hu\/?s={search_term_string}\"},\"query-input\":{\"@type\":\"PropertyValueSpecification\",\"valueRequired\":true,\"valueName\":\"search_term_string\"}}],\"inLanguage\":\"en-US\"}]}<\/script>\n<!-- \/ Yoast SEO plugin. -->","yoast_head_json":{"title":"Gy\u00e9k\u00e9nyes sz\u00e1ll\u00e1saj\u00e1n\u00f3 - sz\u00e1ll\u00e1sok a gy\u00e9k\u00e9nyesi t\u00f3 partj\u00e1n","description":"Ezen a honlapon t\u00e1j\u00e9koz\u00f3dhatnak a gy\u00e9k\u00e9nyesi t\u00f3r\u00f3l illetve a v\u00edzparti sz\u00e1ll\u00e1s lehet\u0151s\u00e9geinkr\u0151l. Itt seg\u00edts\u00e9get tal\u00e1lnak a horg\u00e1szh\u00e1zak, nyaral\u00f3k kiv\u00e1laszt\u00e1s\u00e1ban.","robots":{"index":"index","follow":"follow","max-snippet":"max-snippet:-1","max-image-preview":"max-image-preview:large","max-video-preview":"max-video-preview:-1"},"canonical":"https:\/\/www.gyekenyes-szallasajanlo.hu\/gyekenyes\/","twitter_misc":{"Est. reading time":"2 minutes"},"schema":{"@context":"https:\/\/schema.org","@graph":[{"@type":"WebPage","@id":"https:\/\/www.gyekenyes-szallasajanlo.hu\/gyekenyes\/","url":"https:\/\/www.gyekenyes-szallasajanlo.hu\/gyekenyes\/","name":"Gy\u00e9k\u00e9nyes sz\u00e1ll\u00e1saj\u00e1n\u00f3 - sz\u00e1ll\u00e1sok a gy\u00e9k\u00e9nyesi t\u00f3 partj\u00e1n","isPartOf":{"@id":"https:\/\/www.gyekenyes-szallasajanlo.hu\/#website"},"datePublished":"2012-02-21T16:15:53+00:00","dateModified":"2012-02-22T09:51:26+00:00","description":"Ezen a honlapon t\u00e1j\u00e9koz\u00f3dhatnak a gy\u00e9k\u00e9nyesi t\u00f3r\u00f3l illetve a v\u00edzparti sz\u00e1ll\u00e1s lehet\u0151s\u00e9geinkr\u0151l. Itt seg\u00edts\u00e9get tal\u00e1lnak a horg\u00e1szh\u00e1zak, nyaral\u00f3k kiv\u00e1laszt\u00e1s\u00e1ban.","breadcrumb":{"@id":"https:\/\/www.gyekenyes-szallasajanlo.hu\/gyekenyes\/#breadcrumb"},"inLanguage":"en-US","potentialAction":[{"@type":"ReadAction","target":["https:\/\/www.gyekenyes-szallasajanlo.hu\/gyekenyes\/"]}]},{"@type":"BreadcrumbList","@id":"https:\/\/www.gyekenyes-szallasajanlo.hu\/gyekenyes\/#breadcrumb","itemListElement":[{"@type":"ListItem","position":1,"name":"Kezd\u0151lap","item":"https:\/\/www.gyekenyes-szallasajanlo.hu\/"},{"@type":"ListItem","position":2,"name":"Gy\u00e9k\u00e9nyes"}]},{"@type":"WebSite","@id":"https:\/\/www.gyekenyes-szallasajanlo.hu\/#website","url":"https:\/\/www.gyekenyes-szallasajanlo.hu\/","name":"Gy\u00e9k\u00e9nyes sz\u00e1ll\u00e1saj\u00e1n\u00f3","description":"Gy\u00e9k\u00e9nyes sz\u00e1ll\u00e1saj\u00e1n\u00f3","potentialAction":[{"@type":"SearchAction","target":{"@type":"EntryPoint","urlTemplate":"https:\/\/www.gyekenyes-szallasajanlo.hu\/?s={search_term_string}"},"query-input":{"@type":"PropertyValueSpecification","valueRequired":true,"valueName":"search_term_string"}}],"inLanguage":"en-US"}]}},"_links":{"self":[{"href":"https:\/\/www.gyekenyes-szallasajanlo.hu\/en\/wp-json\/wp\/v2\/pages\/333","targetHints":{"allow":["GET"]}}],"collection":[{"href":"https:\/\/www.gyekenyes-szallasajanlo.hu\/en\/wp-json\/wp\/v2\/pages"}],"about":[{"href":"https:\/\/www.gyekenyes-szallasajanlo.hu\/en\/wp-json\/wp\/v2\/types\/page"}],"author":[{"embeddable":true,"href":"https:\/\/www.gyekenyes-szallasajanlo.hu\/en\/wp-json\/wp\/v2\/users\/18"}],"replies":[{"embeddable":true,"href":"https:\/\/www.gyekenyes-szallasajanlo.hu\/en\/wp-json\/wp\/v2\/comments?post=333"}],"version-history":[{"count":0,"href":"https:\/\/www.gyekenyes-szallasajanlo.hu\/en\/wp-json\/wp\/v2\/pages\/333\/revisions"}],"wp:attachment":[{"href":"https:\/\/www.gyekenyes-szallasajanlo.hu\/en\/wp-json\/wp\/v2\/media?parent=333"}],"curies":[{"name":"wp","href":"https:\/\/api.w.org\/{rel}","templated":true}]}}