{"id":305,"date":"2012-02-20T15:21:28","date_gmt":"2012-02-20T15:21:28","guid":{"rendered":"http:\/\/www.gyekenyes-szallasajanlo.hu\/?page_id=305"},"modified":"2024-06-01T17:20:24","modified_gmt":"2024-06-01T17:20:24","slug":"haus-nr-3","status":"publish","type":"page","link":"https:\/\/www.gyekenyes-szallasajanlo.hu\/de\/unser-angebot\/haus-nr-3\/","title":{"rendered":"Blue House"},"content":{"rendered":"<p>Die Grundlage vom Haus betr\u00e4gt 14&#215;5 m, es hat zwei Stockwerke. Im Erdgeschoss befindet sich das Badezimmer, die v\u00f6llig ausger\u00fcstete K\u00fcche ( K\u00fchlschrank, Tiefk\u00fchlteil, Mikro, Gasherd, Esszeug, Kaffeemaschine), ein Vorzimmer, wo es zwei Einzelbetten gibt, die sind\u00a0 bei Anglern beliebt, und eine offene Terrasse.<\/p>\n<p>Oben gibt es zwei Zimmer, zu jedem geh\u00f6rt je-je ein Balkon. In jedem Zimmer haben drei Personen Platz, in jedem Zimmer gibt es je-je ein franz\u00f6sisches Bett und ein Einzelbett.\u00a0 So haben insgesamt 8 Personen Platz. N\u00f6tigenfalls k\u00f6nnen 1-2 Ersatzbetten auch eingestellt werden. Falls eine gr\u00f6ssere Gruppe zusammen ankommen sollte, kann man das blaue und das orange Haus im Erdgeschoss ineinander \u00f6ffnen.<\/p>\n<p>Jedes Haus mit einem Sicherheitssystem und mit einer Sicherheitskamera ausger\u00fcstet. Ab dieses Jahr erwarten wir unsere G\u00e4ste in jedem Zimmer bzw. im Erdgeschoss mit Kabelfernseher, und mit Wifi, das auch im Hof gefangen werden kann.<\/p>\n<p>Zum Haus geh\u00f6rt ein grosser Hof, so kann man neben das Haus, in einen geschlossenen Hof parken. Dies erleichtert das Ein-und Auspacken, und ist auch aus Sicherheitsgr\u00fcnden vorteilhaft.<\/p>\n<p>Das Haus hat eine \u00e4ussere Isolierung, und einen Konvektor, also wir k\u00f6nnen Ihnen auch beim k\u00fchlen Wetter eine komfortable Erholung sichern.<\/p>\n<p>Im Hof befinden sich ein Gartenbank, gegen Regen gesch\u00fctzt, 2 Liegest\u00fchle, Kessel, Grillplatte, kleine Grill.<\/p>\n<p>Zum Haus geh\u00f6rt ein 8 m langer Steg, hier haben zwei Angler sicher Platz. Insgesamt 2+1 Angler. Zu jedem Haus geh\u00f6rt auch ein eigenes Boot.<\/p>\n<p>Die Wassertiefe andert sich zwischen 5-13 m. Die L\u00e4nge vom Abgelgebiet ann sogar 3-400 m sein, deshalb ist es empfehlenswert, einen Fischradar zu benutzen. Wir versuchten auch den G\u00e4sten Hilfe zu leisten, die \u00fcber keinen Fischradar verf\u00fcgen. Wir haben ein-zwei Futterbojen bei den Bruchlinien angelegt, so m\u00f6chten wir das erfolgreiche Angeln erm\u00f6glichen.<\/p>\n","protected":false},"excerpt":{"rendered":"<p>Die Grundlage vom Haus betr\u00e4gt 14&#215;5 m, es hat zwei Stockwerke. Im Erdgeschoss befindet sich das Badezimmer, die v\u00f6llig ausger\u00fcstete K\u00fcche ( K\u00fchlschrank, Tiefk\u00fchlteil, Mikro, Gasherd, Esszeug, Kaffeemaschine), ein Vorzimmer, wo es zwei Einzelbetten gibt, die sind\u00a0 bei Anglern beliebt, &hellip; <a href=\"https:\/\/www.gyekenyes-szallasajanlo.hu\/de\/unser-angebot\/haus-nr-3\/\">Continue reading <span class=\"meta-nav\">&rarr;<\/span><\/a><\/p>\n","protected":false},"author":18,"featured_media":60,"parent":218,"menu_order":16,"comment_status":"open","ping_status":"closed","template":"","meta":{"footnotes":""},"class_list":["post-305","page","type-page","status-publish","has-post-thumbnail","hentry"],"yoast_head":"<!-- This site is optimized with the Yoast SEO plugin v26.7 - https:\/\/yoast.com\/wordpress\/plugins\/seo\/ -->\n<title>Gy\u00e9k\u00e9nyes sz\u00e1ll\u00e1saj\u00e1n\u00f3 - sz\u00e1ll\u00e1sok a gy\u00e9k\u00e9nyesi t\u00f3 partj\u00e1n<\/title>\n<meta name=\"description\" content=\"Ezen a honlapon t\u00e1j\u00e9koz\u00f3dhatnak a gy\u00e9k\u00e9nyesi t\u00f3r\u00f3l illetve a v\u00edzparti sz\u00e1ll\u00e1s lehet\u0151s\u00e9geinkr\u0151l. Itt seg\u00edts\u00e9get tal\u00e1lnak a horg\u00e1szh\u00e1zak, nyaral\u00f3k kiv\u00e1laszt\u00e1s\u00e1ban.\" \/>\n<meta name=\"robots\" content=\"index, follow, max-snippet:-1, max-image-preview:large, max-video-preview:-1\" \/>\n<link rel=\"canonical\" href=\"https:\/\/www.gyekenyes-szallasajanlo.hu\/de\/unser-angebot\/haus-nr-3\/\" \/>\n<meta name=\"twitter:label1\" content=\"Gesch\u00e4tzte Lesezeit\" \/>\n\t<meta name=\"twitter:data1\" content=\"2\u00a0Minuten\" \/>\n<script type=\"application\/ld+json\" class=\"yoast-schema-graph\">{\"@context\":\"https:\/\/schema.org\",\"@graph\":[{\"@type\":\"WebPage\",\"@id\":\"https:\/\/www.gyekenyes-szallasajanlo.hu\/de\/unser-angebot\/haus-nr-3\/\",\"url\":\"https:\/\/www.gyekenyes-szallasajanlo.hu\/de\/unser-angebot\/haus-nr-3\/\",\"name\":\"Gy\u00e9k\u00e9nyes sz\u00e1ll\u00e1saj\u00e1n\u00f3 - sz\u00e1ll\u00e1sok a gy\u00e9k\u00e9nyesi t\u00f3 partj\u00e1n\",\"isPartOf\":{\"@id\":\"https:\/\/www.gyekenyes-szallasajanlo.hu\/#website\"},\"primaryImageOfPage\":{\"@id\":\"https:\/\/www.gyekenyes-szallasajanlo.hu\/de\/unser-angebot\/haus-nr-3\/#primaryimage\"},\"image\":{\"@id\":\"https:\/\/www.gyekenyes-szallasajanlo.hu\/de\/unser-angebot\/haus-nr-3\/#primaryimage\"},\"thumbnailUrl\":\"https:\/\/www.gyekenyes-szallasajanlo.hu\/files\/a03.jpg\",\"datePublished\":\"2012-02-20T15:21:28+00:00\",\"dateModified\":\"2024-06-01T17:20:24+00:00\",\"description\":\"Ezen a honlapon t\u00e1j\u00e9koz\u00f3dhatnak a gy\u00e9k\u00e9nyesi t\u00f3r\u00f3l illetve a v\u00edzparti sz\u00e1ll\u00e1s lehet\u0151s\u00e9geinkr\u0151l. Itt seg\u00edts\u00e9get tal\u00e1lnak a horg\u00e1szh\u00e1zak, nyaral\u00f3k kiv\u00e1laszt\u00e1s\u00e1ban.\",\"breadcrumb\":{\"@id\":\"https:\/\/www.gyekenyes-szallasajanlo.hu\/de\/unser-angebot\/haus-nr-3\/#breadcrumb\"},\"inLanguage\":\"de\",\"potentialAction\":[{\"@type\":\"ReadAction\",\"target\":[\"https:\/\/www.gyekenyes-szallasajanlo.hu\/de\/unser-angebot\/haus-nr-3\/\"]}]},{\"@type\":\"ImageObject\",\"inLanguage\":\"de\",\"@id\":\"https:\/\/www.gyekenyes-szallasajanlo.hu\/de\/unser-angebot\/haus-nr-3\/#primaryimage\",\"url\":\"https:\/\/www.gyekenyes-szallasajanlo.hu\/files\/a03.jpg\",\"contentUrl\":\"https:\/\/www.gyekenyes-szallasajanlo.hu\/files\/a03.jpg\",\"width\":338,\"height\":338},{\"@type\":\"BreadcrumbList\",\"@id\":\"https:\/\/www.gyekenyes-szallasajanlo.hu\/de\/unser-angebot\/haus-nr-3\/#breadcrumb\",\"itemListElement\":[{\"@type\":\"ListItem\",\"position\":1,\"name\":\"Kezd\u0151lap\",\"item\":\"https:\/\/www.gyekenyes-szallasajanlo.hu\/\"},{\"@type\":\"ListItem\",\"position\":2,\"name\":\"Unser Angebot\",\"item\":\"https:\/\/www.gyekenyes-szallasajanlo.hu\/ajanlatunk\/\"},{\"@type\":\"ListItem\",\"position\":3,\"name\":\"Blue House\"}]},{\"@type\":\"WebSite\",\"@id\":\"https:\/\/www.gyekenyes-szallasajanlo.hu\/#website\",\"url\":\"https:\/\/www.gyekenyes-szallasajanlo.hu\/\",\"name\":\"Gy\u00e9k\u00e9nyes sz\u00e1ll\u00e1saj\u00e1n\u00f3\",\"description\":\"Gy\u00e9k\u00e9nyes sz\u00e1ll\u00e1saj\u00e1n\u00f3\",\"potentialAction\":[{\"@type\":\"SearchAction\",\"target\":{\"@type\":\"EntryPoint\",\"urlTemplate\":\"https:\/\/www.gyekenyes-szallasajanlo.hu\/?s={search_term_string}\"},\"query-input\":{\"@type\":\"PropertyValueSpecification\",\"valueRequired\":true,\"valueName\":\"search_term_string\"}}],\"inLanguage\":\"de\"}]}<\/script>\n<!-- \/ Yoast SEO plugin. -->","yoast_head_json":{"title":"Gy\u00e9k\u00e9nyes sz\u00e1ll\u00e1saj\u00e1n\u00f3 - sz\u00e1ll\u00e1sok a gy\u00e9k\u00e9nyesi t\u00f3 partj\u00e1n","description":"Ezen a honlapon t\u00e1j\u00e9koz\u00f3dhatnak a gy\u00e9k\u00e9nyesi t\u00f3r\u00f3l illetve a v\u00edzparti sz\u00e1ll\u00e1s lehet\u0151s\u00e9geinkr\u0151l. Itt seg\u00edts\u00e9get tal\u00e1lnak a horg\u00e1szh\u00e1zak, nyaral\u00f3k kiv\u00e1laszt\u00e1s\u00e1ban.","robots":{"index":"index","follow":"follow","max-snippet":"max-snippet:-1","max-image-preview":"max-image-preview:large","max-video-preview":"max-video-preview:-1"},"canonical":"https:\/\/www.gyekenyes-szallasajanlo.hu\/de\/unser-angebot\/haus-nr-3\/","twitter_misc":{"Gesch\u00e4tzte Lesezeit":"2\u00a0Minuten"},"schema":{"@context":"https:\/\/schema.org","@graph":[{"@type":"WebPage","@id":"https:\/\/www.gyekenyes-szallasajanlo.hu\/de\/unser-angebot\/haus-nr-3\/","url":"https:\/\/www.gyekenyes-szallasajanlo.hu\/de\/unser-angebot\/haus-nr-3\/","name":"Gy\u00e9k\u00e9nyes sz\u00e1ll\u00e1saj\u00e1n\u00f3 - sz\u00e1ll\u00e1sok a gy\u00e9k\u00e9nyesi t\u00f3 partj\u00e1n","isPartOf":{"@id":"https:\/\/www.gyekenyes-szallasajanlo.hu\/#website"},"primaryImageOfPage":{"@id":"https:\/\/www.gyekenyes-szallasajanlo.hu\/de\/unser-angebot\/haus-nr-3\/#primaryimage"},"image":{"@id":"https:\/\/www.gyekenyes-szallasajanlo.hu\/de\/unser-angebot\/haus-nr-3\/#primaryimage"},"thumbnailUrl":"https:\/\/www.gyekenyes-szallasajanlo.hu\/files\/a03.jpg","datePublished":"2012-02-20T15:21:28+00:00","dateModified":"2024-06-01T17:20:24+00:00","description":"Ezen a honlapon t\u00e1j\u00e9koz\u00f3dhatnak a gy\u00e9k\u00e9nyesi t\u00f3r\u00f3l illetve a v\u00edzparti sz\u00e1ll\u00e1s lehet\u0151s\u00e9geinkr\u0151l. Itt seg\u00edts\u00e9get tal\u00e1lnak a horg\u00e1szh\u00e1zak, nyaral\u00f3k kiv\u00e1laszt\u00e1s\u00e1ban.","breadcrumb":{"@id":"https:\/\/www.gyekenyes-szallasajanlo.hu\/de\/unser-angebot\/haus-nr-3\/#breadcrumb"},"inLanguage":"de","potentialAction":[{"@type":"ReadAction","target":["https:\/\/www.gyekenyes-szallasajanlo.hu\/de\/unser-angebot\/haus-nr-3\/"]}]},{"@type":"ImageObject","inLanguage":"de","@id":"https:\/\/www.gyekenyes-szallasajanlo.hu\/de\/unser-angebot\/haus-nr-3\/#primaryimage","url":"https:\/\/www.gyekenyes-szallasajanlo.hu\/files\/a03.jpg","contentUrl":"https:\/\/www.gyekenyes-szallasajanlo.hu\/files\/a03.jpg","width":338,"height":338},{"@type":"BreadcrumbList","@id":"https:\/\/www.gyekenyes-szallasajanlo.hu\/de\/unser-angebot\/haus-nr-3\/#breadcrumb","itemListElement":[{"@type":"ListItem","position":1,"name":"Kezd\u0151lap","item":"https:\/\/www.gyekenyes-szallasajanlo.hu\/"},{"@type":"ListItem","position":2,"name":"Unser Angebot","item":"https:\/\/www.gyekenyes-szallasajanlo.hu\/ajanlatunk\/"},{"@type":"ListItem","position":3,"name":"Blue House"}]},{"@type":"WebSite","@id":"https:\/\/www.gyekenyes-szallasajanlo.hu\/#website","url":"https:\/\/www.gyekenyes-szallasajanlo.hu\/","name":"Gy\u00e9k\u00e9nyes sz\u00e1ll\u00e1saj\u00e1n\u00f3","description":"Gy\u00e9k\u00e9nyes sz\u00e1ll\u00e1saj\u00e1n\u00f3","potentialAction":[{"@type":"SearchAction","target":{"@type":"EntryPoint","urlTemplate":"https:\/\/www.gyekenyes-szallasajanlo.hu\/?s={search_term_string}"},"query-input":{"@type":"PropertyValueSpecification","valueRequired":true,"valueName":"search_term_string"}}],"inLanguage":"de"}]}},"_links":{"self":[{"href":"https:\/\/www.gyekenyes-szallasajanlo.hu\/de\/wp-json\/wp\/v2\/pages\/305","targetHints":{"allow":["GET"]}}],"collection":[{"href":"https:\/\/www.gyekenyes-szallasajanlo.hu\/de\/wp-json\/wp\/v2\/pages"}],"about":[{"href":"https:\/\/www.gyekenyes-szallasajanlo.hu\/de\/wp-json\/wp\/v2\/types\/page"}],"author":[{"embeddable":true,"href":"https:\/\/www.gyekenyes-szallasajanlo.hu\/de\/wp-json\/wp\/v2\/users\/18"}],"replies":[{"embeddable":true,"href":"https:\/\/www.gyekenyes-szallasajanlo.hu\/de\/wp-json\/wp\/v2\/comments?post=305"}],"version-history":[{"count":0,"href":"https:\/\/www.gyekenyes-szallasajanlo.hu\/de\/wp-json\/wp\/v2\/pages\/305\/revisions"}],"up":[{"embeddable":true,"href":"https:\/\/www.gyekenyes-szallasajanlo.hu\/de\/wp-json\/wp\/v2\/pages\/218"}],"wp:featuredmedia":[{"embeddable":true,"href":"https:\/\/www.gyekenyes-szallasajanlo.hu\/de\/wp-json\/wp\/v2\/media\/60"}],"wp:attachment":[{"href":"https:\/\/www.gyekenyes-szallasajanlo.hu\/de\/wp-json\/wp\/v2\/media?parent=305"}],"curies":[{"name":"wp","href":"https:\/\/api.w.org\/{rel}","templated":true}]}}