{"id":290,"date":"2012-02-20T15:02:55","date_gmt":"2012-02-20T15:02:55","guid":{"rendered":"http:\/\/www.gyekenyes-szallasajanlo.hu\/?page_id=290"},"modified":"2024-06-01T17:20:05","modified_gmt":"2024-06-01T17:20:05","slug":"haus-nr-1","status":"publish","type":"page","link":"https:\/\/www.gyekenyes-szallasajanlo.hu\/de\/unser-angebot\/haus-nr-1\/","title":{"rendered":"Roten Haus"},"content":{"rendered":"<p>Die Grundlage vom Haus betr\u00e4gt 14&#215;5 m, es hat zwei Stockwerke. Im Erdgeschoss befindet sich das Badezimmer, die v\u00f6llig ausger\u00fcstete K\u00fcche ( K\u00fchlschrank, Tiefk\u00fchlteil, Mikro, Gasherd, Esszeug, Kaffeemaschine), ein Vorzimmer, wo es zwei Einzelbetten gibt, die sind\u00a0 bei Anglern beliebt, und eine offene Terrasse.<\/p>\n<p>Oben gibt es zwei Zimmer, zu jedem geh\u00f6rt je-je ein Balkon. In jedem Zimmer haben drei Personen Platz, in jedem Zimmer gibt es je-je ein franz\u00f6sisches Bett und ein Einzelbett.\u00a0 So haben insgesamt 8 Personen Platz. N\u00f6tigenfalls k\u00f6nnen 1-2 Ersatzbetten auch eingestellt werden. Falls eine gr\u00f6ssere Gruppe zusammen ankommen sollte, kann man das blaue und das orange Haus, bzw. das gr\u00fcne und rote Haus im Erdgeschoss ineinander \u00f6ffnen.<\/p>\n<p>Jedes Haus mit einem Sicherheitssystem und mit einer Sicherheitskamera ausger\u00fcstet. Ab dieses Jahr erwarten wir unsere G\u00e4ste in jedem Zimmer bzw. im Erdgeschoss mit Kabelfernseher, und mit Wifi, das auch im Hof gefangen werden kann.<\/p>\n<p>Zum Haus geh\u00f6rt ein grosser Hof, so kann man neben das Haus, in einen geschlossenen Hof parken. Dies erleichtert das Ein-und Auspacken, und ist auch aus Sicherheitsgr\u00fcnden vorteilhaft.<\/p>\n<p>Das Haus hat eine \u00e4ussere Isolierung, und einen Konvektor, also wir k\u00f6nnen Ihnen auch beim k\u00fchlen Wetter eine komfortable Erholung sichern.<\/p>\n<p>Im Hof befinden sich ein Gartenbank, gegen Regen gesch\u00fctzt, 2 Liegest\u00fchle, Kessel, Grillplatte, kleine Grill.<\/p>\n<p>Zum Haus geh\u00f6rt ein 8 m langer Steg, hier haben zwei Angler sicher Platz.\u00a0 Die Wassertiefe liegt bei 5-21 m. F\u00fcr das Becken sind grosse Levelunterschiede charakteristisch. Ausgesprochen emfehlenswert ist das gebit mit einem Fischradar durchzusuchen. Im Interesse von einem sicheren Fang ist das F\u00fcttern, und wegen der grossen Distanz die Benutzung von einem Futterboot sind zu empfehlen. Zu jedem haus geh\u00f6rt auch ein eigenes Boot. Es ist ein Lieblingsort f\u00fcr Weller, Aitel, und Karpfen, die auf die Rekordliste kommen.<\/p>\n","protected":false},"excerpt":{"rendered":"<p>Die Grundlage vom Haus betr\u00e4gt 14&#215;5 m, es hat zwei Stockwerke. Im Erdgeschoss befindet sich das Badezimmer, die v\u00f6llig ausger\u00fcstete K\u00fcche ( K\u00fchlschrank, Tiefk\u00fchlteil, Mikro, Gasherd, Esszeug, Kaffeemaschine), ein Vorzimmer, wo es zwei Einzelbetten gibt, die sind\u00a0 bei Anglern beliebt, &hellip; <a href=\"https:\/\/www.gyekenyes-szallasajanlo.hu\/de\/unser-angebot\/haus-nr-1\/\">Continue reading <span class=\"meta-nav\">&rarr;<\/span><\/a><\/p>\n","protected":false},"author":18,"featured_media":58,"parent":218,"menu_order":20,"comment_status":"open","ping_status":"closed","template":"","meta":{"footnotes":""},"class_list":["post-290","page","type-page","status-publish","has-post-thumbnail","hentry"],"yoast_head":"<!-- This site is optimized with the Yoast SEO plugin v26.7 - https:\/\/yoast.com\/wordpress\/plugins\/seo\/ -->\n<title>Gy\u00e9k\u00e9nyes sz\u00e1ll\u00e1saj\u00e1n\u00f3 - sz\u00e1ll\u00e1sok a gy\u00e9k\u00e9nyesi t\u00f3 partj\u00e1n<\/title>\n<meta name=\"description\" content=\"Ezen a honlapon t\u00e1j\u00e9koz\u00f3dhatnak a gy\u00e9k\u00e9nyesi t\u00f3r\u00f3l illetve a v\u00edzparti sz\u00e1ll\u00e1s lehet\u0151s\u00e9geinkr\u0151l. Itt seg\u00edts\u00e9get tal\u00e1lnak a horg\u00e1szh\u00e1zak, nyaral\u00f3k kiv\u00e1laszt\u00e1s\u00e1ban.\" \/>\n<meta name=\"robots\" content=\"index, follow, max-snippet:-1, max-image-preview:large, max-video-preview:-1\" \/>\n<link rel=\"canonical\" href=\"https:\/\/www.gyekenyes-szallasajanlo.hu\/de\/unser-angebot\/haus-nr-1\/\" \/>\n<meta name=\"twitter:label1\" content=\"Gesch\u00e4tzte Lesezeit\" \/>\n\t<meta name=\"twitter:data1\" content=\"2\u00a0Minuten\" \/>\n<script type=\"application\/ld+json\" class=\"yoast-schema-graph\">{\"@context\":\"https:\/\/schema.org\",\"@graph\":[{\"@type\":\"WebPage\",\"@id\":\"https:\/\/www.gyekenyes-szallasajanlo.hu\/de\/unser-angebot\/haus-nr-1\/\",\"url\":\"https:\/\/www.gyekenyes-szallasajanlo.hu\/de\/unser-angebot\/haus-nr-1\/\",\"name\":\"Gy\u00e9k\u00e9nyes sz\u00e1ll\u00e1saj\u00e1n\u00f3 - sz\u00e1ll\u00e1sok a gy\u00e9k\u00e9nyesi t\u00f3 partj\u00e1n\",\"isPartOf\":{\"@id\":\"https:\/\/www.gyekenyes-szallasajanlo.hu\/#website\"},\"primaryImageOfPage\":{\"@id\":\"https:\/\/www.gyekenyes-szallasajanlo.hu\/de\/unser-angebot\/haus-nr-1\/#primaryimage\"},\"image\":{\"@id\":\"https:\/\/www.gyekenyes-szallasajanlo.hu\/de\/unser-angebot\/haus-nr-1\/#primaryimage\"},\"thumbnailUrl\":\"https:\/\/www.gyekenyes-szallasajanlo.hu\/files\/a01.jpg\",\"datePublished\":\"2012-02-20T15:02:55+00:00\",\"dateModified\":\"2024-06-01T17:20:05+00:00\",\"description\":\"Ezen a honlapon t\u00e1j\u00e9koz\u00f3dhatnak a gy\u00e9k\u00e9nyesi t\u00f3r\u00f3l illetve a v\u00edzparti sz\u00e1ll\u00e1s lehet\u0151s\u00e9geinkr\u0151l. Itt seg\u00edts\u00e9get tal\u00e1lnak a horg\u00e1szh\u00e1zak, nyaral\u00f3k kiv\u00e1laszt\u00e1s\u00e1ban.\",\"breadcrumb\":{\"@id\":\"https:\/\/www.gyekenyes-szallasajanlo.hu\/de\/unser-angebot\/haus-nr-1\/#breadcrumb\"},\"inLanguage\":\"de\",\"potentialAction\":[{\"@type\":\"ReadAction\",\"target\":[\"https:\/\/www.gyekenyes-szallasajanlo.hu\/de\/unser-angebot\/haus-nr-1\/\"]}]},{\"@type\":\"ImageObject\",\"inLanguage\":\"de\",\"@id\":\"https:\/\/www.gyekenyes-szallasajanlo.hu\/de\/unser-angebot\/haus-nr-1\/#primaryimage\",\"url\":\"https:\/\/www.gyekenyes-szallasajanlo.hu\/files\/a01.jpg\",\"contentUrl\":\"https:\/\/www.gyekenyes-szallasajanlo.hu\/files\/a01.jpg\",\"width\":323,\"height\":323},{\"@type\":\"BreadcrumbList\",\"@id\":\"https:\/\/www.gyekenyes-szallasajanlo.hu\/de\/unser-angebot\/haus-nr-1\/#breadcrumb\",\"itemListElement\":[{\"@type\":\"ListItem\",\"position\":1,\"name\":\"Kezd\u0151lap\",\"item\":\"https:\/\/www.gyekenyes-szallasajanlo.hu\/\"},{\"@type\":\"ListItem\",\"position\":2,\"name\":\"Unser Angebot\",\"item\":\"https:\/\/www.gyekenyes-szallasajanlo.hu\/ajanlatunk\/\"},{\"@type\":\"ListItem\",\"position\":3,\"name\":\"Roten Haus\"}]},{\"@type\":\"WebSite\",\"@id\":\"https:\/\/www.gyekenyes-szallasajanlo.hu\/#website\",\"url\":\"https:\/\/www.gyekenyes-szallasajanlo.hu\/\",\"name\":\"Gy\u00e9k\u00e9nyes sz\u00e1ll\u00e1saj\u00e1n\u00f3\",\"description\":\"Gy\u00e9k\u00e9nyes sz\u00e1ll\u00e1saj\u00e1n\u00f3\",\"potentialAction\":[{\"@type\":\"SearchAction\",\"target\":{\"@type\":\"EntryPoint\",\"urlTemplate\":\"https:\/\/www.gyekenyes-szallasajanlo.hu\/?s={search_term_string}\"},\"query-input\":{\"@type\":\"PropertyValueSpecification\",\"valueRequired\":true,\"valueName\":\"search_term_string\"}}],\"inLanguage\":\"de\"}]}<\/script>\n<!-- \/ Yoast SEO plugin. -->","yoast_head_json":{"title":"Gy\u00e9k\u00e9nyes sz\u00e1ll\u00e1saj\u00e1n\u00f3 - sz\u00e1ll\u00e1sok a gy\u00e9k\u00e9nyesi t\u00f3 partj\u00e1n","description":"Ezen a honlapon t\u00e1j\u00e9koz\u00f3dhatnak a gy\u00e9k\u00e9nyesi t\u00f3r\u00f3l illetve a v\u00edzparti sz\u00e1ll\u00e1s lehet\u0151s\u00e9geinkr\u0151l. Itt seg\u00edts\u00e9get tal\u00e1lnak a horg\u00e1szh\u00e1zak, nyaral\u00f3k kiv\u00e1laszt\u00e1s\u00e1ban.","robots":{"index":"index","follow":"follow","max-snippet":"max-snippet:-1","max-image-preview":"max-image-preview:large","max-video-preview":"max-video-preview:-1"},"canonical":"https:\/\/www.gyekenyes-szallasajanlo.hu\/de\/unser-angebot\/haus-nr-1\/","twitter_misc":{"Gesch\u00e4tzte Lesezeit":"2\u00a0Minuten"},"schema":{"@context":"https:\/\/schema.org","@graph":[{"@type":"WebPage","@id":"https:\/\/www.gyekenyes-szallasajanlo.hu\/de\/unser-angebot\/haus-nr-1\/","url":"https:\/\/www.gyekenyes-szallasajanlo.hu\/de\/unser-angebot\/haus-nr-1\/","name":"Gy\u00e9k\u00e9nyes sz\u00e1ll\u00e1saj\u00e1n\u00f3 - sz\u00e1ll\u00e1sok a gy\u00e9k\u00e9nyesi t\u00f3 partj\u00e1n","isPartOf":{"@id":"https:\/\/www.gyekenyes-szallasajanlo.hu\/#website"},"primaryImageOfPage":{"@id":"https:\/\/www.gyekenyes-szallasajanlo.hu\/de\/unser-angebot\/haus-nr-1\/#primaryimage"},"image":{"@id":"https:\/\/www.gyekenyes-szallasajanlo.hu\/de\/unser-angebot\/haus-nr-1\/#primaryimage"},"thumbnailUrl":"https:\/\/www.gyekenyes-szallasajanlo.hu\/files\/a01.jpg","datePublished":"2012-02-20T15:02:55+00:00","dateModified":"2024-06-01T17:20:05+00:00","description":"Ezen a honlapon t\u00e1j\u00e9koz\u00f3dhatnak a gy\u00e9k\u00e9nyesi t\u00f3r\u00f3l illetve a v\u00edzparti sz\u00e1ll\u00e1s lehet\u0151s\u00e9geinkr\u0151l. Itt seg\u00edts\u00e9get tal\u00e1lnak a horg\u00e1szh\u00e1zak, nyaral\u00f3k kiv\u00e1laszt\u00e1s\u00e1ban.","breadcrumb":{"@id":"https:\/\/www.gyekenyes-szallasajanlo.hu\/de\/unser-angebot\/haus-nr-1\/#breadcrumb"},"inLanguage":"de","potentialAction":[{"@type":"ReadAction","target":["https:\/\/www.gyekenyes-szallasajanlo.hu\/de\/unser-angebot\/haus-nr-1\/"]}]},{"@type":"ImageObject","inLanguage":"de","@id":"https:\/\/www.gyekenyes-szallasajanlo.hu\/de\/unser-angebot\/haus-nr-1\/#primaryimage","url":"https:\/\/www.gyekenyes-szallasajanlo.hu\/files\/a01.jpg","contentUrl":"https:\/\/www.gyekenyes-szallasajanlo.hu\/files\/a01.jpg","width":323,"height":323},{"@type":"BreadcrumbList","@id":"https:\/\/www.gyekenyes-szallasajanlo.hu\/de\/unser-angebot\/haus-nr-1\/#breadcrumb","itemListElement":[{"@type":"ListItem","position":1,"name":"Kezd\u0151lap","item":"https:\/\/www.gyekenyes-szallasajanlo.hu\/"},{"@type":"ListItem","position":2,"name":"Unser Angebot","item":"https:\/\/www.gyekenyes-szallasajanlo.hu\/ajanlatunk\/"},{"@type":"ListItem","position":3,"name":"Roten Haus"}]},{"@type":"WebSite","@id":"https:\/\/www.gyekenyes-szallasajanlo.hu\/#website","url":"https:\/\/www.gyekenyes-szallasajanlo.hu\/","name":"Gy\u00e9k\u00e9nyes sz\u00e1ll\u00e1saj\u00e1n\u00f3","description":"Gy\u00e9k\u00e9nyes sz\u00e1ll\u00e1saj\u00e1n\u00f3","potentialAction":[{"@type":"SearchAction","target":{"@type":"EntryPoint","urlTemplate":"https:\/\/www.gyekenyes-szallasajanlo.hu\/?s={search_term_string}"},"query-input":{"@type":"PropertyValueSpecification","valueRequired":true,"valueName":"search_term_string"}}],"inLanguage":"de"}]}},"_links":{"self":[{"href":"https:\/\/www.gyekenyes-szallasajanlo.hu\/de\/wp-json\/wp\/v2\/pages\/290","targetHints":{"allow":["GET"]}}],"collection":[{"href":"https:\/\/www.gyekenyes-szallasajanlo.hu\/de\/wp-json\/wp\/v2\/pages"}],"about":[{"href":"https:\/\/www.gyekenyes-szallasajanlo.hu\/de\/wp-json\/wp\/v2\/types\/page"}],"author":[{"embeddable":true,"href":"https:\/\/www.gyekenyes-szallasajanlo.hu\/de\/wp-json\/wp\/v2\/users\/18"}],"replies":[{"embeddable":true,"href":"https:\/\/www.gyekenyes-szallasajanlo.hu\/de\/wp-json\/wp\/v2\/comments?post=290"}],"version-history":[{"count":0,"href":"https:\/\/www.gyekenyes-szallasajanlo.hu\/de\/wp-json\/wp\/v2\/pages\/290\/revisions"}],"up":[{"embeddable":true,"href":"https:\/\/www.gyekenyes-szallasajanlo.hu\/de\/wp-json\/wp\/v2\/pages\/218"}],"wp:featuredmedia":[{"embeddable":true,"href":"https:\/\/www.gyekenyes-szallasajanlo.hu\/de\/wp-json\/wp\/v2\/media\/58"}],"wp:attachment":[{"href":"https:\/\/www.gyekenyes-szallasajanlo.hu\/de\/wp-json\/wp\/v2\/media?parent=290"}],"curies":[{"name":"wp","href":"https:\/\/api.w.org\/{rel}","templated":true}]}}