{"id":259,"date":"2012-02-18T10:09:46","date_gmt":"2012-02-18T10:09:46","guid":{"rendered":"http:\/\/www.gyekenyes-szallasajanlo.hu\/?page_id=259"},"modified":"2019-09-13T09:06:11","modified_gmt":"2019-09-13T09:06:11","slug":"haus-nr-50","status":"publish","type":"page","link":"https:\/\/www.gyekenyes-szallasajanlo.hu\/de\/unser-angebot\/haus-nr-50\/","title":{"rendered":"Haus Nr. 50."},"content":{"rendered":"<p>Der Grundpreis vom Haus ist 10.000 Ft.<\/p>\n<p>Es hat zwei Stockwerke, im Erdgeschoss ist das Badezimmer, eine amerikanische K\u00fcche, v\u00f6llig ausger\u00fcstet (K\u00fchlschrank, Tiefk\u00fchlteil, Mikro, Gasherd, Esszeug, Kaffeemaschine), und das Vorzimmer mit eine<a href=\"http:\/\/www.gyekenyes-szallasajanlo.hu\/files\/h2.jpg\"><img loading=\"lazy\" decoding=\"async\" class=\"size-thumbnail wp-image-53 alignright\" src=\"http:\/\/www.gyekenyes-szallasajanlo.hu\/files\/h2-150x150.jpg\" alt=\"\" width=\"150\" height=\"150\" srcset=\"https:\/\/www.gyekenyes-szallasajanlo.hu\/files\/h2-150x150.jpg 150w, https:\/\/www.gyekenyes-szallasajanlo.hu\/files\/h2-202x202.jpg 202w, https:\/\/www.gyekenyes-szallasajanlo.hu\/files\/h2-240x240.jpg 240w\" sizes=\"auto, (max-width: 150px) 100vw, 150px\" \/><\/a>m Sofa.<br \/>\nDies benutzen haupts\u00e4chlich Angler.<br \/>\nOben gibt es drei Zimmer, das grosse Zimmer sieht auf den See, mit einem grossen, s\u00fcdlich gelegenen Balkon. Hier befindet sich ein franz\u00f6sisches Bett und ein Einzelbett. Im anderen Zimmer gibt es ein Doppelbett, im kleinen Zimmer ein Einzelbett. So haben max. 8 Personen Platz. Es gibt einen Fernseher im Wohnzimmer bzw. im Zimmer, das auf den See geht.<\/p>\n<p>Vom Nachbarn ist der Hof durch eine Hecke separiert, also das Haustier braucht sehr beobachtet zu werden.<\/p>\n<p>Also bitte nehmen Sie es beim W\u00e4hlen auch in Acht.<\/p>\n<p>Der Hof ist auf einem von Wind gesch\u00fctztem Gebiet. Es ist s\u00fcdlich gelegen, also wir empfehlen es ausgesprochen f\u00fcr G\u00e4ste, die sich sonnen und erholen m\u00f6chten. \u00a0Zu ihrer Erholung versichern wir 2 Liegest\u00fchle, Gartenbank, Grillm\u00f6glichkeit, (Grill, Kessel, Grillplatte ).<\/p>\n<p><strong><span style=\"text-decoration: underline;\">F\u00fcr Angler:<\/span><\/strong><\/p>\n<p>Dieses Haus befindet sich auf zwei Grunst\u00fccken, also 3-4 Angler haben sicher Platz. das Wassertiefe ist zwischen 6-10 m. Zwei grosse Stege und ein Boot geh\u00f6ren auch zum Haus, der eine ist nah dem Wasserspiegel. Es gibt zwei Bojen vor dem Haus, die eine ist im seichten Wasser, die andere im Tieferen.\u00a0 Es ist empfehlenswert Futter mitzubringen, im Interesse von einem sicheren Fang, das kann man sowohl mit Boot oder mit Futterboot einf\u00fchren.<\/p>\n<p>Auf dem Steg gibt es einen Halter f\u00fcr die Rute, Beleuchtung und einen Reflektor.\u00a0 So m\u00f6chten wir das Angeln auch bei der Nacht versichern.<\/p>\n<p><a href=\"http:\/\/www.gyekenyes-szallasajanlo.hu\/files\/P1040291.jpg\"><br \/>\n<img loading=\"lazy\" decoding=\"async\" class=\"alignnone size-thumbnail wp-image-87\" src=\"http:\/\/www.gyekenyes-szallasajanlo.hu\/files\/P1040291-150x150.jpg\" alt=\"\" width=\"150\" height=\"150\" srcset=\"https:\/\/www.gyekenyes-szallasajanlo.hu\/files\/P1040291-150x150.jpg 150w, https:\/\/www.gyekenyes-szallasajanlo.hu\/files\/P1040291-202x202.jpg 202w, https:\/\/www.gyekenyes-szallasajanlo.hu\/files\/P1040291-240x240.jpg 240w\" sizes=\"auto, (max-width: 150px) 100vw, 150px\" \/><\/a>\u00a0<a href=\"http:\/\/www.gyekenyes-szallasajanlo.hu\/files\/P1040395.jpg\"><img loading=\"lazy\" decoding=\"async\" class=\"alignnone size-thumbnail wp-image-88\" src=\"http:\/\/www.gyekenyes-szallasajanlo.hu\/files\/P1040395-150x150.jpg\" alt=\"\" width=\"150\" height=\"150\" srcset=\"https:\/\/www.gyekenyes-szallasajanlo.hu\/files\/P1040395-150x150.jpg 150w, https:\/\/www.gyekenyes-szallasajanlo.hu\/files\/P1040395-202x202.jpg 202w, https:\/\/www.gyekenyes-szallasajanlo.hu\/files\/P1040395-240x240.jpg 240w\" sizes=\"auto, (max-width: 150px) 100vw, 150px\" \/><\/a>\u00a0<a href=\"http:\/\/www.gyekenyes-szallasajanlo.hu\/files\/P1040165.jpg\"><img loading=\"lazy\" decoding=\"async\" class=\"alignnone size-thumbnail wp-image-89\" src=\"http:\/\/www.gyekenyes-szallasajanlo.hu\/files\/P1040165-150x150.jpg\" alt=\"\" width=\"150\" height=\"150\" srcset=\"https:\/\/www.gyekenyes-szallasajanlo.hu\/files\/P1040165-150x150.jpg 150w, https:\/\/www.gyekenyes-szallasajanlo.hu\/files\/P1040165-202x202.jpg 202w, https:\/\/www.gyekenyes-szallasajanlo.hu\/files\/P1040165-240x240.jpg 240w\" sizes=\"auto, (max-width: 150px) 100vw, 150px\" \/><\/a>\u00a0<a href=\"http:\/\/www.gyekenyes-szallasajanlo.hu\/files\/P1040385.jpg\"><img loading=\"lazy\" decoding=\"async\" class=\"alignnone size-thumbnail wp-image-90\" src=\"http:\/\/www.gyekenyes-szallasajanlo.hu\/files\/P1040385-150x150.jpg\" alt=\"\" width=\"150\" height=\"150\" srcset=\"https:\/\/www.gyekenyes-szallasajanlo.hu\/files\/P1040385-150x150.jpg 150w, https:\/\/www.gyekenyes-szallasajanlo.hu\/files\/P1040385-202x202.jpg 202w, https:\/\/www.gyekenyes-szallasajanlo.hu\/files\/P1040385-240x240.jpg 240w\" sizes=\"auto, (max-width: 150px) 100vw, 150px\" \/><\/a>\u00a0<a href=\"http:\/\/www.gyekenyes-szallasajanlo.hu\/files\/r\u00f3zsasz\u00edn.jpg\"><img loading=\"lazy\" decoding=\"async\" class=\"alignnone size-thumbnail wp-image-91\" src=\"http:\/\/www.gyekenyes-szallasajanlo.hu\/files\/r\u00f3zsasz\u00edn-150x150.jpg\" alt=\"\" width=\"150\" height=\"150\" srcset=\"https:\/\/www.gyekenyes-szallasajanlo.hu\/files\/r\u00f3zsasz\u00edn-150x150.jpg 150w, https:\/\/www.gyekenyes-szallasajanlo.hu\/files\/r\u00f3zsasz\u00edn-202x202.jpg 202w, https:\/\/www.gyekenyes-szallasajanlo.hu\/files\/r\u00f3zsasz\u00edn-240x240.jpg 240w\" sizes=\"auto, (max-width: 150px) 100vw, 150px\" \/><\/a>\u00a0<a href=\"http:\/\/www.gyekenyes-szallasajanlo.hu\/files\/P1020786.jpg\"><img loading=\"lazy\" decoding=\"async\" class=\"alignnone size-thumbnail wp-image-92\" src=\"http:\/\/www.gyekenyes-szallasajanlo.hu\/files\/P1020786-150x150.jpg\" alt=\"\" width=\"150\" height=\"150\" srcset=\"https:\/\/www.gyekenyes-szallasajanlo.hu\/files\/P1020786-150x150.jpg 150w, https:\/\/www.gyekenyes-szallasajanlo.hu\/files\/P1020786-202x202.jpg 202w, https:\/\/www.gyekenyes-szallasajanlo.hu\/files\/P1020786-240x240.jpg 240w\" sizes=\"auto, (max-width: 150px) 100vw, 150px\" \/><\/a>\u00a0<a href=\"http:\/\/www.gyekenyes-szallasajanlo.hu\/files\/P1040358.jpg\"><img loading=\"lazy\" decoding=\"async\" class=\"alignnone size-thumbnail wp-image-93\" src=\"http:\/\/www.gyekenyes-szallasajanlo.hu\/files\/P1040358-150x150.jpg\" alt=\"\" width=\"150\" height=\"150\" srcset=\"https:\/\/www.gyekenyes-szallasajanlo.hu\/files\/P1040358-150x150.jpg 150w, https:\/\/www.gyekenyes-szallasajanlo.hu\/files\/P1040358-202x202.jpg 202w, https:\/\/www.gyekenyes-szallasajanlo.hu\/files\/P1040358-240x240.jpg 240w\" sizes=\"auto, (max-width: 150px) 100vw, 150px\" \/><\/a>\u00a0<a href=\"http:\/\/www.gyekenyes-szallasajanlo.hu\/files\/P1040371.jpg\"><img loading=\"lazy\" decoding=\"async\" class=\"alignnone size-thumbnail wp-image-94\" src=\"http:\/\/www.gyekenyes-szallasajanlo.hu\/files\/P1040371-150x150.jpg\" alt=\"\" width=\"150\" height=\"150\" srcset=\"https:\/\/www.gyekenyes-szallasajanlo.hu\/files\/P1040371-150x150.jpg 150w, https:\/\/www.gyekenyes-szallasajanlo.hu\/files\/P1040371-202x202.jpg 202w, https:\/\/www.gyekenyes-szallasajanlo.hu\/files\/P1040371-240x240.jpg 240w\" sizes=\"auto, (max-width: 150px) 100vw, 150px\" \/><\/a><\/p>\n","protected":false},"excerpt":{"rendered":"<p>Der Grundpreis vom Haus ist 10.000 Ft. Es hat zwei Stockwerke, im Erdgeschoss ist das Badezimmer, eine amerikanische K\u00fcche, v\u00f6llig ausger\u00fcstet (K\u00fchlschrank, Tiefk\u00fchlteil, Mikro, Gasherd, Esszeug, Kaffeemaschine), und das Vorzimmer mit einem Sofa. Dies benutzen haupts\u00e4chlich Angler. Oben gibt es &hellip; <a href=\"https:\/\/www.gyekenyes-szallasajanlo.hu\/de\/unser-angebot\/haus-nr-50\/\">Continue reading <span class=\"meta-nav\">&rarr;<\/span><\/a><\/p>\n","protected":false},"author":18,"featured_media":53,"parent":218,"menu_order":25,"comment_status":"open","ping_status":"closed","template":"","meta":{"footnotes":""},"class_list":["post-259","page","type-page","status-publish","has-post-thumbnail","hentry"],"yoast_head":"<!-- This site is optimized with the Yoast SEO plugin v26.7 - https:\/\/yoast.com\/wordpress\/plugins\/seo\/ -->\n<title>Gy\u00e9k\u00e9nyes sz\u00e1ll\u00e1saj\u00e1n\u00f3 - sz\u00e1ll\u00e1sok a gy\u00e9k\u00e9nyesi t\u00f3 partj\u00e1n<\/title>\n<meta name=\"description\" content=\"Ezen a honlapon t\u00e1j\u00e9koz\u00f3dhatnak a gy\u00e9k\u00e9nyesi t\u00f3r\u00f3l illetve a v\u00edzparti sz\u00e1ll\u00e1s lehet\u0151s\u00e9geinkr\u0151l. Itt seg\u00edts\u00e9get tal\u00e1lnak a horg\u00e1szh\u00e1zak, nyaral\u00f3k kiv\u00e1laszt\u00e1s\u00e1ban.\" \/>\n<meta name=\"robots\" content=\"index, follow, max-snippet:-1, max-image-preview:large, max-video-preview:-1\" \/>\n<link rel=\"canonical\" href=\"https:\/\/www.gyekenyes-szallasajanlo.hu\/ajanlatunk\/50-es-haz\/\" \/>\n<meta name=\"twitter:label1\" content=\"Gesch\u00e4tzte Lesezeit\" \/>\n\t<meta name=\"twitter:data1\" content=\"1\u00a0Minute\" \/>\n<script type=\"application\/ld+json\" class=\"yoast-schema-graph\">{\"@context\":\"https:\/\/schema.org\",\"@graph\":[{\"@type\":\"WebPage\",\"@id\":\"https:\/\/www.gyekenyes-szallasajanlo.hu\/ajanlatunk\/50-es-haz\/\",\"url\":\"https:\/\/www.gyekenyes-szallasajanlo.hu\/ajanlatunk\/50-es-haz\/\",\"name\":\"Gy\u00e9k\u00e9nyes sz\u00e1ll\u00e1saj\u00e1n\u00f3 - sz\u00e1ll\u00e1sok a gy\u00e9k\u00e9nyesi t\u00f3 partj\u00e1n\",\"isPartOf\":{\"@id\":\"https:\/\/www.gyekenyes-szallasajanlo.hu\/#website\"},\"primaryImageOfPage\":{\"@id\":\"https:\/\/www.gyekenyes-szallasajanlo.hu\/ajanlatunk\/50-es-haz\/#primaryimage\"},\"image\":{\"@id\":\"https:\/\/www.gyekenyes-szallasajanlo.hu\/ajanlatunk\/50-es-haz\/#primaryimage\"},\"thumbnailUrl\":\"https:\/\/www.gyekenyes-szallasajanlo.hu\/files\/h2.jpg\",\"datePublished\":\"2012-02-18T10:09:46+00:00\",\"dateModified\":\"2019-09-13T09:06:11+00:00\",\"description\":\"Ezen a honlapon t\u00e1j\u00e9koz\u00f3dhatnak a gy\u00e9k\u00e9nyesi t\u00f3r\u00f3l illetve a v\u00edzparti sz\u00e1ll\u00e1s lehet\u0151s\u00e9geinkr\u0151l. Itt seg\u00edts\u00e9get tal\u00e1lnak a horg\u00e1szh\u00e1zak, nyaral\u00f3k kiv\u00e1laszt\u00e1s\u00e1ban.\",\"breadcrumb\":{\"@id\":\"https:\/\/www.gyekenyes-szallasajanlo.hu\/ajanlatunk\/50-es-haz\/#breadcrumb\"},\"inLanguage\":\"de\",\"potentialAction\":[{\"@type\":\"ReadAction\",\"target\":[\"https:\/\/www.gyekenyes-szallasajanlo.hu\/ajanlatunk\/50-es-haz\/\"]}]},{\"@type\":\"ImageObject\",\"inLanguage\":\"de\",\"@id\":\"https:\/\/www.gyekenyes-szallasajanlo.hu\/ajanlatunk\/50-es-haz\/#primaryimage\",\"url\":\"https:\/\/www.gyekenyes-szallasajanlo.hu\/files\/h2.jpg\",\"contentUrl\":\"https:\/\/www.gyekenyes-szallasajanlo.hu\/files\/h2.jpg\",\"width\":295,\"height\":241},{\"@type\":\"BreadcrumbList\",\"@id\":\"https:\/\/www.gyekenyes-szallasajanlo.hu\/ajanlatunk\/50-es-haz\/#breadcrumb\",\"itemListElement\":[{\"@type\":\"ListItem\",\"position\":1,\"name\":\"Kezd\u0151lap\",\"item\":\"https:\/\/www.gyekenyes-szallasajanlo.hu\/\"},{\"@type\":\"ListItem\",\"position\":2,\"name\":\"Unser Angebot\",\"item\":\"https:\/\/www.gyekenyes-szallasajanlo.hu\/ajanlatunk\/\"},{\"@type\":\"ListItem\",\"position\":3,\"name\":\"Haus Nr. 50.\"}]},{\"@type\":\"WebSite\",\"@id\":\"https:\/\/www.gyekenyes-szallasajanlo.hu\/#website\",\"url\":\"https:\/\/www.gyekenyes-szallasajanlo.hu\/\",\"name\":\"Gy\u00e9k\u00e9nyes sz\u00e1ll\u00e1saj\u00e1n\u00f3\",\"description\":\"Gy\u00e9k\u00e9nyes sz\u00e1ll\u00e1saj\u00e1n\u00f3\",\"potentialAction\":[{\"@type\":\"SearchAction\",\"target\":{\"@type\":\"EntryPoint\",\"urlTemplate\":\"https:\/\/www.gyekenyes-szallasajanlo.hu\/?s={search_term_string}\"},\"query-input\":{\"@type\":\"PropertyValueSpecification\",\"valueRequired\":true,\"valueName\":\"search_term_string\"}}],\"inLanguage\":\"de\"}]}<\/script>\n<!-- \/ Yoast SEO plugin. -->","yoast_head_json":{"title":"Gy\u00e9k\u00e9nyes sz\u00e1ll\u00e1saj\u00e1n\u00f3 - sz\u00e1ll\u00e1sok a gy\u00e9k\u00e9nyesi t\u00f3 partj\u00e1n","description":"Ezen a honlapon t\u00e1j\u00e9koz\u00f3dhatnak a gy\u00e9k\u00e9nyesi t\u00f3r\u00f3l illetve a v\u00edzparti sz\u00e1ll\u00e1s lehet\u0151s\u00e9geinkr\u0151l. Itt seg\u00edts\u00e9get tal\u00e1lnak a horg\u00e1szh\u00e1zak, nyaral\u00f3k kiv\u00e1laszt\u00e1s\u00e1ban.","robots":{"index":"index","follow":"follow","max-snippet":"max-snippet:-1","max-image-preview":"max-image-preview:large","max-video-preview":"max-video-preview:-1"},"canonical":"https:\/\/www.gyekenyes-szallasajanlo.hu\/ajanlatunk\/50-es-haz\/","twitter_misc":{"Gesch\u00e4tzte Lesezeit":"1\u00a0Minute"},"schema":{"@context":"https:\/\/schema.org","@graph":[{"@type":"WebPage","@id":"https:\/\/www.gyekenyes-szallasajanlo.hu\/ajanlatunk\/50-es-haz\/","url":"https:\/\/www.gyekenyes-szallasajanlo.hu\/ajanlatunk\/50-es-haz\/","name":"Gy\u00e9k\u00e9nyes sz\u00e1ll\u00e1saj\u00e1n\u00f3 - sz\u00e1ll\u00e1sok a gy\u00e9k\u00e9nyesi t\u00f3 partj\u00e1n","isPartOf":{"@id":"https:\/\/www.gyekenyes-szallasajanlo.hu\/#website"},"primaryImageOfPage":{"@id":"https:\/\/www.gyekenyes-szallasajanlo.hu\/ajanlatunk\/50-es-haz\/#primaryimage"},"image":{"@id":"https:\/\/www.gyekenyes-szallasajanlo.hu\/ajanlatunk\/50-es-haz\/#primaryimage"},"thumbnailUrl":"https:\/\/www.gyekenyes-szallasajanlo.hu\/files\/h2.jpg","datePublished":"2012-02-18T10:09:46+00:00","dateModified":"2019-09-13T09:06:11+00:00","description":"Ezen a honlapon t\u00e1j\u00e9koz\u00f3dhatnak a gy\u00e9k\u00e9nyesi t\u00f3r\u00f3l illetve a v\u00edzparti sz\u00e1ll\u00e1s lehet\u0151s\u00e9geinkr\u0151l. Itt seg\u00edts\u00e9get tal\u00e1lnak a horg\u00e1szh\u00e1zak, nyaral\u00f3k kiv\u00e1laszt\u00e1s\u00e1ban.","breadcrumb":{"@id":"https:\/\/www.gyekenyes-szallasajanlo.hu\/ajanlatunk\/50-es-haz\/#breadcrumb"},"inLanguage":"de","potentialAction":[{"@type":"ReadAction","target":["https:\/\/www.gyekenyes-szallasajanlo.hu\/ajanlatunk\/50-es-haz\/"]}]},{"@type":"ImageObject","inLanguage":"de","@id":"https:\/\/www.gyekenyes-szallasajanlo.hu\/ajanlatunk\/50-es-haz\/#primaryimage","url":"https:\/\/www.gyekenyes-szallasajanlo.hu\/files\/h2.jpg","contentUrl":"https:\/\/www.gyekenyes-szallasajanlo.hu\/files\/h2.jpg","width":295,"height":241},{"@type":"BreadcrumbList","@id":"https:\/\/www.gyekenyes-szallasajanlo.hu\/ajanlatunk\/50-es-haz\/#breadcrumb","itemListElement":[{"@type":"ListItem","position":1,"name":"Kezd\u0151lap","item":"https:\/\/www.gyekenyes-szallasajanlo.hu\/"},{"@type":"ListItem","position":2,"name":"Unser Angebot","item":"https:\/\/www.gyekenyes-szallasajanlo.hu\/ajanlatunk\/"},{"@type":"ListItem","position":3,"name":"Haus Nr. 50."}]},{"@type":"WebSite","@id":"https:\/\/www.gyekenyes-szallasajanlo.hu\/#website","url":"https:\/\/www.gyekenyes-szallasajanlo.hu\/","name":"Gy\u00e9k\u00e9nyes sz\u00e1ll\u00e1saj\u00e1n\u00f3","description":"Gy\u00e9k\u00e9nyes sz\u00e1ll\u00e1saj\u00e1n\u00f3","potentialAction":[{"@type":"SearchAction","target":{"@type":"EntryPoint","urlTemplate":"https:\/\/www.gyekenyes-szallasajanlo.hu\/?s={search_term_string}"},"query-input":{"@type":"PropertyValueSpecification","valueRequired":true,"valueName":"search_term_string"}}],"inLanguage":"de"}]}},"_links":{"self":[{"href":"https:\/\/www.gyekenyes-szallasajanlo.hu\/de\/wp-json\/wp\/v2\/pages\/259","targetHints":{"allow":["GET"]}}],"collection":[{"href":"https:\/\/www.gyekenyes-szallasajanlo.hu\/de\/wp-json\/wp\/v2\/pages"}],"about":[{"href":"https:\/\/www.gyekenyes-szallasajanlo.hu\/de\/wp-json\/wp\/v2\/types\/page"}],"author":[{"embeddable":true,"href":"https:\/\/www.gyekenyes-szallasajanlo.hu\/de\/wp-json\/wp\/v2\/users\/18"}],"replies":[{"embeddable":true,"href":"https:\/\/www.gyekenyes-szallasajanlo.hu\/de\/wp-json\/wp\/v2\/comments?post=259"}],"version-history":[{"count":0,"href":"https:\/\/www.gyekenyes-szallasajanlo.hu\/de\/wp-json\/wp\/v2\/pages\/259\/revisions"}],"up":[{"embeddable":true,"href":"https:\/\/www.gyekenyes-szallasajanlo.hu\/de\/wp-json\/wp\/v2\/pages\/218"}],"wp:featuredmedia":[{"embeddable":true,"href":"https:\/\/www.gyekenyes-szallasajanlo.hu\/de\/wp-json\/wp\/v2\/media\/53"}],"wp:attachment":[{"href":"https:\/\/www.gyekenyes-szallasajanlo.hu\/de\/wp-json\/wp\/v2\/media?parent=259"}],"curies":[{"name":"wp","href":"https:\/\/api.w.org\/{rel}","templated":true}]}}